{"id":16152,"date":"2025-06-20T19:06:07","date_gmt":"2025-06-20T23:06:07","guid":{"rendered":"http:\/\/www.multicasa.com.br\/cuiaba\/?post_type=product&#038;p=16152"},"modified":"2025-12-16T18:22:32","modified_gmt":"2025-12-16T22:22:32","slug":"ferro-de-passar-a-seco-black-decker-127v","status":"publish","type":"product","link":"https:\/\/www.multicasa.com.br\/cuiaba\/produto\/ferro-de-passar-a-seco-black-decker-127v\/","title":{"rendered":"Ferro de Passar a Seco Black + Decker 127V<br>SKU: 1023217"},"content":{"rendered":"<p>Ferro de Passar com pot\u00eancia de 1100w e voltagem 127v. Com design tradicional e cabo anat\u00f4mico com giro de 360\u00b0, passa a seco permitindo selecionar a temperatura ideal para cada tipo de tecido. Com poupa-bot\u00f5es em toda a lateral, o Ferro de Passar a Seco Black + Decker tem sua base em alum\u00ednio polido. Leve mais cuidado e delicadeza para a sua casa.<\/p>\n","protected":false},"excerpt":{"rendered":"<h4 style=\"margin: 0px;padding: 0px 0px 16px;font-family: Lato, sans-serif;font-weight: bold;line-height: 3rem;color: var(--dark-grey3);font-size: 22px;font-style: normal;letter-spacing: normal;text-align: start;text-indent: 0px;text-transform: none\">Informa\u00e7\u00f5es t\u00e9cnicas<\/h4>\n<p><span style=\"margin: 0px;padding: 0px;font-weight: 450;font-size: 14px;line-height: 21px;color: var(--dark-grey2);font-family: Lato, sans-serif;font-style: normal;letter-spacing: normal;text-align: start;text-indent: 0px;text-transform: none\">Produto: Ferro de Passar<br \/>\nMarca: Black + Decker<br \/>\nModelo: VFA1110TM2<br \/>\nMaterial: Alum\u00ednio Polido<br \/>\nCor: Preto e prata<br \/>\nPot\u00eancia: 1100w<br \/>\nTens\u00e3o el\u00e9trica: 127v<br \/>\nCaracter\u00edsticas: poupa-bot\u00f5es em toda a lateral do produto<br \/>\nItens Inclusos: 1 ferro de passar<br \/>\nDimens\u00f5es do produto (A x L): 22 x 10cm<br \/>\nGarantia: 2 anos de garantia pelo fabricante<br \/>\nOCP: 0040<br \/>\n<\/span><\/p>\n","protected":false},"featured_media":16201,"template":"","meta":{"_joinchat":[]},"product_brand":[],"product_cat":[95],"product_tag":[],"class_list":{"0":"post-16152","1":"product","2":"type-product","3":"status-publish","4":"has-post-thumbnail","6":"product_cat-lavanderia","8":"first","9":"instock","10":"shipping-taxable","11":"purchasable","12":"product-type-simple"},"_links":{"self":[{"href":"https:\/\/www.multicasa.com.br\/cuiaba\/wp-json\/wp\/v2\/product\/16152","targetHints":{"allow":["GET"]}}],"collection":[{"href":"https:\/\/www.multicasa.com.br\/cuiaba\/wp-json\/wp\/v2\/product"}],"about":[{"href":"https:\/\/www.multicasa.com.br\/cuiaba\/wp-json\/wp\/v2\/types\/product"}],"wp:featuredmedia":[{"embeddable":true,"href":"https:\/\/www.multicasa.com.br\/cuiaba\/wp-json\/wp\/v2\/media\/16201"}],"wp:attachment":[{"href":"https:\/\/www.multicasa.com.br\/cuiaba\/wp-json\/wp\/v2\/media?parent=16152"}],"wp:term":[{"taxonomy":"product_brand","embeddable":true,"href":"https:\/\/www.multicasa.com.br\/cuiaba\/wp-json\/wp\/v2\/product_brand?post=16152"},{"taxonomy":"product_cat","embeddable":true,"href":"https:\/\/www.multicasa.com.br\/cuiaba\/wp-json\/wp\/v2\/product_cat?post=16152"},{"taxonomy":"product_tag","embeddable":true,"href":"https:\/\/www.multicasa.com.br\/cuiaba\/wp-json\/wp\/v2\/product_tag?post=16152"}],"curies":[{"name":"wp","href":"https:\/\/api.w.org\/{rel}","templated":true}]}}