{"id":16153,"date":"2025-06-20T19:06:07","date_gmt":"2025-06-20T23:06:07","guid":{"rendered":"http:\/\/www.multicasa.com.br\/cuiaba\/?post_type=product&#038;p=16153"},"modified":"2026-04-17T13:50:43","modified_gmt":"2026-04-17T17:50:43","slug":"limpa-tudo-tuff-stuff-stp-300ml","status":"publish","type":"product","link":"https:\/\/www.multicasa.com.br\/cuiaba\/produto\/limpa-tudo-tuff-stuff-stp-300ml\/","title":{"rendered":"Limpa Tudo Tuff Stuff STP 300ml<br>SKU: 1023283"},"content":{"rendered":"<p>O Limpa Tudo Tuff Stuff STP com 300ml \u00e9 altamente eficiente na limpeza e remo\u00e7\u00e3o de manchas em estofados de vinil e tecido, pisos, carpetes, eletrodom\u00e9sticos, f\u00f3rmica, lou\u00e7a, sanit\u00e1rios, cer\u00e2mica, azulejos, paredes pintadas, pap\u00e9is de parede, porcelana, madeira e metais pintados e cromados.<br \/>\nComo utilizar? Depois de aplicada a espuma, deixe-a agir de 30 a 40 segundos, e se necess\u00e1rio, esfregue com um pano \u00famido, escova ou esponja e passe um pano seco para remover a sujeira. Para evitar manchas em vidros e superf\u00edcies polidas, remova o excesso de espuma antes que seque e se a espuma secar, utilize um produto de limpeza de vidros e cera automotiva nas partes polidas.<br \/>\nAntes de aplicar em qualquer superf\u00edcie, para evitar manchas, teste o uso em \u00e1rea n\u00e3o aparente. Tenha em m\u00e3os o melhor limpador de m\u00faltipla aplica\u00e7\u00e3o para uso dom\u00e9stico, automotivo e at\u00e9 em barcos!<\/p>\n","protected":false},"excerpt":{"rendered":"<h4 style=\"margin: 0px;padding: 0px 0px 16px;font-family: Lato, sans-serif;font-weight: bold;line-height: 3rem;color: var(--dark-grey3);font-size: 22px;font-style: normal;letter-spacing: normal;text-align: start;text-indent: 0px;text-transform: none\">Informa\u00e7\u00f5es t\u00e9cnicas<\/h4>\n<p><span style=\"margin: 0px;padding: 0px;font-weight: 450;font-size: 14px;line-height: 21px;color: var(--dark-grey2);font-family: Lato, sans-serif;font-style: normal;letter-spacing: normal;text-align: start;text-indent: 0px;text-transform: none\">Produto: Limpa tudo<br \/>\nMarca: STP<br \/>\nConte\u00fado: 300ml<br \/>\nUso indicado: Limpeza de estofados, carpete, vinil e outros<br \/>\nCaracter\u00edsticas: Uso dom\u00e9stico e automotivo<br \/>\nTeste o uso em \u00e1rea n\u00e3o aparente<br \/>\nItens Inclusos: 1 limpa tudo<br \/>\nDimens\u00f5es do produto (A x L): 24 x 5cm<br \/>\n<\/span><\/p>\n","protected":false},"featured_media":16205,"template":"","meta":{"_joinchat":[]},"product_brand":[],"product_cat":[96],"product_tag":[],"class_list":{"0":"post-16153","1":"product","2":"type-product","3":"status-publish","4":"has-post-thumbnail","6":"product_cat-limpeza-e-cia","8":"first","9":"instock","10":"shipping-taxable","11":"purchasable","12":"product-type-simple"},"_links":{"self":[{"href":"https:\/\/www.multicasa.com.br\/cuiaba\/wp-json\/wp\/v2\/product\/16153","targetHints":{"allow":["GET"]}}],"collection":[{"href":"https:\/\/www.multicasa.com.br\/cuiaba\/wp-json\/wp\/v2\/product"}],"about":[{"href":"https:\/\/www.multicasa.com.br\/cuiaba\/wp-json\/wp\/v2\/types\/product"}],"wp:featuredmedia":[{"embeddable":true,"href":"https:\/\/www.multicasa.com.br\/cuiaba\/wp-json\/wp\/v2\/media\/16205"}],"wp:attachment":[{"href":"https:\/\/www.multicasa.com.br\/cuiaba\/wp-json\/wp\/v2\/media?parent=16153"}],"wp:term":[{"taxonomy":"product_brand","embeddable":true,"href":"https:\/\/www.multicasa.com.br\/cuiaba\/wp-json\/wp\/v2\/product_brand?post=16153"},{"taxonomy":"product_cat","embeddable":true,"href":"https:\/\/www.multicasa.com.br\/cuiaba\/wp-json\/wp\/v2\/product_cat?post=16153"},{"taxonomy":"product_tag","embeddable":true,"href":"https:\/\/www.multicasa.com.br\/cuiaba\/wp-json\/wp\/v2\/product_tag?post=16153"}],"curies":[{"name":"wp","href":"https:\/\/api.w.org\/{rel}","templated":true}]}}