{"id":16159,"date":"2025-06-20T19:06:07","date_gmt":"2025-06-20T23:06:07","guid":{"rendered":"http:\/\/www.multicasa.com.br\/cuiaba\/?post_type=product&#038;p=16159"},"modified":"2026-01-31T12:50:10","modified_gmt":"2026-01-31T16:50:10","slug":"modulo-interruptor-1ts-pialplus-branco-pial-10a","status":"publish","type":"product","link":"https:\/\/www.multicasa.com.br\/cuiaba\/produto\/modulo-interruptor-1ts-pialplus-branco-pial-10a\/","title":{"rendered":"M\u00f3dulo Interruptor 1TS Pialplus Branco Pial 10A<br>SKU: 1994417"},"content":{"rendered":"<p>O M\u00f3dulo Interruptor 1TS Pialplus Pial \u00e9 de uma linha totalmente modular que prioriza uma liga\u00e7\u00e3o e instala\u00e7\u00e3o que seja feita com combina\u00e7\u00e3o de fun\u00e7\u00f5es que melhor atenda as necessidades do seu ambiente. Produzido em termopl\u00e1stico branco com amperagem de 10a.<\/p>\n","protected":false},"excerpt":{"rendered":"<h4 style=\"margin: 0px;padding: 0px 0px 16px;font-family: Lato, sans-serif;font-weight: bold;line-height: 3rem;color: var(--dark-grey3);font-size: 22px;font-style: normal;letter-spacing: normal;text-align: start;text-indent: 0px;text-transform: none\">Informa\u00e7\u00f5es t\u00e9cnicas<\/h4>\n<p><span style=\"margin: 0px;padding: 0px;font-weight: 450;font-size: 14px;line-height: 21px;color: var(--dark-grey2);font-family: Lato, sans-serif;font-style: normal;letter-spacing: normal;text-align: start;text-indent: 0px;text-transform: none\">Produto: M\u00f3dulo Interruptor<br \/>\nMarca: Pial<br \/>\nMaterial: Termopl\u00e1stico<br \/>\nCor: Branco<br \/>\nCaracter\u00edsticas: Corrente de 10A<br \/>\nInterruptor simples 1ts<br \/>\nItens inclusos: 1m\u00f3dulo Tomada<br \/>\nDimens\u00f5es do produto (A X L): 3,8 x 4,2cm<\/span><\/p>\n","protected":false},"featured_media":16224,"template":"","meta":{"_joinchat":[]},"product_brand":[],"product_cat":[144],"product_tag":[],"class_list":{"0":"post-16159","1":"product","2":"type-product","3":"status-publish","4":"has-post-thumbnail","6":"product_cat-tomadas-e-cia","8":"first","9":"instock","10":"shipping-taxable","11":"purchasable","12":"product-type-simple"},"_links":{"self":[{"href":"https:\/\/www.multicasa.com.br\/cuiaba\/wp-json\/wp\/v2\/product\/16159","targetHints":{"allow":["GET"]}}],"collection":[{"href":"https:\/\/www.multicasa.com.br\/cuiaba\/wp-json\/wp\/v2\/product"}],"about":[{"href":"https:\/\/www.multicasa.com.br\/cuiaba\/wp-json\/wp\/v2\/types\/product"}],"wp:featuredmedia":[{"embeddable":true,"href":"https:\/\/www.multicasa.com.br\/cuiaba\/wp-json\/wp\/v2\/media\/16224"}],"wp:attachment":[{"href":"https:\/\/www.multicasa.com.br\/cuiaba\/wp-json\/wp\/v2\/media?parent=16159"}],"wp:term":[{"taxonomy":"product_brand","embeddable":true,"href":"https:\/\/www.multicasa.com.br\/cuiaba\/wp-json\/wp\/v2\/product_brand?post=16159"},{"taxonomy":"product_cat","embeddable":true,"href":"https:\/\/www.multicasa.com.br\/cuiaba\/wp-json\/wp\/v2\/product_cat?post=16159"},{"taxonomy":"product_tag","embeddable":true,"href":"https:\/\/www.multicasa.com.br\/cuiaba\/wp-json\/wp\/v2\/product_tag?post=16159"}],"curies":[{"name":"wp","href":"https:\/\/api.w.org\/{rel}","templated":true}]}}