{"id":16161,"date":"2025-06-20T19:06:08","date_gmt":"2025-06-20T23:06:08","guid":{"rendered":"http:\/\/www.multicasa.com.br\/cuiaba\/?post_type=product&#038;p=16161"},"modified":"2026-03-10T14:20:24","modified_gmt":"2026-03-10T18:20:24","slug":"resistencia-chuveiro-loren-ultra-lorenzetti-5500w-220v","status":"publish","type":"product","link":"https:\/\/www.multicasa.com.br\/cuiaba\/produto\/resistencia-chuveiro-loren-ultra-lorenzetti-5500w-220v\/","title":{"rendered":"Resist\u00eancia Chuveiro Loren Ultra Lorenzetti 5500W &#8211; 220V<br>SKU: 2009590"},"content":{"rendered":"<p>Resist\u00eancia para Chuveiro Loren Ultra Lorenzetti 5500W &#8211; 220V, ideal para aplica\u00e7\u00e3o nos modelos: maxi torneira, Bello Banho, torneira clean, maxi banho, Big Banho, maxi ducha, Bella Ducha, Bella Ducha relax, Jet Set, torneira t43, torneira vers\u00e1til. Possui ligas em cobre e a\u00e7o, \u00e9 resistente, confi\u00e1vel e eficaz. Garanta a qualidade e seguran\u00e7a de seus eletros com as resist\u00eancias Lorenzetti.<\/p>\n","protected":false},"excerpt":{"rendered":"<h4 style=\"margin: 0px;padding: 0px 0px 16px;font-family: Lato, sans-serif;font-weight: bold;line-height: 3rem;color: var(--dark-grey3);font-size: 22px;font-style: normal;letter-spacing: normal;text-align: start;text-indent: 0px;text-transform: none\">Informa\u00e7\u00f5es t\u00e9cnicas<\/h4>\n<p><span style=\"margin: 0px;padding: 0px;font-weight: 450;font-size: 14px;line-height: 21px;color: var(--dark-grey2);font-family: Lato, sans-serif;font-style: normal;letter-spacing: normal;text-align: start;text-indent: 0px;text-transform: none\">Produto: Resist\u00eancia para chuveiro<br \/>\nMarca: Lorenzetti<br \/>\nModelo: Chuveiro Loren Ultra<br \/>\nMaterial: A\u00e7o<br \/>\nLigas de cobre<br \/>\nPot\u00eancia: 5500w<br \/>\nTens\u00e3o El\u00e9trica: 220v<br \/>\nCaracter\u00edsticas: Compat\u00edvel com modelo Maxi Torneira, Bello Banho, Torneira Clean, Maxi Banho, Big Banho, Maxi Ducha, Bella Ducha, Bella Ducha Relax, Jet Set, Torneira T43, Torneira Vers\u00e1til.<br \/>\nItens Inclusos: 1 Resist\u00eancia para chuveiro<\/span><\/p>\n","protected":false},"featured_media":16226,"template":"","meta":{"_joinchat":[]},"product_brand":[],"product_cat":[74],"product_tag":[],"class_list":{"0":"post-16161","1":"product","2":"type-product","3":"status-publish","4":"has-post-thumbnail","6":"product_cat-reparos-hidraulicos","8":"first","9":"instock","10":"shipping-taxable","11":"purchasable","12":"product-type-simple"},"_links":{"self":[{"href":"https:\/\/www.multicasa.com.br\/cuiaba\/wp-json\/wp\/v2\/product\/16161","targetHints":{"allow":["GET"]}}],"collection":[{"href":"https:\/\/www.multicasa.com.br\/cuiaba\/wp-json\/wp\/v2\/product"}],"about":[{"href":"https:\/\/www.multicasa.com.br\/cuiaba\/wp-json\/wp\/v2\/types\/product"}],"wp:featuredmedia":[{"embeddable":true,"href":"https:\/\/www.multicasa.com.br\/cuiaba\/wp-json\/wp\/v2\/media\/16226"}],"wp:attachment":[{"href":"https:\/\/www.multicasa.com.br\/cuiaba\/wp-json\/wp\/v2\/media?parent=16161"}],"wp:term":[{"taxonomy":"product_brand","embeddable":true,"href":"https:\/\/www.multicasa.com.br\/cuiaba\/wp-json\/wp\/v2\/product_brand?post=16161"},{"taxonomy":"product_cat","embeddable":true,"href":"https:\/\/www.multicasa.com.br\/cuiaba\/wp-json\/wp\/v2\/product_cat?post=16161"},{"taxonomy":"product_tag","embeddable":true,"href":"https:\/\/www.multicasa.com.br\/cuiaba\/wp-json\/wp\/v2\/product_tag?post=16161"}],"curies":[{"name":"wp","href":"https:\/\/api.w.org\/{rel}","templated":true}]}}