{"id":16190,"date":"2025-06-20T19:06:30","date_gmt":"2025-06-20T23:06:30","guid":{"rendered":"http:\/\/www.multicasa.com.br\/cuiaba\/?post_type=product&#038;p=16190"},"modified":"2025-11-21T10:14:48","modified_gmt":"2025-11-21T14:14:48","slug":"kit-caixa-acoplada-universal-acionador-pneumatica-censi","status":"publish","type":"product","link":"https:\/\/www.multicasa.com.br\/cuiaba\/produto\/kit-caixa-acoplada-universal-acionador-pneumatica-censi\/","title":{"rendered":"Kit Caixa Acoplada Universal Acionador Pneumatica Censi<br>SKU: 1021934"},"content":{"rendered":"<p>KIT CX.ACOPL.UNIV.ACION.PNEUM.CENSI. \u00c9 a op\u00e7\u00e3o mais econ\u00f4mica e pr\u00e1tica para quem deseja montar uma caixa acoplada. \u00e9 composto por um Mecanismo de Entrada Master Flux, um mecanismo e Mecanismo de Sa\u00edda Pneum\u00e1tico 3 em 1 e um Kit Veda\u00e7\u00e3o e Fixa\u00e7\u00e3o para Caixa Acoplada.<\/p>\n","protected":false},"excerpt":{"rendered":"<h4 style=\"margin: 0px; padding: 0px 0px 16px; font-family: Lato, sans-serif; font-weight: bold; line-height: 3rem; color: var(--dark-grey3); font-size: 22px; font-style: normal; letter-spacing: normal; text-align: start; text-indent: 0px; text-transform: none;\">Informa\u00e7\u00f5es t\u00e9cnicas<\/h4>\n<p><span style=\"margin: 0px; padding: 0px; font-weight: 450; font-size: 14px; line-height: 21px; color: var(--dark-grey2); font-family: Lato, sans-serif; font-style: normal; letter-spacing: normal; text-align: start; text-indent: 0px; text-transform: none;\">Produto: KIT CX.ACOPL.UNIV.ACION.PNEUM<br \/>\nMarca: CENSI<br \/>\nMaterial: pl\u00e1stico<br \/>\nCor: branca<br \/>\nCaracter\u00edsticas: \u00e9 a op\u00e7\u00e3o mais econ\u00f4mica e pr\u00e1tica para quem deseja montar uma caixa acoplada.<br \/>\nDimens\u00f5es:<br \/>\nPress\u00e3o m\u00ednima: 0,1 kgf\/cm\u00b2 (1 m.c.a).<br \/>\nPress\u00e3o m\u00e1xima: 21 kgf\/cm\u00b2 (210 m.c.a).<br \/>\nRosca macho 1\/2?.<br \/>\nN\u00edvel de \u00e1gua ajust\u00e1vel: de 87 mm a 260 mm.<br \/>\nAltura do mecanismo: de 205 mm a 320 mm.<br \/>\nEnchimento inteligente.<\/span><\/p>\n","protected":false},"featured_media":22811,"template":"","meta":{"_joinchat":[]},"product_brand":[],"product_cat":[74],"product_tag":[],"class_list":{"0":"post-16190","1":"product","2":"type-product","3":"status-publish","4":"has-post-thumbnail","6":"product_cat-reparos-hidraulicos","8":"first","9":"instock","10":"shipping-taxable","11":"purchasable","12":"product-type-simple"},"_links":{"self":[{"href":"https:\/\/www.multicasa.com.br\/cuiaba\/wp-json\/wp\/v2\/product\/16190","targetHints":{"allow":["GET"]}}],"collection":[{"href":"https:\/\/www.multicasa.com.br\/cuiaba\/wp-json\/wp\/v2\/product"}],"about":[{"href":"https:\/\/www.multicasa.com.br\/cuiaba\/wp-json\/wp\/v2\/types\/product"}],"wp:featuredmedia":[{"embeddable":true,"href":"https:\/\/www.multicasa.com.br\/cuiaba\/wp-json\/wp\/v2\/media\/22811"}],"wp:attachment":[{"href":"https:\/\/www.multicasa.com.br\/cuiaba\/wp-json\/wp\/v2\/media?parent=16190"}],"wp:term":[{"taxonomy":"product_brand","embeddable":true,"href":"https:\/\/www.multicasa.com.br\/cuiaba\/wp-json\/wp\/v2\/product_brand?post=16190"},{"taxonomy":"product_cat","embeddable":true,"href":"https:\/\/www.multicasa.com.br\/cuiaba\/wp-json\/wp\/v2\/product_cat?post=16190"},{"taxonomy":"product_tag","embeddable":true,"href":"https:\/\/www.multicasa.com.br\/cuiaba\/wp-json\/wp\/v2\/product_tag?post=16190"}],"curies":[{"name":"wp","href":"https:\/\/api.w.org\/{rel}","templated":true}]}}