{"id":16192,"date":"2025-06-20T19:06:30","date_gmt":"2025-06-20T23:06:30","guid":{"rendered":"http:\/\/www.multicasa.com.br\/cuiaba\/?post_type=product&#038;p=16192"},"modified":"2025-08-18T00:55:07","modified_gmt":"2025-08-18T04:55:07","slug":"miolo-liz-antena-sat-grafite-tramontina","status":"publish","type":"product","link":"https:\/\/www.multicasa.com.br\/cuiaba\/produto\/miolo-liz-antena-sat-grafite-tramontina\/","title":{"rendered":"MIOLO LIZ ANTENA\/SAT GRAFITE TRAMONTINA<br>SKU: 1023020"},"content":{"rendered":"<p>O M\u00f3dulo para Tomada TV SAT Coaxial Direta Tramontina Grafite \u00e9 a escolha perfeita para sua casa. Produzido em termopl\u00e1stico com acabamento brilho, ele n\u00e3o ret\u00e9m poeira. \u00c9 um m\u00f3dulo largo na cor grafite que pode ser substitu\u00eddo pelo modelo na cor branco, al\u00e9m de ser usado em diferentes placas das linhas Tramontina. \u00c9 uma pe\u00e7a vers\u00e1til e pr\u00e1tica, que ainda garante qualidade e um bom funcionamento do que se prop\u00f5e e que pode ser utilizada nas linhas Liz, Lux\u00b2, Giz, Tablet, Lizflex, Plastibox e conduletes Tramontina com tampa sistema modular.<\/p>\n","protected":false},"excerpt":{"rendered":"<h4 style=\"margin: 0px;padding: 0px 0px 16px;font-family: Lato, sans-serif;font-weight: bold;line-height: 3rem;color: var(--dark-grey3);font-size: 22px;font-style: normal;letter-spacing: normal;text-align: start;text-indent: 0px;text-transform: none\">Informa\u00e7\u00f5es t\u00e9cnicas<\/h4>\n<p><span style=\"margin: 0px;padding: 0px;font-weight: 450;font-size: 14px;line-height: 21px;color: var(--dark-grey2);font-family: Lato, sans-serif;font-style: normal;letter-spacing: normal;text-align: start;text-indent: 0px;text-transform: none\">Utilizar nas linhas Liz, Lux\u00b2, Giz, Tablet, Lizflex, Plastibox e conduletes Tramontina com tampa sistema modular.<\/span><\/p>\n","protected":false},"featured_media":25580,"template":"","meta":{"_joinchat":[]},"product_brand":[],"product_cat":[144],"product_tag":[],"class_list":{"0":"post-16192","1":"product","2":"type-product","3":"status-publish","4":"has-post-thumbnail","6":"product_cat-tomadas-e-cia","8":"first","9":"instock","10":"shipping-taxable","11":"purchasable","12":"product-type-simple"},"_links":{"self":[{"href":"https:\/\/www.multicasa.com.br\/cuiaba\/wp-json\/wp\/v2\/product\/16192","targetHints":{"allow":["GET"]}}],"collection":[{"href":"https:\/\/www.multicasa.com.br\/cuiaba\/wp-json\/wp\/v2\/product"}],"about":[{"href":"https:\/\/www.multicasa.com.br\/cuiaba\/wp-json\/wp\/v2\/types\/product"}],"wp:featuredmedia":[{"embeddable":true,"href":"https:\/\/www.multicasa.com.br\/cuiaba\/wp-json\/wp\/v2\/media\/25580"}],"wp:attachment":[{"href":"https:\/\/www.multicasa.com.br\/cuiaba\/wp-json\/wp\/v2\/media?parent=16192"}],"wp:term":[{"taxonomy":"product_brand","embeddable":true,"href":"https:\/\/www.multicasa.com.br\/cuiaba\/wp-json\/wp\/v2\/product_brand?post=16192"},{"taxonomy":"product_cat","embeddable":true,"href":"https:\/\/www.multicasa.com.br\/cuiaba\/wp-json\/wp\/v2\/product_cat?post=16192"},{"taxonomy":"product_tag","embeddable":true,"href":"https:\/\/www.multicasa.com.br\/cuiaba\/wp-json\/wp\/v2\/product_tag?post=16192"}],"curies":[{"name":"wp","href":"https:\/\/api.w.org\/{rel}","templated":true}]}}