{"id":16194,"date":"2025-06-20T19:06:31","date_gmt":"2025-06-20T23:06:31","guid":{"rendered":"http:\/\/www.multicasa.com.br\/cuiaba\/?post_type=product&#038;p=16194"},"modified":"2026-03-31T13:30:09","modified_gmt":"2026-03-31T17:30:09","slug":"miolo-liz-1ts-10a-gf-tramontina","status":"publish","type":"product","link":"https:\/\/www.multicasa.com.br\/cuiaba\/produto\/miolo-liz-1ts-10a-gf-tramontina\/","title":{"rendered":"MIOLO LIZ 1TS 10A GF TRAMONTINA<br>SKU: 1023025"},"content":{"rendered":"<p>Leve toda a versatilidade e qualidade dos m\u00f3dulos Tramontina para dentro da sua casa. Com o M\u00f3dulo Interruptor Simples Tramontina 10 A 250 V Grafite voc\u00ea vai poder explorar diferentes visuais no seu projeto. Na cor grafite, ele pode ser usado em diferentes placas da Tramontina e \u00e9 um modelo largo produzido em termopl\u00e1stico antichama, que garante seguran\u00e7a e praticidade. Possui acabamento brilho que n\u00e3o ret\u00e9m poeira, tornando o visual mais limpo. Apresenta relevo para melhor identifica\u00e7\u00e3o da fun\u00e7\u00e3o do produto. \u00c9 fixado aos bornes e travados por parafusos, garantindo um contato mais perfeito da rede el\u00e9trica. \u00c9 um m\u00f3dulo de 10 A e 250 V.<\/p>\n","protected":false},"excerpt":{"rendered":"<h4 style=\"margin: 0px;padding: 0px 0px 16px;font-family: Lato, sans-serif;font-weight: bold;line-height: 3rem;color: var(--dark-grey3);font-size: 22px;font-style: normal;letter-spacing: normal;text-align: start;text-indent: 0px;text-transform: none\">Informa\u00e7\u00f5es t\u00e9cnicas<\/h4>\n<p><span style=\"margin: 0px;padding: 0px;font-weight: 450;font-size: 14px;line-height: 21px;color: var(--dark-grey2);font-family: Lato, sans-serif;font-style: normal;letter-spacing: normal;text-align: start;text-indent: 0px;text-transform: none\">Utilizar nas linhas Liz, Lux\u00b2, Giz, Tablet, Lizflex, Plastibox e conduletes Tramontina com tampa sistema modular.<\/span><\/p>\n","protected":false},"featured_media":25578,"template":"","meta":{"_joinchat":[]},"product_brand":[],"product_cat":[144],"product_tag":[],"class_list":{"0":"post-16194","1":"product","2":"type-product","3":"status-publish","4":"has-post-thumbnail","6":"product_cat-tomadas-e-cia","8":"first","9":"instock","10":"shipping-taxable","11":"purchasable","12":"product-type-simple"},"_links":{"self":[{"href":"https:\/\/www.multicasa.com.br\/cuiaba\/wp-json\/wp\/v2\/product\/16194","targetHints":{"allow":["GET"]}}],"collection":[{"href":"https:\/\/www.multicasa.com.br\/cuiaba\/wp-json\/wp\/v2\/product"}],"about":[{"href":"https:\/\/www.multicasa.com.br\/cuiaba\/wp-json\/wp\/v2\/types\/product"}],"wp:featuredmedia":[{"embeddable":true,"href":"https:\/\/www.multicasa.com.br\/cuiaba\/wp-json\/wp\/v2\/media\/25578"}],"wp:attachment":[{"href":"https:\/\/www.multicasa.com.br\/cuiaba\/wp-json\/wp\/v2\/media?parent=16194"}],"wp:term":[{"taxonomy":"product_brand","embeddable":true,"href":"https:\/\/www.multicasa.com.br\/cuiaba\/wp-json\/wp\/v2\/product_brand?post=16194"},{"taxonomy":"product_cat","embeddable":true,"href":"https:\/\/www.multicasa.com.br\/cuiaba\/wp-json\/wp\/v2\/product_cat?post=16194"},{"taxonomy":"product_tag","embeddable":true,"href":"https:\/\/www.multicasa.com.br\/cuiaba\/wp-json\/wp\/v2\/product_tag?post=16194"}],"curies":[{"name":"wp","href":"https:\/\/api.w.org\/{rel}","templated":true}]}}