{"id":16220,"date":"2025-06-20T19:06:53","date_gmt":"2025-06-20T23:06:53","guid":{"rendered":"http:\/\/www.multicasa.com.br\/cuiaba\/?post_type=product&#038;p=16220"},"modified":"2026-03-23T14:30:10","modified_gmt":"2026-03-23T18:30:10","slug":"caixa-dagua-polietileno-500l-fortlev","status":"publish","type":"product","link":"https:\/\/www.multicasa.com.br\/cuiaba\/produto\/caixa-dagua-polietileno-500l-fortlev\/","title":{"rendered":"Caixa D&#8217;\u00c1gua Polietileno 500L Fortlev<br>SKU: 232815"},"content":{"rendered":"<p>A caixa d&#8217;\u00e1gua com tampa em polietileno da Fortlev \u00e9 pr\u00e1tica e dur\u00e1vel, pois possui superf\u00edcies internas lisas que facilitam a limpeza e exclusivo sistema de encaixe da tampa, que dispensa parafusos e amarras na instala\u00e7\u00e3o e garante ainda mais veda\u00e7\u00e3o e conserva\u00e7\u00e3o da \u00e1gua.<\/p>\n","protected":false},"excerpt":{"rendered":"<h4 style=\"margin: 0px;padding: 0px 0px 16px;font-family: Lato, sans-serif;font-weight: bold;line-height: 3rem;color: var(--dark-grey3);font-size: 22px;font-style: normal;letter-spacing: normal;text-align: start;text-indent: 0px;text-transform: none\">Informa\u00e7\u00f5es t\u00e9cnicas<\/h4>\n<p><span style=\"margin: 0px;padding: 0px;font-weight: 450;font-size: 14px;line-height: 21px;color: var(--dark-grey2);font-family: Lato, sans-serif;font-style: normal;letter-spacing: normal;text-align: start;text-indent: 0px;text-transform: none\">Produto: Caixa d&#8217;\u00e1gua<br \/>\nMarca: Fortlev<br \/>\nCapacidade: 500L<br \/>\nMaterial: Polietileno<br \/>\nRefer\u00eancia fornecedor: 02010005<\/span><\/p>\n","protected":false},"featured_media":24844,"template":"","meta":{"_joinchat":[]},"product_brand":[],"product_cat":[73],"product_tag":[],"class_list":{"0":"post-16220","1":"product","2":"type-product","3":"status-publish","4":"has-post-thumbnail","6":"product_cat-tubos-e-conexoes","8":"first","9":"instock","10":"shipping-taxable","11":"purchasable","12":"product-type-simple"},"_links":{"self":[{"href":"https:\/\/www.multicasa.com.br\/cuiaba\/wp-json\/wp\/v2\/product\/16220","targetHints":{"allow":["GET"]}}],"collection":[{"href":"https:\/\/www.multicasa.com.br\/cuiaba\/wp-json\/wp\/v2\/product"}],"about":[{"href":"https:\/\/www.multicasa.com.br\/cuiaba\/wp-json\/wp\/v2\/types\/product"}],"wp:featuredmedia":[{"embeddable":true,"href":"https:\/\/www.multicasa.com.br\/cuiaba\/wp-json\/wp\/v2\/media\/24844"}],"wp:attachment":[{"href":"https:\/\/www.multicasa.com.br\/cuiaba\/wp-json\/wp\/v2\/media?parent=16220"}],"wp:term":[{"taxonomy":"product_brand","embeddable":true,"href":"https:\/\/www.multicasa.com.br\/cuiaba\/wp-json\/wp\/v2\/product_brand?post=16220"},{"taxonomy":"product_cat","embeddable":true,"href":"https:\/\/www.multicasa.com.br\/cuiaba\/wp-json\/wp\/v2\/product_cat?post=16220"},{"taxonomy":"product_tag","embeddable":true,"href":"https:\/\/www.multicasa.com.br\/cuiaba\/wp-json\/wp\/v2\/product_tag?post=16220"}],"curies":[{"name":"wp","href":"https:\/\/api.w.org\/{rel}","templated":true}]}}