{"id":16247,"date":"2025-06-20T19:07:16","date_gmt":"2025-06-20T23:07:16","guid":{"rendered":"http:\/\/www.multicasa.com.br\/cuiaba\/?post_type=product&#038;p=16247"},"modified":"2026-04-20T16:00:16","modified_gmt":"2026-04-20T20:00:16","slug":"plafon-led-embuir-quadrada-24w-bivolt-6-5k-led","status":"publish","type":"product","link":"https:\/\/www.multicasa.com.br\/cuiaba\/produto\/plafon-led-embuir-quadrada-24w-bivolt-6-5k-led\/","title":{"rendered":"Plafon Led Embuir Quadrada 24W Bivolt 6.5K Led<br>SKU: 2002802"},"content":{"rendered":"<p>O Plafon de embutir SLIM LED, possui design moderno com<br \/>\ntecnologia LED integrado e pronto para instalar, estruturado em<br \/>\nalum\u00ednio para maior controle de temperatura do LED extraindo<br \/>\na m\u00e1xima efici\u00eancia luminosa, acabamento em pintura ep\u00f3xi<br \/>\nbranca, difusor em acr\u00edlico, apresenta alta luminesc\u00eancia e<br \/>\nuniformidade na distribui\u00e7\u00e3o da luz e conta com molas de<br \/>\nfixa\u00e7\u00e3o em a\u00e7o. Ideal para ambientes corporativos, comerciais e residenciais.<\/p>\n","protected":false},"excerpt":{"rendered":"<h4 style=\"margin: 0px;padding: 0px 0px 16px;font-family: Lato, sans-serif;font-weight: bold;line-height: 3rem;color: var(--dark-grey3);font-size: 22px;font-style: normal;letter-spacing: normal;text-align: start;text-indent: 0px;text-transform: none\">Informa\u00e7\u00f5es t\u00e9cnicas<\/h4>\n<p><span style=\"margin: 0px;padding: 0px;font-weight: 450;font-size: 14px;line-height: 21px;color: var(--dark-grey2);font-family: Lato, sans-serif;font-style: normal;letter-spacing: normal;text-align: start;text-indent: 0px;text-transform: none\">Produto: PLAFON LED EMB.QD.24W BIV.6.5K led<br \/>\nMarca: BRONZEARTE<br \/>\nMaterial: ALUM\u00cdNIO<br \/>\nCor: BRANCA<br \/>\nCaracter\u00edsticas: alta luminesc\u00eancia e<br \/>\nuniformidade na distribui\u00e7\u00e3o da luz e conta com molas de<br \/>\nfixa\u00e7\u00e3o em a\u00e7o.<br \/>\nDimens\u00f5es(cm): 30 x 30 x 0,9<\/span><\/p>\n","protected":false},"featured_media":25743,"template":"","meta":{"_joinchat":[]},"product_brand":[],"product_cat":[157],"product_tag":[],"class_list":{"0":"post-16247","1":"product","2":"type-product","3":"status-publish","4":"has-post-thumbnail","6":"product_cat-leds-decorativos","8":"first","9":"instock","10":"shipping-taxable","11":"purchasable","12":"product-type-simple"},"_links":{"self":[{"href":"https:\/\/www.multicasa.com.br\/cuiaba\/wp-json\/wp\/v2\/product\/16247","targetHints":{"allow":["GET"]}}],"collection":[{"href":"https:\/\/www.multicasa.com.br\/cuiaba\/wp-json\/wp\/v2\/product"}],"about":[{"href":"https:\/\/www.multicasa.com.br\/cuiaba\/wp-json\/wp\/v2\/types\/product"}],"wp:featuredmedia":[{"embeddable":true,"href":"https:\/\/www.multicasa.com.br\/cuiaba\/wp-json\/wp\/v2\/media\/25743"}],"wp:attachment":[{"href":"https:\/\/www.multicasa.com.br\/cuiaba\/wp-json\/wp\/v2\/media?parent=16247"}],"wp:term":[{"taxonomy":"product_brand","embeddable":true,"href":"https:\/\/www.multicasa.com.br\/cuiaba\/wp-json\/wp\/v2\/product_brand?post=16247"},{"taxonomy":"product_cat","embeddable":true,"href":"https:\/\/www.multicasa.com.br\/cuiaba\/wp-json\/wp\/v2\/product_cat?post=16247"},{"taxonomy":"product_tag","embeddable":true,"href":"https:\/\/www.multicasa.com.br\/cuiaba\/wp-json\/wp\/v2\/product_tag?post=16247"}],"curies":[{"name":"wp","href":"https:\/\/api.w.org\/{rel}","templated":true}]}}