{"id":16251,"date":"2025-06-20T19:07:23","date_gmt":"2025-06-20T23:07:23","guid":{"rendered":"http:\/\/www.multicasa.com.br\/cuiaba\/?post_type=product&#038;p=16251"},"modified":"2026-03-23T17:00:44","modified_gmt":"2026-03-23T21:00:44","slug":"torneira-de-jardim-primor-docol","status":"publish","type":"product","link":"https:\/\/www.multicasa.com.br\/cuiaba\/produto\/torneira-de-jardim-primor-docol\/","title":{"rendered":"Torneira De Jardim Primor Docol<br>SKU: 2007225"},"content":{"rendered":"<p>O principal benef\u00edcio desse produto \u00e9 a durabilidade e resist\u00eancia. A nossa torneira para jardim pode ser instalada em ambientes externos sem a preocupa\u00e7\u00e3o com desgaste imediato. Por ter a qualidade da nossa Garantia Toda Vida, essa torneira foi feita para durar. Esse produto possui acabamento bin\u00edquel, que garante 40% a mais de durabilidade que os demais de mercado.<\/p>\n","protected":false},"excerpt":{"rendered":"<h4 style=\"margin: 0px;padding: 0px 0px 16px;font-family: Lato, sans-serif;font-weight: bold;line-height: 3rem;color: var(--dark-grey3);font-size: 22px;font-style: normal;letter-spacing: normal;text-align: start;text-indent: 0px;text-transform: none\">Informa\u00e7\u00f5es t\u00e9cnicas<\/h4>\n<p><span style=\"margin: 0px;padding: 0px;font-weight: 450;font-size: 14px;line-height: 21px;color: var(--dark-grey2);font-family: Lato, sans-serif;font-style: normal;letter-spacing: normal;text-align: start;text-indent: 0px;text-transform: none\">Produto: TORNEIRA JARDIM 1130 PRIMOR DOCOL<br \/>\nMarca: DOCOL<br \/>\nMaterial: Ligas de cobre, elast\u00f4meros, pl\u00e1stico de engenharia.<br \/>\nCor: CROMADO<br \/>\nCaracter\u00edsticas: Acabamento mais duradouro e garantia toda vida.<br \/>\nDimens\u00f5es:<br \/>\nComprimento do produto: 100 mm<br \/>\nAltura do produto: 106 mm<br \/>\nLargura do produto: 59 mm<br \/>\nPeso L\u00edquido: 0,33 kg<br \/>\nPeso Bruto: 0,33 kg<\/span><\/p>\n","protected":false},"featured_media":26128,"template":"","meta":{"_joinchat":[]},"product_brand":[],"product_cat":[67],"product_tag":[],"class_list":{"0":"post-16251","1":"product","2":"type-product","3":"status-publish","4":"has-post-thumbnail","6":"product_cat-torneiras-e-cia","8":"first","9":"instock","10":"shipping-taxable","11":"purchasable","12":"product-type-simple"},"_links":{"self":[{"href":"https:\/\/www.multicasa.com.br\/cuiaba\/wp-json\/wp\/v2\/product\/16251","targetHints":{"allow":["GET"]}}],"collection":[{"href":"https:\/\/www.multicasa.com.br\/cuiaba\/wp-json\/wp\/v2\/product"}],"about":[{"href":"https:\/\/www.multicasa.com.br\/cuiaba\/wp-json\/wp\/v2\/types\/product"}],"wp:featuredmedia":[{"embeddable":true,"href":"https:\/\/www.multicasa.com.br\/cuiaba\/wp-json\/wp\/v2\/media\/26128"}],"wp:attachment":[{"href":"https:\/\/www.multicasa.com.br\/cuiaba\/wp-json\/wp\/v2\/media?parent=16251"}],"wp:term":[{"taxonomy":"product_brand","embeddable":true,"href":"https:\/\/www.multicasa.com.br\/cuiaba\/wp-json\/wp\/v2\/product_brand?post=16251"},{"taxonomy":"product_cat","embeddable":true,"href":"https:\/\/www.multicasa.com.br\/cuiaba\/wp-json\/wp\/v2\/product_cat?post=16251"},{"taxonomy":"product_tag","embeddable":true,"href":"https:\/\/www.multicasa.com.br\/cuiaba\/wp-json\/wp\/v2\/product_tag?post=16251"}],"curies":[{"name":"wp","href":"https:\/\/api.w.org\/{rel}","templated":true}]}}