{"id":16267,"date":"2025-06-20T19:07:25","date_gmt":"2025-06-20T23:07:25","guid":{"rendered":"http:\/\/www.multicasa.com.br\/cuiaba\/?post_type=product&#038;p=16267"},"modified":"2026-04-23T13:50:16","modified_gmt":"2026-04-23T17:50:16","slug":"caixa-de-descarga-externa-branca-astra","status":"publish","type":"product","link":"https:\/\/www.multicasa.com.br\/cuiaba\/produto\/caixa-de-descarga-externa-branca-astra\/","title":{"rendered":"Caixa De Descarga Externa Branca Astra<br>SKU: 121525"},"content":{"rendered":"<p>A caixa de descarga da Astra \u00e9 instalada junto a bacias sanit\u00e1rias convencionais, visando a limpeza completa dos dejetos, encaminhando-os para a rede de esgoto. Ideal para banheiros com bacia sanit\u00e1ria convencional (sem caixa acoplada), sem instala\u00e7\u00e3o apropriada para v\u00e1lvula e com pouco espa\u00e7o dispon\u00edvel para disposi\u00e7\u00e3o das pe\u00e7as do banheiro.<\/p>\n","protected":false},"excerpt":{"rendered":"<h4 style=\"margin: 0px;padding: 0px 0px 16px;font-family: Lato, sans-serif;font-weight: bold;line-height: 3rem;color: var(--dark-grey3);font-size: 22px;font-style: normal;letter-spacing: normal;text-align: start;text-indent: 0px;text-transform: none\">Informa\u00e7\u00f5es t\u00e9cnicas<\/h4>\n<p><span style=\"margin: 0px;padding: 0px;font-weight: 450;font-size: 14px;line-height: 21px;color: var(--dark-grey2);font-family: Lato, sans-serif;font-style: normal;letter-spacing: normal;text-align: start;text-indent: 0px;text-transform: none\">PRODUTO: CAIXA DE DESCARGA EXTERNA<br \/>\nMARCA: Astra<br \/>\nMATERIAL: pl\u00e1stico resistente<br \/>\nCOR: Branca<br \/>\nCARACTER\u00cdSTICAS:<br \/>\n\u0095 F\u00e1cil instala\u00e7\u00e3o: j\u00e1 vem com r\u00e9gua, suporte e parafusos para fixa\u00e7\u00e3o.<br \/>\n\u0095 Dupla entrada para engate de \u00e1gua (nas laterais do produto), permite escolher a posi\u00e7\u00e3o lateral de acionamento (direito ou esquerdo).<br \/>\n\u0095 Descarga controlada de 6,8 a 9 L (modelo C17\/S).<br \/>\n\u0095 Possui vedante em silicone, que garante maior estanqueidade e durabilidade.<br \/>\n\u0095 Tampa de inspe\u00e7\u00e3o ampla, que facilita a manuten\u00e7\u00e3o.<br \/>\n\u0095 Pe\u00e7a \u00fanica (sem encaixes e conex\u00f5es).<br \/>\n\u0095 Medidas:<br \/>\nEntrada de alimenta\u00e7\u00e3o: 1\/2&#8243;.<br \/>\nDi\u00e2metro da sa\u00edda de \u00e1gua: 40mm.<br \/>\n\u0095 Press\u00e3o de trabalho de 2 a 40 m.c.a<br \/>\n\u0095 Volume: Ajust\u00e1vel de 6,8L a 9L<br \/>\n\u0095 Compatibilidade: bacias 6.0 LPF e mais antigas.<br \/>\n<\/span><\/p>\n","protected":false},"featured_media":24849,"template":"","meta":{"_joinchat":[]},"product_brand":[],"product_cat":[68],"product_tag":[],"class_list":{"0":"post-16267","1":"product","2":"type-product","3":"status-publish","4":"has-post-thumbnail","6":"product_cat-loucas-e-cia","8":"first","9":"instock","10":"shipping-taxable","11":"purchasable","12":"product-type-simple"},"_links":{"self":[{"href":"https:\/\/www.multicasa.com.br\/cuiaba\/wp-json\/wp\/v2\/product\/16267","targetHints":{"allow":["GET"]}}],"collection":[{"href":"https:\/\/www.multicasa.com.br\/cuiaba\/wp-json\/wp\/v2\/product"}],"about":[{"href":"https:\/\/www.multicasa.com.br\/cuiaba\/wp-json\/wp\/v2\/types\/product"}],"wp:featuredmedia":[{"embeddable":true,"href":"https:\/\/www.multicasa.com.br\/cuiaba\/wp-json\/wp\/v2\/media\/24849"}],"wp:attachment":[{"href":"https:\/\/www.multicasa.com.br\/cuiaba\/wp-json\/wp\/v2\/media?parent=16267"}],"wp:term":[{"taxonomy":"product_brand","embeddable":true,"href":"https:\/\/www.multicasa.com.br\/cuiaba\/wp-json\/wp\/v2\/product_brand?post=16267"},{"taxonomy":"product_cat","embeddable":true,"href":"https:\/\/www.multicasa.com.br\/cuiaba\/wp-json\/wp\/v2\/product_cat?post=16267"},{"taxonomy":"product_tag","embeddable":true,"href":"https:\/\/www.multicasa.com.br\/cuiaba\/wp-json\/wp\/v2\/product_tag?post=16267"}],"curies":[{"name":"wp","href":"https:\/\/api.w.org\/{rel}","templated":true}]}}