{"id":16281,"date":"2025-06-20T19:07:32","date_gmt":"2025-06-20T23:07:32","guid":{"rendered":"http:\/\/www.multicasa.com.br\/cuiaba\/?post_type=product&#038;p=16281"},"modified":"2026-03-17T15:52:54","modified_gmt":"2026-03-17T19:52:54","slug":"joelho-90-cpvc-aquatherm-22mm-tigre","status":"publish","type":"product","link":"https:\/\/www.multicasa.com.br\/cuiaba\/produto\/joelho-90-cpvc-aquatherm-22mm-tigre\/","title":{"rendered":"Joelho 90 Cpvc Aquatherm 22Mm Tigre<br>SKU: 384712"},"content":{"rendered":"<p>O Joelho Aquatherm \u00e9 indispens\u00e1vel na constru\u00e7\u00e3o ou reforma de resid\u00eancias, com\u00e9rcios e ind\u00fastrias. Ele proporciona a mudan\u00e7a de dire\u00e7\u00e3o da tubula\u00e7\u00e3o no \u00e2ngulo de 90 graus.Fabricado em CPVC, mais resistente a altas temperaturas.<\/p>\n","protected":false},"excerpt":{"rendered":"<h4 style=\"margin: 0px;padding: 0px 0px 16px;font-family: Lato, sans-serif;font-weight: bold;line-height: 3rem;color: var(--dark-grey3);font-size: 22px;font-style: normal;letter-spacing: normal;text-align: start;text-indent: 0px;text-transform: none\">Informa\u00e7\u00f5es t\u00e9cnicas<\/h4>\n<p><span style=\"margin: 0px;padding: 0px;font-weight: 450;font-size: 14px;line-height: 21px;color: var(--dark-grey2);font-family: Lato, sans-serif;font-style: normal;letter-spacing: normal;text-align: start;text-indent: 0px;text-transform: none\">Facilidade de instala\u00e7\u00e3o: Dispensa equipamentos especiais e m\u00e3o de obra especializada. As juntas s\u00e3o sold\u00e1veis a frio (com adesivo pr\u00f3prio).Bom isolamento t\u00e9rmico: Devido a sua baixa condutividade t\u00e9rmica, os tubos e conex\u00f5es Aquatherm n\u00e3o exigem a aplica\u00e7\u00e3o de isolantes t\u00e9rmicos quando utilizados embutidos ou em trechos aparentes.<\/span><\/p>\n","protected":false},"featured_media":25319,"template":"","meta":{"_joinchat":[]},"product_brand":[],"product_cat":[73],"product_tag":[],"class_list":{"0":"post-16281","1":"product","2":"type-product","3":"status-publish","4":"has-post-thumbnail","6":"product_cat-tubos-e-conexoes","8":"first","9":"instock","10":"shipping-taxable","11":"purchasable","12":"product-type-simple"},"_links":{"self":[{"href":"https:\/\/www.multicasa.com.br\/cuiaba\/wp-json\/wp\/v2\/product\/16281","targetHints":{"allow":["GET"]}}],"collection":[{"href":"https:\/\/www.multicasa.com.br\/cuiaba\/wp-json\/wp\/v2\/product"}],"about":[{"href":"https:\/\/www.multicasa.com.br\/cuiaba\/wp-json\/wp\/v2\/types\/product"}],"wp:featuredmedia":[{"embeddable":true,"href":"https:\/\/www.multicasa.com.br\/cuiaba\/wp-json\/wp\/v2\/media\/25319"}],"wp:attachment":[{"href":"https:\/\/www.multicasa.com.br\/cuiaba\/wp-json\/wp\/v2\/media?parent=16281"}],"wp:term":[{"taxonomy":"product_brand","embeddable":true,"href":"https:\/\/www.multicasa.com.br\/cuiaba\/wp-json\/wp\/v2\/product_brand?post=16281"},{"taxonomy":"product_cat","embeddable":true,"href":"https:\/\/www.multicasa.com.br\/cuiaba\/wp-json\/wp\/v2\/product_cat?post=16281"},{"taxonomy":"product_tag","embeddable":true,"href":"https:\/\/www.multicasa.com.br\/cuiaba\/wp-json\/wp\/v2\/product_tag?post=16281"}],"curies":[{"name":"wp","href":"https:\/\/api.w.org\/{rel}","templated":true}]}}