{"id":16298,"date":"2025-06-20T19:07:34","date_gmt":"2025-06-20T23:07:34","guid":{"rendered":"http:\/\/www.multicasa.com.br\/cuiaba\/?post_type=product&#038;p=16298"},"modified":"2025-10-01T10:35:14","modified_gmt":"2025-10-01T14:35:14","slug":"luva-simples-pvc-esgoto-75mm-tigre","status":"publish","type":"product","link":"https:\/\/www.multicasa.com.br\/cuiaba\/produto\/luva-simples-pvc-esgoto-75mm-tigre\/","title":{"rendered":"Luva Simples Pvc Esgoto 75Mm Tigre<br>SKU: 472514"},"content":{"rendered":"<p>Linha de tubos e conex\u00f5es fabricados em PVC r\u00edgido, para condu\u00e7\u00e3o dos efluentes dos aparelhos sanit\u00e1rios, inclusive das bacias sanit\u00e1rias e mict\u00f3rios, em instala\u00e7\u00f5es prediais de esgoto e ventila\u00e7\u00e3o.<\/p>\n","protected":false},"excerpt":{"rendered":"<h4 style=\"margin: 0px;padding: 0px 0px 16px;font-family: Lato, sans-serif;font-weight: bold;line-height: 3rem;color: var(--dark-grey3);font-size: 22px;font-style: normal;letter-spacing: normal;text-align: start;text-indent: 0px;text-transform: none\">Informa\u00e7\u00f5es t\u00e9cnicas<\/h4>\n<p><span style=\"margin: 0px;padding: 0px;font-weight: 450;font-size: 14px;line-height: 21px;color: var(--dark-grey2);font-family: Lato, sans-serif;font-style: normal;letter-spacing: normal;text-align: start;text-indent: 0px;text-transform: none\">Linha completa de tubos e conex\u00f5es: atende a todos os projetos, conforme norma ABNT-NBR 5688, Durabilidade: produtos em PVC garantem maior vida \u00fatil;<br \/>\nEstanqueidade: linha 100% estanque devido a duas op\u00e7\u00f5es de veda\u00e7\u00e3o &#8211; sold\u00e1vel ou com anel de veda\u00e7\u00e3o<\/span><\/p>\n","protected":false},"featured_media":25505,"template":"","meta":{"_joinchat":[]},"product_brand":[],"product_cat":[73],"product_tag":[],"class_list":{"0":"post-16298","1":"product","2":"type-product","3":"status-publish","4":"has-post-thumbnail","6":"product_cat-tubos-e-conexoes","8":"first","9":"instock","10":"shipping-taxable","11":"purchasable","12":"product-type-simple"},"_links":{"self":[{"href":"https:\/\/www.multicasa.com.br\/cuiaba\/wp-json\/wp\/v2\/product\/16298","targetHints":{"allow":["GET"]}}],"collection":[{"href":"https:\/\/www.multicasa.com.br\/cuiaba\/wp-json\/wp\/v2\/product"}],"about":[{"href":"https:\/\/www.multicasa.com.br\/cuiaba\/wp-json\/wp\/v2\/types\/product"}],"wp:featuredmedia":[{"embeddable":true,"href":"https:\/\/www.multicasa.com.br\/cuiaba\/wp-json\/wp\/v2\/media\/25505"}],"wp:attachment":[{"href":"https:\/\/www.multicasa.com.br\/cuiaba\/wp-json\/wp\/v2\/media?parent=16298"}],"wp:term":[{"taxonomy":"product_brand","embeddable":true,"href":"https:\/\/www.multicasa.com.br\/cuiaba\/wp-json\/wp\/v2\/product_brand?post=16298"},{"taxonomy":"product_cat","embeddable":true,"href":"https:\/\/www.multicasa.com.br\/cuiaba\/wp-json\/wp\/v2\/product_cat?post=16298"},{"taxonomy":"product_tag","embeddable":true,"href":"https:\/\/www.multicasa.com.br\/cuiaba\/wp-json\/wp\/v2\/product_tag?post=16298"}],"curies":[{"name":"wp","href":"https:\/\/api.w.org\/{rel}","templated":true}]}}