{"id":16303,"date":"2025-06-20T19:07:35","date_gmt":"2025-06-20T23:07:35","guid":{"rendered":"http:\/\/www.multicasa.com.br\/cuiaba\/?post_type=product&#038;p=16303"},"modified":"2025-11-21T10:14:36","modified_gmt":"2025-11-21T14:14:36","slug":"te-de-reducao-soldavel-pvc-50x25mm-tigre","status":"publish","type":"product","link":"https:\/\/www.multicasa.com.br\/cuiaba\/produto\/te-de-reducao-soldavel-pvc-50x25mm-tigre\/","title":{"rendered":"T\u00ea De Redu\u00e7\u00e3o Sold\u00e1vel Pvc 50X25Mm Tigre<br>SKU: 749915"},"content":{"rendered":"<p>A pe\u00e7a da Tigre \u00e9 um item de uso exclusivo em rede hidr\u00e1ulica de abastecimentos residenciais ou comerciais. O T\u00ea funciona para redirecionamento do fluxo de \u00e1gua, dividindo a \u00e1gua para outros canos. Esta vers\u00e3o de T\u00ea \u00e9 de redu\u00e7\u00e3o. Em outras palavras: ele permite o encaixe com outros canos de bitola menor ou do menor para o maior. A sua compatibilidade \u00e9 com bitolas de 50&#215;25 mm, o mesmo que 1.1\/2&#215;3\/4 polegadas de di\u00e2metro. <\/p>\n","protected":false},"excerpt":{"rendered":"<h4 style=\"margin: 0px;padding: 0px 0px 16px;font-family: Lato, sans-serif;font-weight: bold;line-height: 3rem;color: var(--dark-grey3);font-size: 22px;font-style: normal;letter-spacing: normal;text-align: start;text-indent: 0px;text-transform: none\">Informa\u00e7\u00f5es t\u00e9cnicas<\/h4>\n<p><span style=\"margin: 0px;padding: 0px;font-weight: 450;font-size: 14px;line-height: 21px;color: var(--dark-grey2);font-family: Lato, sans-serif;font-style: normal;letter-spacing: normal;text-align: start;text-indent: 0px;text-transform: none\">Produto: T\u00ca DE REDU\u00c7\u00c3O SOLD\u00c1VEL<br \/>\nMarca:  TIgre<br \/>\nBitola em Polegadas<br \/>\nUso Indicado:  \u00e1gua Fria<br \/>\nTipo: Sold\u00e1vel<br \/>\nBitola em Polegadas 1.1\/2&#215;3\/4 &#8221;<br \/>\nBitola em Mil\u00edmetros: 50&#215;25 mm<br \/>\nTipo de Material        PVC<br \/>\nCor: Marrom<br \/>\n<\/span><\/p>\n","protected":false},"featured_media":26046,"template":"","meta":{"_joinchat":[]},"product_brand":[],"product_cat":[73],"product_tag":[],"class_list":{"0":"post-16303","1":"product","2":"type-product","3":"status-publish","4":"has-post-thumbnail","6":"product_cat-tubos-e-conexoes","8":"first","9":"instock","10":"shipping-taxable","11":"purchasable","12":"product-type-simple"},"_links":{"self":[{"href":"https:\/\/www.multicasa.com.br\/cuiaba\/wp-json\/wp\/v2\/product\/16303","targetHints":{"allow":["GET"]}}],"collection":[{"href":"https:\/\/www.multicasa.com.br\/cuiaba\/wp-json\/wp\/v2\/product"}],"about":[{"href":"https:\/\/www.multicasa.com.br\/cuiaba\/wp-json\/wp\/v2\/types\/product"}],"wp:featuredmedia":[{"embeddable":true,"href":"https:\/\/www.multicasa.com.br\/cuiaba\/wp-json\/wp\/v2\/media\/26046"}],"wp:attachment":[{"href":"https:\/\/www.multicasa.com.br\/cuiaba\/wp-json\/wp\/v2\/media?parent=16303"}],"wp:term":[{"taxonomy":"product_brand","embeddable":true,"href":"https:\/\/www.multicasa.com.br\/cuiaba\/wp-json\/wp\/v2\/product_brand?post=16303"},{"taxonomy":"product_cat","embeddable":true,"href":"https:\/\/www.multicasa.com.br\/cuiaba\/wp-json\/wp\/v2\/product_cat?post=16303"},{"taxonomy":"product_tag","embeddable":true,"href":"https:\/\/www.multicasa.com.br\/cuiaba\/wp-json\/wp\/v2\/product_tag?post=16303"}],"curies":[{"name":"wp","href":"https:\/\/api.w.org\/{rel}","templated":true}]}}