{"id":16310,"date":"2025-06-20T19:07:36","date_gmt":"2025-06-20T23:07:36","guid":{"rendered":"http:\/\/www.multicasa.com.br\/cuiaba\/?post_type=product&#038;p=16310"},"modified":"2025-09-18T09:18:29","modified_gmt":"2025-09-18T13:18:29","slug":"tubo-aquatherm-28mm-3m-tigre","status":"publish","type":"product","link":"https:\/\/www.multicasa.com.br\/cuiaba\/produto\/tubo-aquatherm-28mm-3m-tigre\/","title":{"rendered":"Tubo Aquatherm 28Mm 3M Tigre<br>SKU: 796212"},"content":{"rendered":"<p>\u00c1gua quente de um jeito f\u00e1cil, seguro e eficiente. O Tubo Aquatherm \u00e9 indispens\u00e1vel na constru\u00e7\u00e3o ou reforma de resid\u00eancias, com\u00e9rcios e ind\u00fastrias, em obras verticais e horizontais.<\/p>\n","protected":false},"excerpt":{"rendered":"<h4 style=\"margin: 0px;padding: 0px 0px 16px;font-family: Lato, sans-serif;font-weight: bold;line-height: 3rem;color: var(--dark-grey3);font-size: 22px;font-style: normal;letter-spacing: normal;text-align: start;text-indent: 0px;text-transform: none\">Informa\u00e7\u00f5es t\u00e9cnicas<\/h4>\n<p><span style=\"margin: 0px;padding: 0px;font-weight: 450;font-size: 14px;line-height: 21px;color: var(--dark-grey2);font-family: Lato, sans-serif;font-style: normal;letter-spacing: normal;text-align: start;text-indent: 0px;text-transform: none\">Produto: TUBO AQUATHERM<br \/>\nMarca: TIGRE<br \/>\nMaterial: Policloreto de Vinila Clorado<br \/>\nBitola: 28mm<br \/>\nComprimento: 3 metros<br \/>\nRefer\u00eancia fornecedor: 17000284<\/span><\/p>\n","protected":false},"featured_media":26166,"template":"","meta":{"_joinchat":[]},"product_brand":[],"product_cat":[73],"product_tag":[],"class_list":{"0":"post-16310","1":"product","2":"type-product","3":"status-publish","4":"has-post-thumbnail","6":"product_cat-tubos-e-conexoes","8":"first","9":"instock","10":"shipping-taxable","11":"purchasable","12":"product-type-simple"},"_links":{"self":[{"href":"https:\/\/www.multicasa.com.br\/cuiaba\/wp-json\/wp\/v2\/product\/16310","targetHints":{"allow":["GET"]}}],"collection":[{"href":"https:\/\/www.multicasa.com.br\/cuiaba\/wp-json\/wp\/v2\/product"}],"about":[{"href":"https:\/\/www.multicasa.com.br\/cuiaba\/wp-json\/wp\/v2\/types\/product"}],"wp:featuredmedia":[{"embeddable":true,"href":"https:\/\/www.multicasa.com.br\/cuiaba\/wp-json\/wp\/v2\/media\/26166"}],"wp:attachment":[{"href":"https:\/\/www.multicasa.com.br\/cuiaba\/wp-json\/wp\/v2\/media?parent=16310"}],"wp:term":[{"taxonomy":"product_brand","embeddable":true,"href":"https:\/\/www.multicasa.com.br\/cuiaba\/wp-json\/wp\/v2\/product_brand?post=16310"},{"taxonomy":"product_cat","embeddable":true,"href":"https:\/\/www.multicasa.com.br\/cuiaba\/wp-json\/wp\/v2\/product_cat?post=16310"},{"taxonomy":"product_tag","embeddable":true,"href":"https:\/\/www.multicasa.com.br\/cuiaba\/wp-json\/wp\/v2\/product_tag?post=16310"}],"curies":[{"name":"wp","href":"https:\/\/api.w.org\/{rel}","templated":true}]}}