{"id":16316,"date":"2025-06-20T19:07:42","date_gmt":"2025-06-20T23:07:42","guid":{"rendered":"http:\/\/www.multicasa.com.br\/cuiaba\/?post_type=product&#038;p=16316"},"modified":"2025-11-10T10:04:19","modified_gmt":"2025-11-10T14:04:19","slug":"tubo-esgoto-75mm-6m-tigre","status":"publish","type":"product","link":"https:\/\/www.multicasa.com.br\/cuiaba\/produto\/tubo-esgoto-75mm-6m-tigre\/","title":{"rendered":"Tubo Esgoto 75Mm 6M Tigre<br>SKU: 798010"},"content":{"rendered":"<p>Muito utilizado em instala\u00e7\u00f5es hidr\u00e1ulicas subterr\u00e2neas ou expostas de \u00e1gua quente e fria, redes de combate a inc\u00eandio e de gases em geral, tubos de descarga de \u00e1gua, reservat\u00f3rios, tanques, acumuladores de \u00e1gua quente, interliga\u00e7\u00f5es de \u00e1gua quente, medidores, botij\u00f5es, entre outros.<\/p>\n","protected":false},"excerpt":{"rendered":"<h4 style=\"margin: 0px;padding: 0px 0px 16px;font-family: Lato, sans-serif;font-weight: bold;line-height: 3rem;color: var(--dark-grey3);font-size: 22px;font-style: normal;letter-spacing: normal;text-align: start;text-indent: 0px;text-transform: none\">Informa\u00e7\u00f5es t\u00e9cnicas<\/h4>\n<p><span style=\"margin: 0px;padding: 0px;font-weight: 450;font-size: 14px;line-height: 21px;color: var(--dark-grey2);font-family: Lato, sans-serif;font-style: normal;letter-spacing: normal;text-align: start;text-indent: 0px;text-transform: none\">Produto: TUBO ESGOTO 75MM 6M       Marca: Tigre   UNIDADE DE MEDIDA        BR<br \/>\nCOMPOSI\u00c7\u00c3O        N\u00e3o<br \/>\nTENS\u00c3O\/VOLTAGEM        N\u00e3o<br \/>\nEMBALAGEM        0<br \/>\nMODELO        N\u00e3o<br \/>\nTIPO DE PRODUTO        TUBO<br \/>\nMATERIAL        COBRE<\/span><\/p>\n","protected":false},"featured_media":26180,"template":"","meta":{"_joinchat":[]},"product_brand":[],"product_cat":[73],"product_tag":[],"class_list":{"0":"post-16316","1":"product","2":"type-product","3":"status-publish","4":"has-post-thumbnail","6":"product_cat-tubos-e-conexoes","8":"first","9":"instock","10":"shipping-taxable","11":"purchasable","12":"product-type-simple"},"_links":{"self":[{"href":"https:\/\/www.multicasa.com.br\/cuiaba\/wp-json\/wp\/v2\/product\/16316","targetHints":{"allow":["GET"]}}],"collection":[{"href":"https:\/\/www.multicasa.com.br\/cuiaba\/wp-json\/wp\/v2\/product"}],"about":[{"href":"https:\/\/www.multicasa.com.br\/cuiaba\/wp-json\/wp\/v2\/types\/product"}],"wp:featuredmedia":[{"embeddable":true,"href":"https:\/\/www.multicasa.com.br\/cuiaba\/wp-json\/wp\/v2\/media\/26180"}],"wp:attachment":[{"href":"https:\/\/www.multicasa.com.br\/cuiaba\/wp-json\/wp\/v2\/media?parent=16316"}],"wp:term":[{"taxonomy":"product_brand","embeddable":true,"href":"https:\/\/www.multicasa.com.br\/cuiaba\/wp-json\/wp\/v2\/product_brand?post=16316"},{"taxonomy":"product_cat","embeddable":true,"href":"https:\/\/www.multicasa.com.br\/cuiaba\/wp-json\/wp\/v2\/product_cat?post=16316"},{"taxonomy":"product_tag","embeddable":true,"href":"https:\/\/www.multicasa.com.br\/cuiaba\/wp-json\/wp\/v2\/product_tag?post=16316"}],"curies":[{"name":"wp","href":"https:\/\/api.w.org\/{rel}","templated":true}]}}