{"id":16322,"date":"2025-06-20T19:07:43","date_gmt":"2025-06-20T23:07:43","guid":{"rendered":"http:\/\/www.multicasa.com.br\/cuiaba\/?post_type=product&#038;p=16322"},"modified":"2026-03-31T10:50:55","modified_gmt":"2026-03-31T14:50:55","slug":"tubo-soldavel-20mm-6m-tigre","status":"publish","type":"product","link":"https:\/\/www.multicasa.com.br\/cuiaba\/produto\/tubo-soldavel-20mm-6m-tigre\/","title":{"rendered":"Tubo Sold\u00e1vel 20Mm 6M Tigre<br>SKU: 802212"},"content":{"rendered":"<p>Tubo sold\u00e1vel em PVC &#8211; Cloreto de polivinila, r\u00edgido, na cor marrom, desenvolvida especialmente para a condu\u00e7\u00e3o de \u00e1gua em temperatura ambiente (20\u00b0C). O tubo de f\u00e1cil instala\u00e7\u00e3o. As juntas s\u00e3o soldadas a frio por meio do adesivo pr\u00f3prio, dispensando o uso de ferramentas e equipamentos espec\u00edficos. Resistente a produtos qu\u00edmicos. Excelente durabilidade, n\u00e3o sofrendo corros\u00e3o.<\/p>\n","protected":false},"excerpt":{"rendered":"<h4 style=\"margin: 0px;padding: 0px 0px 16px;font-family: Lato, sans-serif;font-weight: bold;line-height: 3rem;color: var(--dark-grey3);font-size: 22px;font-style: normal;letter-spacing: normal;text-align: start;text-indent: 0px;text-transform: none\">Informa\u00e7\u00f5es t\u00e9cnicas<\/h4>\n<p><span style=\"margin: 0px;padding: 0px;font-weight: 450;font-size: 14px;line-height: 21px;color: var(--dark-grey2);font-family: Lato, sans-serif;font-style: normal;letter-spacing: normal;text-align: start;text-indent: 0px;text-transform: none\">Produto: TUBO sold\u00e1vel 20MM 6M    Marca: TIGRE     &#8211; Bitola: 20 mm;<\/p>\n<p>&#8211; Comprimento: 6 m.<\/p>\n<p>&#8211; Cor: Marrom.<\/span><\/p>\n","protected":false},"featured_media":26185,"template":"","meta":{"_joinchat":[]},"product_brand":[],"product_cat":[73],"product_tag":[],"class_list":{"0":"post-16322","1":"product","2":"type-product","3":"status-publish","4":"has-post-thumbnail","6":"product_cat-tubos-e-conexoes","8":"first","9":"instock","10":"shipping-taxable","11":"purchasable","12":"product-type-simple"},"_links":{"self":[{"href":"https:\/\/www.multicasa.com.br\/cuiaba\/wp-json\/wp\/v2\/product\/16322","targetHints":{"allow":["GET"]}}],"collection":[{"href":"https:\/\/www.multicasa.com.br\/cuiaba\/wp-json\/wp\/v2\/product"}],"about":[{"href":"https:\/\/www.multicasa.com.br\/cuiaba\/wp-json\/wp\/v2\/types\/product"}],"wp:featuredmedia":[{"embeddable":true,"href":"https:\/\/www.multicasa.com.br\/cuiaba\/wp-json\/wp\/v2\/media\/26185"}],"wp:attachment":[{"href":"https:\/\/www.multicasa.com.br\/cuiaba\/wp-json\/wp\/v2\/media?parent=16322"}],"wp:term":[{"taxonomy":"product_brand","embeddable":true,"href":"https:\/\/www.multicasa.com.br\/cuiaba\/wp-json\/wp\/v2\/product_brand?post=16322"},{"taxonomy":"product_cat","embeddable":true,"href":"https:\/\/www.multicasa.com.br\/cuiaba\/wp-json\/wp\/v2\/product_cat?post=16322"},{"taxonomy":"product_tag","embeddable":true,"href":"https:\/\/www.multicasa.com.br\/cuiaba\/wp-json\/wp\/v2\/product_tag?post=16322"}],"curies":[{"name":"wp","href":"https:\/\/api.w.org\/{rel}","templated":true}]}}