{"id":16403,"date":"2025-06-20T19:08:33","date_gmt":"2025-06-20T23:08:33","guid":{"rendered":"http:\/\/www.multicasa.com.br\/cuiaba\/?post_type=product&#038;p=16403"},"modified":"2025-12-29T15:21:52","modified_gmt":"2025-12-29T19:21:52","slug":"pastilha-concentrada-limpa-para-brisa-safety-car-3g","status":"publish","type":"product","link":"https:\/\/www.multicasa.com.br\/cuiaba\/produto\/pastilha-concentrada-limpa-para-brisa-safety-car-3g\/","title":{"rendered":"Pastilha Concentrada Limpa Para-brisa Safety Car 3g<br>SKU: 2104133"},"content":{"rendered":"<p>A Pastilha Concentrada Limpa Para-brisa Safety Car tem uma tecnologia avan\u00e7ada que limpa at\u00e9 os detritos mais dif\u00edceis como graxas, insetos, fuligem, lama e etc, sem esfor\u00e7o. Sua a\u00e7\u00e3o \u00e9 instant\u00e2nea, f\u00e1cil de usar, basta colocar no reservat\u00f3rio do limpador do carro. Biodegrad\u00e1vel, n\u00e3o danifica a palheta do carro.<\/p>\n","protected":false},"excerpt":{"rendered":"<h4 style=\"margin: 0px;padding: 0px 0px 16px;font-family: Lato, sans-serif;font-weight: bold;line-height: 3rem;color: var(--dark-grey3);font-size: 22px;font-style: normal;letter-spacing: normal;text-align: start;text-indent: 0px;text-transform: none\">Informa\u00e7\u00f5es t\u00e9cnicas<\/h4>\n<p><span style=\"margin: 0px;padding: 0px;font-weight: 450;font-size: 14px;line-height: 21px;color: var(--dark-grey2);font-family: Lato, sans-serif;font-style: normal;letter-spacing: normal;text-align: start;text-indent: 0px;text-transform: none\">Produto: Pastilha Limpa Para-brisa<br \/>\nMarca: Safety Car<br \/>\nCaracter\u00edsticas: Preserva a palheta do carro<br \/>\nColocar no reservat\u00f3rio do limpador<br \/>\nBiodegrad\u00e1vel<br \/>\nEcon\u00f4mico<br \/>\nA\u00e7\u00e3o Instant\u00e2nea<br \/>\nItens Inclusos: 1 Pastilha Limpa Para-brisa<br \/>\nDimens\u00f5es do produto (A X L): 3 x 7,7cm<br \/>\n<\/span><\/p>\n","protected":false},"featured_media":16475,"template":"","meta":{"_joinchat":[]},"product_brand":[],"product_cat":[142],"product_tag":[],"class_list":{"0":"post-16403","1":"product","2":"type-product","3":"status-publish","4":"has-post-thumbnail","6":"product_cat-utilidades-para-automoveis","8":"first","9":"instock","10":"shipping-taxable","11":"purchasable","12":"product-type-simple"},"_links":{"self":[{"href":"https:\/\/www.multicasa.com.br\/cuiaba\/wp-json\/wp\/v2\/product\/16403","targetHints":{"allow":["GET"]}}],"collection":[{"href":"https:\/\/www.multicasa.com.br\/cuiaba\/wp-json\/wp\/v2\/product"}],"about":[{"href":"https:\/\/www.multicasa.com.br\/cuiaba\/wp-json\/wp\/v2\/types\/product"}],"wp:featuredmedia":[{"embeddable":true,"href":"https:\/\/www.multicasa.com.br\/cuiaba\/wp-json\/wp\/v2\/media\/16475"}],"wp:attachment":[{"href":"https:\/\/www.multicasa.com.br\/cuiaba\/wp-json\/wp\/v2\/media?parent=16403"}],"wp:term":[{"taxonomy":"product_brand","embeddable":true,"href":"https:\/\/www.multicasa.com.br\/cuiaba\/wp-json\/wp\/v2\/product_brand?post=16403"},{"taxonomy":"product_cat","embeddable":true,"href":"https:\/\/www.multicasa.com.br\/cuiaba\/wp-json\/wp\/v2\/product_cat?post=16403"},{"taxonomy":"product_tag","embeddable":true,"href":"https:\/\/www.multicasa.com.br\/cuiaba\/wp-json\/wp\/v2\/product_tag?post=16403"}],"curies":[{"name":"wp","href":"https:\/\/api.w.org\/{rel}","templated":true}]}}