{"id":16410,"date":"2025-06-20T19:08:33","date_gmt":"2025-06-20T23:08:33","guid":{"rendered":"http:\/\/www.multicasa.com.br\/cuiaba\/?post_type=product&#038;p=16410"},"modified":"2026-03-28T10:51:52","modified_gmt":"2026-03-28T14:51:52","slug":"bico-para-torneira-em-zamak-3-4x1-2-garden","status":"publish","type":"product","link":"https:\/\/www.multicasa.com.br\/cuiaba\/produto\/bico-para-torneira-em-zamak-3-4x1-2-garden\/","title":{"rendered":"Bico para Torneira em Zamak 3\/4&#215;1\/2&#8221; Garden<br>SKU: 3076938"},"content":{"rendered":"<p>Precisando renovar sua mangueira ou artigos de jardim? Use o bico para torneira em Zamak da Garden. Medindo 3\/4&#8221; x 1\/2??, \u00e9 ideal para acoplar a mangueira nas torneiras e levar praticidade para seu dia-a-dia. Medidas da rosca de 3\/4?? e do bico de 1\/2??. <\/p>\n","protected":false},"excerpt":{"rendered":"<h4 style=\"margin: 0px;padding: 0px 0px 16px;font-family: Lato, sans-serif;font-weight: bold;line-height: 3rem;color: var(--dark-grey3);font-size: 22px;font-style: normal;letter-spacing: normal;text-align: start;text-indent: 0px;text-transform: none\">Informa\u00e7\u00f5es t\u00e9cnicas<\/h4>\n<p><span style=\"margin: 0px;padding: 0px;font-weight: 450;font-size: 14px;line-height: 21px;color: var(--dark-grey2);font-family: Lato, sans-serif;font-style: normal;letter-spacing: normal;text-align: start;text-indent: 0px;text-transform: none\">Produto: Bico para Torneira<br \/>\nMarca: Garden<br \/>\nMaterial: Zamak<br \/>\nCor: Prata<br \/>\nCaracter\u00edsticas: Compat\u00edvel com mangueira de 1\/2 polegadas&#8221;<br \/>\nRosca de 3\/4&#8221;<br \/>\nItens inclusos: 1 Bico para Torneira<br \/>\nDimens\u00f5es do produto em polegadas: 3\/4 x 1\/2&#8243;<br \/>\n<\/span><\/p>\n","protected":false},"featured_media":16484,"template":"","meta":{"_joinchat":[]},"product_brand":[],"product_cat":[76],"product_tag":[],"class_list":{"0":"post-16410","1":"product","2":"type-product","3":"status-publish","4":"has-post-thumbnail","6":"product_cat-jardinagem","8":"first","9":"instock","10":"shipping-taxable","11":"purchasable","12":"product-type-simple"},"_links":{"self":[{"href":"https:\/\/www.multicasa.com.br\/cuiaba\/wp-json\/wp\/v2\/product\/16410","targetHints":{"allow":["GET"]}}],"collection":[{"href":"https:\/\/www.multicasa.com.br\/cuiaba\/wp-json\/wp\/v2\/product"}],"about":[{"href":"https:\/\/www.multicasa.com.br\/cuiaba\/wp-json\/wp\/v2\/types\/product"}],"wp:featuredmedia":[{"embeddable":true,"href":"https:\/\/www.multicasa.com.br\/cuiaba\/wp-json\/wp\/v2\/media\/16484"}],"wp:attachment":[{"href":"https:\/\/www.multicasa.com.br\/cuiaba\/wp-json\/wp\/v2\/media?parent=16410"}],"wp:term":[{"taxonomy":"product_brand","embeddable":true,"href":"https:\/\/www.multicasa.com.br\/cuiaba\/wp-json\/wp\/v2\/product_brand?post=16410"},{"taxonomy":"product_cat","embeddable":true,"href":"https:\/\/www.multicasa.com.br\/cuiaba\/wp-json\/wp\/v2\/product_cat?post=16410"},{"taxonomy":"product_tag","embeddable":true,"href":"https:\/\/www.multicasa.com.br\/cuiaba\/wp-json\/wp\/v2\/product_tag?post=16410"}],"curies":[{"name":"wp","href":"https:\/\/api.w.org\/{rel}","templated":true}]}}