{"id":16441,"date":"2025-06-20T19:08:59","date_gmt":"2025-06-20T23:08:59","guid":{"rendered":"http:\/\/www.multicasa.com.br\/cuiaba\/?post_type=product&#038;p=16441"},"modified":"2026-01-20T14:38:25","modified_gmt":"2026-01-20T18:38:25","slug":"capa-termica-furadinho-para-tabua-de-passar-assessorlar-50cmx145m","status":"publish","type":"product","link":"https:\/\/www.multicasa.com.br\/cuiaba\/produto\/capa-termica-furadinho-para-tabua-de-passar-assessorlar-50cmx145m\/","title":{"rendered":"Capa T\u00e9rmica Furadinho para T\u00e1bua de Passar Assessorlar 50cmx1,45m<br>SKU: 3114597"},"content":{"rendered":"<p>Feita de algod\u00e3o e poli\u00e9ster, a Capa para T\u00e1bua de Passar Furadinho da Assessorlar reflete o calor do ferro, evitando que a superf\u00edcie da sua t\u00e1bua e a do tecido amarelem. Com dimens\u00f5es de 50cm x 1,45m, proporciona maior densidade, melhor deslize e maciez na hora de passar roupas. A Capa para T\u00e1bua de Passar Roupa deixa sua rotina em casa mais f\u00e1cil.<\/p>\n","protected":false},"excerpt":{"rendered":"<h4 style=\"margin: 0px;padding: 0px 0px 16px;font-family: Lato, sans-serif;font-weight: bold;line-height: 3rem;color: var(--dark-grey3);font-size: 22px;font-style: normal;letter-spacing: normal;text-align: start;text-indent: 0px;text-transform: none\">Informa\u00e7\u00f5es t\u00e9cnicas<\/h4>\n<p><span style=\"margin: 0px;padding: 0px;font-weight: 450;font-size: 14px;line-height: 21px;color: var(--dark-grey2);font-family: Lato, sans-serif;font-style: normal;letter-spacing: normal;text-align: start;text-indent: 0px;text-transform: none\">Produto: Capa T\u00e9rmica<br \/>\nMarca: Assessorlar<br \/>\nMaterial: Algod\u00e3o<br \/>\nPoli\u00e9ster<br \/>\nCor: Cinza e Vermelho<br \/>\nUso indicado: Para colocar em sua t\u00e1bua de passar<br \/>\nCaracter\u00edsticas: Reflete o calor do ferro<br \/>\nForro t\u00e9rmico<br \/>\nItens Inclusos: 1 Capa T\u00e9rmica<br \/>\nDimens\u00f5es do produto (A x L x P): 145 x 50cm<br \/>\n<\/span><\/p>\n","protected":false},"featured_media":24895,"template":"","meta":{"_joinchat":[]},"product_brand":[],"product_cat":[95],"product_tag":[],"class_list":{"0":"post-16441","1":"product","2":"type-product","3":"status-publish","4":"has-post-thumbnail","6":"product_cat-lavanderia","8":"first","9":"instock","10":"shipping-taxable","11":"purchasable","12":"product-type-simple"},"_links":{"self":[{"href":"https:\/\/www.multicasa.com.br\/cuiaba\/wp-json\/wp\/v2\/product\/16441","targetHints":{"allow":["GET"]}}],"collection":[{"href":"https:\/\/www.multicasa.com.br\/cuiaba\/wp-json\/wp\/v2\/product"}],"about":[{"href":"https:\/\/www.multicasa.com.br\/cuiaba\/wp-json\/wp\/v2\/types\/product"}],"wp:featuredmedia":[{"embeddable":true,"href":"https:\/\/www.multicasa.com.br\/cuiaba\/wp-json\/wp\/v2\/media\/24895"}],"wp:attachment":[{"href":"https:\/\/www.multicasa.com.br\/cuiaba\/wp-json\/wp\/v2\/media?parent=16441"}],"wp:term":[{"taxonomy":"product_brand","embeddable":true,"href":"https:\/\/www.multicasa.com.br\/cuiaba\/wp-json\/wp\/v2\/product_brand?post=16441"},{"taxonomy":"product_cat","embeddable":true,"href":"https:\/\/www.multicasa.com.br\/cuiaba\/wp-json\/wp\/v2\/product_cat?post=16441"},{"taxonomy":"product_tag","embeddable":true,"href":"https:\/\/www.multicasa.com.br\/cuiaba\/wp-json\/wp\/v2\/product_tag?post=16441"}],"curies":[{"name":"wp","href":"https:\/\/api.w.org\/{rel}","templated":true}]}}