{"id":16468,"date":"2025-06-20T19:09:23","date_gmt":"2025-06-20T23:09:23","guid":{"rendered":"http:\/\/www.multicasa.com.br\/cuiaba\/?post_type=product&#038;p=16468"},"modified":"2026-04-25T11:20:28","modified_gmt":"2026-04-25T15:20:28","slug":"modulo-placa-cega-liz-branco-tramontina-4x2","status":"publish","type":"product","link":"https:\/\/www.multicasa.com.br\/cuiaba\/produto\/modulo-placa-cega-liz-branco-tramontina-4x2\/","title":{"rendered":"M\u00f3dulo Placa Cega Liz Branco Tramontina 4&#215;2<br>SKU: 3122247"},"content":{"rendered":"<p>M\u00f3dulo Placa Cega Liz Tramontina 4&#215;2, produzido em pl\u00e1stico ABS branco com acabamento brilhoso que n\u00e3o ret\u00e9m poeira. Seu encaixe \u00e9 manual com suporte pass\u00edvel de regulagem para o ajuste perfeito, acompanhado de parafusos que promovem uma fixa\u00e7\u00e3o n\u00e3o aparente. Unindo qualidade e praticidade.<\/p>\n","protected":false},"excerpt":{"rendered":"<h4 style=\"margin: 0px;padding: 0px 0px 16px;font-family: Lato, sans-serif;font-weight: bold;line-height: 3rem;color: var(--dark-grey3);font-size: 22px;font-style: normal;letter-spacing: normal;text-align: start;text-indent: 0px;text-transform: none\">Informa\u00e7\u00f5es t\u00e9cnicas<\/h4>\n<p><span style=\"margin: 0px;padding: 0px;font-weight: 450;font-size: 14px;line-height: 21px;color: var(--dark-grey2);font-family: Lato, sans-serif;font-style: normal;letter-spacing: normal;text-align: start;text-indent: 0px;text-transform: none\">Produto: M\u00f3dulo Placa Cega<br \/>\nMarca: Tramontina<br \/>\nMaterial: Pl\u00e1stico Abs<br \/>\nAcabamento: Brilhoso<br \/>\nCor: Branco<br \/>\nCaracter\u00edsticas: Acompanha parafusos<br \/>\nItens inclusos: 1m\u00f3dulo Placa Cega<br \/>\nDimens\u00f5es do produto em polegadas: 4&#215;2<br \/>\nDimens\u00f5es do produto (A X L ): 12 x 8,2cm<br \/>\nPeso do produto: 45g<br \/>\n<\/span><\/p>\n","protected":false},"featured_media":16532,"template":"","meta":{"_joinchat":[]},"product_brand":[],"product_cat":[144],"product_tag":[],"class_list":{"0":"post-16468","1":"product","2":"type-product","3":"status-publish","4":"has-post-thumbnail","6":"product_cat-tomadas-e-cia","8":"first","9":"instock","10":"shipping-taxable","11":"purchasable","12":"product-type-simple"},"_links":{"self":[{"href":"https:\/\/www.multicasa.com.br\/cuiaba\/wp-json\/wp\/v2\/product\/16468","targetHints":{"allow":["GET"]}}],"collection":[{"href":"https:\/\/www.multicasa.com.br\/cuiaba\/wp-json\/wp\/v2\/product"}],"about":[{"href":"https:\/\/www.multicasa.com.br\/cuiaba\/wp-json\/wp\/v2\/types\/product"}],"wp:featuredmedia":[{"embeddable":true,"href":"https:\/\/www.multicasa.com.br\/cuiaba\/wp-json\/wp\/v2\/media\/16532"}],"wp:attachment":[{"href":"https:\/\/www.multicasa.com.br\/cuiaba\/wp-json\/wp\/v2\/media?parent=16468"}],"wp:term":[{"taxonomy":"product_brand","embeddable":true,"href":"https:\/\/www.multicasa.com.br\/cuiaba\/wp-json\/wp\/v2\/product_brand?post=16468"},{"taxonomy":"product_cat","embeddable":true,"href":"https:\/\/www.multicasa.com.br\/cuiaba\/wp-json\/wp\/v2\/product_cat?post=16468"},{"taxonomy":"product_tag","embeddable":true,"href":"https:\/\/www.multicasa.com.br\/cuiaba\/wp-json\/wp\/v2\/product_tag?post=16468"}],"curies":[{"name":"wp","href":"https:\/\/api.w.org\/{rel}","templated":true}]}}