{"id":16495,"date":"2025-06-20T19:09:46","date_gmt":"2025-06-20T23:09:46","guid":{"rendered":"http:\/\/www.multicasa.com.br\/cuiaba\/?post_type=product&#038;p=16495"},"modified":"2026-03-24T14:50:30","modified_gmt":"2026-03-24T18:50:30","slug":"kit-parafuso-para-fixacao-de-caixa-acoplada-blukit-2-pecas","status":"publish","type":"product","link":"https:\/\/www.multicasa.com.br\/cuiaba\/produto\/kit-parafuso-para-fixacao-de-caixa-acoplada-blukit-2-pecas\/","title":{"rendered":"Kit Parafuso para Fixa\u00e7\u00e3o de Caixa Acoplada Blukit 2 Pe\u00e7as<br>SKU: 3371530"},"content":{"rendered":"<p>O Kit parafuso para fixa\u00e7\u00e3o de caixa acoplada Blukit foi desenvolvido para deixar manuten\u00e7\u00f5es e ajustes mais simples. S\u00e3o 2 parafusos que fixam a caixa acoplada na lou\u00e7a, garantindo seguran\u00e7a e estabilidade. Ideal para quem gosta de resolver imprevistos com agilidade e efici\u00eancia.<\/p>\n","protected":false},"excerpt":{"rendered":"<h4 style=\"margin: 0px;padding: 0px 0px 16px;font-family: Lato, sans-serif;font-weight: bold;line-height: 3rem;color: var(--dark-grey3);font-size: 22px;font-style: normal;letter-spacing: normal;text-align: start;text-indent: 0px;text-transform: none\">Informa\u00e7\u00f5es t\u00e9cnicas<\/h4>\n<p><span style=\"margin: 0px;padding: 0px;font-weight: 450;font-size: 14px;line-height: 21px;color: var(--dark-grey2);font-family: Lato, sans-serif;font-style: normal;letter-spacing: normal;text-align: start;text-indent: 0px;text-transform: none\">Produto: Kit Parafuso de fixa\u00e7\u00e3o<br \/>\nMarca: Blukit<br \/>\nMaterial: Pl\u00e1sticos de engenharia<br \/>\nElast\u00f4meros<br \/>\nCor Branco e azul<br \/>\nUso indicado: Fixa\u00e7\u00e3o de caixa acoplada<br \/>\nItens Inclusos: 2 Parafusos de fixa\u00e7\u00e3o<br \/>\nDimens\u00f5es do produto (A X L): 10 x 80mm<br \/>\nGarantia: 1 ano pelo fabricante<br \/>\n<\/span><\/p>\n","protected":false},"featured_media":16557,"template":"","meta":{"_joinchat":[]},"product_brand":[],"product_cat":[74],"product_tag":[],"class_list":{"0":"post-16495","1":"product","2":"type-product","3":"status-publish","4":"has-post-thumbnail","6":"product_cat-reparos-hidraulicos","8":"first","9":"instock","10":"shipping-taxable","11":"purchasable","12":"product-type-simple"},"_links":{"self":[{"href":"https:\/\/www.multicasa.com.br\/cuiaba\/wp-json\/wp\/v2\/product\/16495","targetHints":{"allow":["GET"]}}],"collection":[{"href":"https:\/\/www.multicasa.com.br\/cuiaba\/wp-json\/wp\/v2\/product"}],"about":[{"href":"https:\/\/www.multicasa.com.br\/cuiaba\/wp-json\/wp\/v2\/types\/product"}],"wp:featuredmedia":[{"embeddable":true,"href":"https:\/\/www.multicasa.com.br\/cuiaba\/wp-json\/wp\/v2\/media\/16557"}],"wp:attachment":[{"href":"https:\/\/www.multicasa.com.br\/cuiaba\/wp-json\/wp\/v2\/media?parent=16495"}],"wp:term":[{"taxonomy":"product_brand","embeddable":true,"href":"https:\/\/www.multicasa.com.br\/cuiaba\/wp-json\/wp\/v2\/product_brand?post=16495"},{"taxonomy":"product_cat","embeddable":true,"href":"https:\/\/www.multicasa.com.br\/cuiaba\/wp-json\/wp\/v2\/product_cat?post=16495"},{"taxonomy":"product_tag","embeddable":true,"href":"https:\/\/www.multicasa.com.br\/cuiaba\/wp-json\/wp\/v2\/product_tag?post=16495"}],"curies":[{"name":"wp","href":"https:\/\/api.w.org\/{rel}","templated":true}]}}