{"id":16496,"date":"2025-06-20T19:09:46","date_gmt":"2025-06-20T23:09:46","guid":{"rendered":"http:\/\/www.multicasa.com.br\/cuiaba\/?post_type=product&#038;p=16496"},"modified":"2026-03-24T14:50:32","modified_gmt":"2026-03-24T18:50:32","slug":"carrapeta-com-vedante-de-torneira-abs-1-2-blukit","status":"publish","type":"product","link":"https:\/\/www.multicasa.com.br\/cuiaba\/produto\/carrapeta-com-vedante-de-torneira-abs-1-2-blukit\/","title":{"rendered":"Carrapeta com Vedante de Torneira Abs 1\/2&#8243; Blukit<br>SKU: 3402223"},"content":{"rendered":"<p>A carrapeta com vedante de torneira da Blukit \u00e9 ideal para evitar pequenos vazamentos de torneiras, como aquele ?pinga-pinga? que fica quando fechamos. Feita de ABS e borracha, est\u00e1 dispon\u00edvel na cor branco e preto e tamb\u00e9m pode ser usada em registros e facilita pequenos reparos do dia-a-dia. Mede 1\/2.<\/p>\n","protected":false},"excerpt":{"rendered":"<h4 style=\"margin: 0px;padding: 0px 0px 16px;font-family: Lato, sans-serif;font-weight: bold;line-height: 3rem;color: var(--dark-grey3);font-size: 22px;font-style: normal;letter-spacing: normal;text-align: start;text-indent: 0px;text-transform: none\">Informa\u00e7\u00f5es t\u00e9cnicas<\/h4>\n<p><span style=\"margin: 0px;padding: 0px;font-weight: 450;font-size: 14px;line-height: 21px;color: var(--dark-grey2);font-family: Lato, sans-serif;font-style: normal;letter-spacing: normal;text-align: start;text-indent: 0px;text-transform: none\">Produto: Carrapeta com Vedante<br \/>\nMarca: Blukit<br \/>\nMaterial: Borracha<br \/>\nAbs<br \/>\nCor: Branco e preto<br \/>\nCaracter\u00edsticas: Para torneiras de 1\/2 ?<br \/>\nItens Inclusos: 1 Carrapeta com Vedante<br \/>\nDimens\u00f5es do produto em polegadas: 1\/2?<br \/>\n<\/span><\/p>\n","protected":false},"featured_media":16560,"template":"","meta":{"_joinchat":[]},"product_brand":[],"product_cat":[74],"product_tag":[],"class_list":{"0":"post-16496","1":"product","2":"type-product","3":"status-publish","4":"has-post-thumbnail","6":"product_cat-reparos-hidraulicos","8":"first","9":"instock","10":"shipping-taxable","11":"purchasable","12":"product-type-simple"},"_links":{"self":[{"href":"https:\/\/www.multicasa.com.br\/cuiaba\/wp-json\/wp\/v2\/product\/16496","targetHints":{"allow":["GET"]}}],"collection":[{"href":"https:\/\/www.multicasa.com.br\/cuiaba\/wp-json\/wp\/v2\/product"}],"about":[{"href":"https:\/\/www.multicasa.com.br\/cuiaba\/wp-json\/wp\/v2\/types\/product"}],"wp:featuredmedia":[{"embeddable":true,"href":"https:\/\/www.multicasa.com.br\/cuiaba\/wp-json\/wp\/v2\/media\/16560"}],"wp:attachment":[{"href":"https:\/\/www.multicasa.com.br\/cuiaba\/wp-json\/wp\/v2\/media?parent=16496"}],"wp:term":[{"taxonomy":"product_brand","embeddable":true,"href":"https:\/\/www.multicasa.com.br\/cuiaba\/wp-json\/wp\/v2\/product_brand?post=16496"},{"taxonomy":"product_cat","embeddable":true,"href":"https:\/\/www.multicasa.com.br\/cuiaba\/wp-json\/wp\/v2\/product_cat?post=16496"},{"taxonomy":"product_tag","embeddable":true,"href":"https:\/\/www.multicasa.com.br\/cuiaba\/wp-json\/wp\/v2\/product_tag?post=16496"}],"curies":[{"name":"wp","href":"https:\/\/api.w.org\/{rel}","templated":true}]}}