{"id":16515,"date":"2025-06-20T19:10:07","date_gmt":"2025-06-20T23:10:07","guid":{"rendered":"http:\/\/www.multicasa.com.br\/cuiaba\/?post_type=product&#038;p=16515"},"modified":"2026-04-06T15:52:26","modified_gmt":"2026-04-06T19:52:26","slug":"modulo-placa-4-postos-separados-liz-branco-tramontina-4x4","status":"publish","type":"product","link":"https:\/\/www.multicasa.com.br\/cuiaba\/produto\/modulo-placa-4-postos-separados-liz-branco-tramontina-4x4\/","title":{"rendered":"M\u00f3dulo Placa 4 Postos Separados Liz Branco Tramontina 4&#215;4<br>SKU: 3427463"},"content":{"rendered":"<p>O M\u00f3dulo Placa Liz Branco 4&#215;4 Tramontina tem 4 postos separados verticais pass\u00edveis de regulagem para perfeito ajuste, que permitem a instala\u00e7\u00e3o de tomadas e interruptores de forma mais elegante. Produzido em pl\u00e1stico de abs branco com acabamento brilhoso que n\u00e3o ret\u00e9m poeira. Acompanha parafusos para instala\u00e7\u00e3o que permitem uma fixa\u00e7\u00e3o n\u00e3o aparente. <\/p>\n","protected":false},"excerpt":{"rendered":"<h4 style=\"margin: 0px;padding: 0px 0px 16px;font-family: Lato, sans-serif;font-weight: bold;line-height: 3rem;color: var(--dark-grey3);font-size: 22px;font-style: normal;letter-spacing: normal;text-align: start;text-indent: 0px;text-transform: none\">Informa\u00e7\u00f5es t\u00e9cnicas<\/h4>\n<p><span style=\"margin: 0px;padding: 0px;font-weight: 450;font-size: 14px;line-height: 21px;color: var(--dark-grey2);font-family: Lato, sans-serif;font-style: normal;letter-spacing: normal;text-align: start;text-indent: 0px;text-transform: none\">Produto: M\u00f3dulo Placa<br \/>\nMarca: Tramontina<br \/>\nMaterial: Pl\u00e1stico Abs<br \/>\nAcabamento: Brilhoso<br \/>\nCor: Branco<br \/>\nCaracter\u00edsticas: 4 postos separados<br \/>\nAcompanha parafusos<br \/>\nItens inclusos: 1m\u00f3dulo Placa<br \/>\nDimens\u00f5es do produto em polegadas: 4&#215;4<br \/>\nDimens\u00f5es do produto (A X L): 13,2 x 12cm<br \/>\nPeso do produto: 70g<br \/>\n<\/span><\/p>\n","protected":false},"featured_media":16565,"template":"","meta":{"_joinchat":[]},"product_brand":[],"product_cat":[144],"product_tag":[],"class_list":{"0":"post-16515","1":"product","2":"type-product","3":"status-publish","4":"has-post-thumbnail","6":"product_cat-tomadas-e-cia","8":"first","9":"instock","10":"shipping-taxable","11":"purchasable","12":"product-type-simple"},"_links":{"self":[{"href":"https:\/\/www.multicasa.com.br\/cuiaba\/wp-json\/wp\/v2\/product\/16515","targetHints":{"allow":["GET"]}}],"collection":[{"href":"https:\/\/www.multicasa.com.br\/cuiaba\/wp-json\/wp\/v2\/product"}],"about":[{"href":"https:\/\/www.multicasa.com.br\/cuiaba\/wp-json\/wp\/v2\/types\/product"}],"wp:featuredmedia":[{"embeddable":true,"href":"https:\/\/www.multicasa.com.br\/cuiaba\/wp-json\/wp\/v2\/media\/16565"}],"wp:attachment":[{"href":"https:\/\/www.multicasa.com.br\/cuiaba\/wp-json\/wp\/v2\/media?parent=16515"}],"wp:term":[{"taxonomy":"product_brand","embeddable":true,"href":"https:\/\/www.multicasa.com.br\/cuiaba\/wp-json\/wp\/v2\/product_brand?post=16515"},{"taxonomy":"product_cat","embeddable":true,"href":"https:\/\/www.multicasa.com.br\/cuiaba\/wp-json\/wp\/v2\/product_cat?post=16515"},{"taxonomy":"product_tag","embeddable":true,"href":"https:\/\/www.multicasa.com.br\/cuiaba\/wp-json\/wp\/v2\/product_tag?post=16515"}],"curies":[{"name":"wp","href":"https:\/\/api.w.org\/{rel}","templated":true}]}}