{"id":16575,"date":"2025-06-20T19:10:55","date_gmt":"2025-06-20T23:10:55","guid":{"rendered":"http:\/\/www.multicasa.com.br\/cuiaba\/?post_type=product&#038;p=16575"},"modified":"2026-04-17T13:21:46","modified_gmt":"2026-04-17T17:21:46","slug":"pazinha-larga-para-jardinagem-com-cabo-de-madeira-tramontina","status":"publish","type":"product","link":"https:\/\/www.multicasa.com.br\/cuiaba\/produto\/pazinha-larga-para-jardinagem-com-cabo-de-madeira-tramontina\/","title":{"rendered":"Pazinha Larga para Jardinagem com Cabo de Madeira Tramontina<br>SKU: 4019539"},"content":{"rendered":"<p>Pazinha Larga para Jardinagem Tramontina da linha sweet garden, produzida em a\u00e7o carbono de alta qualidade com cabo de madeira madeira de origem renov\u00e1vel e acabamento envernizado. \u00c9 pr\u00f3pria para atividades de cavar o solo, mover ou transplantar terra, seu cabo proporciona maior conforto no uso e mais praticidade para o dia a dia. A pazinha \u00e9 perfeita para voc\u00ea cuidar do seu jardim, \u00e9 leve e voc\u00ea ter\u00e1 que fazer menos esfor\u00e7o f\u00edsico, tornando o trabalho mais prazeroso.<\/p>\n","protected":false},"excerpt":{"rendered":"<h4 style=\"margin: 0px;padding: 0px 0px 16px;font-family: Lato, sans-serif;font-weight: bold;line-height: 3rem;color: var(--dark-grey3);font-size: 22px;font-style: normal;letter-spacing: normal;text-align: start;text-indent: 0px;text-transform: none\">Informa\u00e7\u00f5es t\u00e9cnicas<\/h4>\n<p><span style=\"margin: 0px;padding: 0px;font-weight: 450;font-size: 14px;line-height: 21px;color: var(--dark-grey2);font-family: Lato, sans-serif;font-style: normal;letter-spacing: normal;text-align: start;text-indent: 0px;text-transform: none\">Produto: Pazinha para Jardinagem<br \/>\nTipo: Larga<br \/>\nMarca: Tramontina<br \/>\nMaterial: A\u00e7o carbono especial<br \/>\nCabo de madeira<br \/>\nAcabamento: Pintura eletrost\u00e1tica<br \/>\nCor: Laranja<br \/>\nUso indicado: Para cavar solo e transplantar mudas<br \/>\nCaracter\u00edsticas: Resistente<br \/>\nEnvernizado<br \/>\nLeve<br \/>\nItens Inclusos: 1 Pazinha para Jardinagem<br \/>\nDimens\u00f5es do produto (A X L X P): 30,6 x 6,5 x 5,8cm<br \/>\n<\/span><\/p>\n","protected":false},"featured_media":16629,"template":"","meta":{"_joinchat":[]},"product_brand":[],"product_cat":[76],"product_tag":[],"class_list":{"0":"post-16575","1":"product","2":"type-product","3":"status-publish","4":"has-post-thumbnail","6":"product_cat-jardinagem","8":"first","9":"instock","10":"shipping-taxable","11":"purchasable","12":"product-type-simple"},"_links":{"self":[{"href":"https:\/\/www.multicasa.com.br\/cuiaba\/wp-json\/wp\/v2\/product\/16575","targetHints":{"allow":["GET"]}}],"collection":[{"href":"https:\/\/www.multicasa.com.br\/cuiaba\/wp-json\/wp\/v2\/product"}],"about":[{"href":"https:\/\/www.multicasa.com.br\/cuiaba\/wp-json\/wp\/v2\/types\/product"}],"wp:featuredmedia":[{"embeddable":true,"href":"https:\/\/www.multicasa.com.br\/cuiaba\/wp-json\/wp\/v2\/media\/16629"}],"wp:attachment":[{"href":"https:\/\/www.multicasa.com.br\/cuiaba\/wp-json\/wp\/v2\/media?parent=16575"}],"wp:term":[{"taxonomy":"product_brand","embeddable":true,"href":"https:\/\/www.multicasa.com.br\/cuiaba\/wp-json\/wp\/v2\/product_brand?post=16575"},{"taxonomy":"product_cat","embeddable":true,"href":"https:\/\/www.multicasa.com.br\/cuiaba\/wp-json\/wp\/v2\/product_cat?post=16575"},{"taxonomy":"product_tag","embeddable":true,"href":"https:\/\/www.multicasa.com.br\/cuiaba\/wp-json\/wp\/v2\/product_tag?post=16575"}],"curies":[{"name":"wp","href":"https:\/\/api.w.org\/{rel}","templated":true}]}}