{"id":16610,"date":"2025-06-20T19:11:21","date_gmt":"2025-06-20T23:11:21","guid":{"rendered":"http:\/\/www.multicasa.com.br\/cuiaba\/?post_type=product&#038;p=16610"},"modified":"2026-01-07T16:20:10","modified_gmt":"2026-01-07T20:20:10","slug":"suporte-para-modulo-pialplus-branco-pial-4x2","status":"publish","type":"product","link":"https:\/\/www.multicasa.com.br\/cuiaba\/produto\/suporte-para-modulo-pialplus-branco-pial-4x2\/","title":{"rendered":"Suporte para M\u00f3dulo Pialplus Branco Pial 4&#215;2<br>SKU: 1997912"},"content":{"rendered":"<p>O suporte para m\u00f3dulo 4&#215;2 Pialplus Pial suporta altas temperaturas, resiste a tens\u00f5es de at\u00e9 250v, possui acabamento anti-est\u00e1tico e foi produzido em termopl\u00e1stico para garantir seguran\u00e7a e efici\u00eancia. Ideal para ser utilizado em casa ou locais de trabalho, leva delicadeza e qualidade \u00e0 instala\u00e7\u00e3o el\u00e9trica. Dispon\u00edvel na cor branca, \u00e9 compat\u00edvel com 3 m\u00f3dulos. Acompanham 2 parafusos para fixa\u00e7\u00e3o.<\/p>\n","protected":false},"excerpt":{"rendered":"<h4 style=\"margin: 0px;padding: 0px 0px 16px;font-family: Lato, sans-serif;font-weight: bold;line-height: 3rem;color: var(--dark-grey3);font-size: 22px;font-style: normal;letter-spacing: normal;text-align: start;text-indent: 0px;text-transform: none\">Informa\u00e7\u00f5es t\u00e9cnicas<\/h4>\n<p><span style=\"margin: 0px;padding: 0px;font-weight: 450;font-size: 14px;line-height: 21px;color: var(--dark-grey2);font-family: Lato, sans-serif;font-style: normal;letter-spacing: normal;text-align: start;text-indent: 0px;text-transform: none\">Produto: Suporte para M\u00f3dulo<br \/>\nMarca: Pial<br \/>\nMaterial: Termopl\u00e1stico<br \/>\nAcabamento: Anti-est\u00e1tico<br \/>\nCor: Branco<br \/>\nCaracter\u00edsticas: 3m\u00f3dulos<br \/>\nResistente a tens\u00f5es de at\u00e9 250v<br \/>\nQuantidade de pe\u00e7as: 3<br \/>\nItens inclusos: 1 Suporte para M\u00f3dulo<br \/>\n2 parafusos<br \/>\nDimens\u00f5es do produto em polegadas: 4&#215;2<br \/>\nDimens\u00f5es do produto (A X L X P): 10 x 40 x 60mm<br \/>\n<\/span><\/p>\n","protected":false},"featured_media":16677,"template":"","meta":{"_joinchat":[]},"product_brand":[],"product_cat":[144],"product_tag":[],"class_list":{"0":"post-16610","1":"product","2":"type-product","3":"status-publish","4":"has-post-thumbnail","6":"product_cat-tomadas-e-cia","8":"first","9":"instock","10":"shipping-taxable","11":"purchasable","12":"product-type-simple"},"_links":{"self":[{"href":"https:\/\/www.multicasa.com.br\/cuiaba\/wp-json\/wp\/v2\/product\/16610","targetHints":{"allow":["GET"]}}],"collection":[{"href":"https:\/\/www.multicasa.com.br\/cuiaba\/wp-json\/wp\/v2\/product"}],"about":[{"href":"https:\/\/www.multicasa.com.br\/cuiaba\/wp-json\/wp\/v2\/types\/product"}],"wp:featuredmedia":[{"embeddable":true,"href":"https:\/\/www.multicasa.com.br\/cuiaba\/wp-json\/wp\/v2\/media\/16677"}],"wp:attachment":[{"href":"https:\/\/www.multicasa.com.br\/cuiaba\/wp-json\/wp\/v2\/media?parent=16610"}],"wp:term":[{"taxonomy":"product_brand","embeddable":true,"href":"https:\/\/www.multicasa.com.br\/cuiaba\/wp-json\/wp\/v2\/product_brand?post=16610"},{"taxonomy":"product_cat","embeddable":true,"href":"https:\/\/www.multicasa.com.br\/cuiaba\/wp-json\/wp\/v2\/product_cat?post=16610"},{"taxonomy":"product_tag","embeddable":true,"href":"https:\/\/www.multicasa.com.br\/cuiaba\/wp-json\/wp\/v2\/product_tag?post=16610"}],"curies":[{"name":"wp","href":"https:\/\/api.w.org\/{rel}","templated":true}]}}