{"id":16611,"date":"2025-06-20T19:11:21","date_gmt":"2025-06-20T23:11:21","guid":{"rendered":"http:\/\/www.multicasa.com.br\/cuiaba\/?post_type=product&#038;p=16611"},"modified":"2025-11-22T11:34:50","modified_gmt":"2025-11-22T15:34:50","slug":"modulo-placa-cega-branco-pial-4x2","status":"publish","type":"product","link":"https:\/\/www.multicasa.com.br\/cuiaba\/produto\/modulo-placa-cega-branco-pial-4x2\/","title":{"rendered":"M\u00f3dulo Placa Cega Branco Pial 4&#215;2<br>SKU: 1998617"},"content":{"rendered":"<p>O M\u00f3dulo Placa Cega Branco Pial \u00e9 original e combina com todo tipo de decora\u00e7\u00e3o. Produzido em pl\u00e1stico isolante branco 4&#215;2, para cobrir buracos de tomadas ou interruptores que n\u00e3o est\u00e3o em uso. Proporciona conforto e beleza para ambientes residenciais e comerciais.<\/p>\n","protected":false},"excerpt":{"rendered":"<h4 style=\"margin: 0px;padding: 0px 0px 16px;font-family: Lato, sans-serif;font-weight: bold;line-height: 3rem;color: var(--dark-grey3);font-size: 22px;font-style: normal;letter-spacing: normal;text-align: start;text-indent: 0px;text-transform: none\">Informa\u00e7\u00f5es t\u00e9cnicas<\/h4>\n<p><span style=\"margin: 0px;padding: 0px;font-weight: 450;font-size: 14px;line-height: 21px;color: var(--dark-grey2);font-family: Lato, sans-serif;font-style: normal;letter-spacing: normal;text-align: start;text-indent: 0px;text-transform: none\">Produto: M\u00f3dulo Placa<br \/>\nMarca: Pial<br \/>\nMaterial: Pl\u00e1stico isolante<br \/>\nCor: Branco<br \/>\nCaracter\u00edsticas: Vertical<br \/>\nCega<br \/>\nItens inclusos: 1m\u00f3dulo<br \/>\nDimens\u00f5es do produto em polegadas: 4&#215;2<br \/>\nDimens\u00f5es do produto (A X L): 18 x 8cm<br \/>\n<\/span><\/p>\n","protected":false},"featured_media":16678,"template":"","meta":{"_joinchat":[]},"product_brand":[],"product_cat":[144],"product_tag":[],"class_list":{"0":"post-16611","1":"product","2":"type-product","3":"status-publish","4":"has-post-thumbnail","6":"product_cat-tomadas-e-cia","8":"first","9":"instock","10":"shipping-taxable","11":"purchasable","12":"product-type-simple"},"_links":{"self":[{"href":"https:\/\/www.multicasa.com.br\/cuiaba\/wp-json\/wp\/v2\/product\/16611","targetHints":{"allow":["GET"]}}],"collection":[{"href":"https:\/\/www.multicasa.com.br\/cuiaba\/wp-json\/wp\/v2\/product"}],"about":[{"href":"https:\/\/www.multicasa.com.br\/cuiaba\/wp-json\/wp\/v2\/types\/product"}],"wp:featuredmedia":[{"embeddable":true,"href":"https:\/\/www.multicasa.com.br\/cuiaba\/wp-json\/wp\/v2\/media\/16678"}],"wp:attachment":[{"href":"https:\/\/www.multicasa.com.br\/cuiaba\/wp-json\/wp\/v2\/media?parent=16611"}],"wp:term":[{"taxonomy":"product_brand","embeddable":true,"href":"https:\/\/www.multicasa.com.br\/cuiaba\/wp-json\/wp\/v2\/product_brand?post=16611"},{"taxonomy":"product_cat","embeddable":true,"href":"https:\/\/www.multicasa.com.br\/cuiaba\/wp-json\/wp\/v2\/product_cat?post=16611"},{"taxonomy":"product_tag","embeddable":true,"href":"https:\/\/www.multicasa.com.br\/cuiaba\/wp-json\/wp\/v2\/product_tag?post=16611"}],"curies":[{"name":"wp","href":"https:\/\/api.w.org\/{rel}","templated":true}]}}