{"id":16634,"date":"2025-06-20T19:11:43","date_gmt":"2025-06-20T23:11:43","guid":{"rendered":"http:\/\/www.multicasa.com.br\/cuiaba\/?post_type=product&#038;p=16634"},"modified":"2026-04-18T09:30:14","modified_gmt":"2026-04-18T13:30:14","slug":"alicate-tramontina-bico-meia-cana-de-aco-6","status":"publish","type":"product","link":"https:\/\/www.multicasa.com.br\/cuiaba\/produto\/alicate-tramontina-bico-meia-cana-de-aco-6\/","title":{"rendered":"Alicate Tramontina Bico Meia Cana de A\u00e7o 6&#8243;<br>SKU: 27014"},"content":{"rendered":"<p>O Alicate de Bico Meia Cana de 6 Polegadas Isolado 1000V da Tramontina \u00e9 a ferramenta que faltava em sua maleta. Um alicate com bico longo, que vai te auxiliar nos trabalhos em locais de dif\u00edcil acesso ou executar tarefas mais delicadas. Muito utilizado nos servi\u00e7os el\u00e9tricos e de telefonia, por ter o bico longo, sua mand\u00edbula conta com espa\u00e7o para corte de arames e espa\u00e7o serrilhado para pegar objetos e mant\u00ea-los firmes. Produzido em a\u00e7o especial com t\u00eampera especial no gume garante um item altamente resistente; al\u00e9m de ser seguro, pois seu cabo possui isola\u00e7\u00e3o 1.000 V para uso em locais com baixas tens\u00f5es. A ferramenta ideal para o seu trabalho!<\/p>\n","protected":false},"excerpt":{"rendered":"<h4 style=\"margin: 0px;padding: 0px 0px 16px;font-family: Lato, sans-serif;font-weight: bold;line-height: 3rem;color: var(--dark-grey3);font-size: 22px;font-style: normal;letter-spacing: normal;text-align: start;text-indent: 0px;text-transform: none\">Informa\u00e7\u00f5es t\u00e9cnicas<\/h4>\n<p><span style=\"margin: 0px;padding: 0px;font-weight: 450;font-size: 14px;line-height: 21px;color: var(--dark-grey2);font-family: Lato, sans-serif;font-style: normal;letter-spacing: normal;text-align: start;text-indent: 0px;text-transform: none\">Produto: Alicate<br \/>\nTipo: Bico Meia Cana<br \/>\nMarca: Tramontina<br \/>\nMaterial:  A\u00e7o carbono temperado<br \/>\nCor: Amarelo<br \/>\nCaracter\u00edsticas: Cabe\u00e7a e articula\u00e7\u00e3o lixadas, t\u00eampera especial no gume de corte e mand\u00edbulas, acabamento fosfatizado, isola\u00e7\u00e3o 1.000 V, formato ergon\u00f4mico.<br \/>\nItens Inclusos: 1 alicate bico meia cana<br \/>\nDimens\u00f5es do produto em polegadas: 6\u0094<br \/>\nDimens\u00f5es do produto (A x L x P): 16,9 x 5,4 x 1,42cm<br \/>\nPeso: 0,16kg<\/span><\/p>\n","protected":false},"featured_media":16704,"template":"","meta":{"_joinchat":[]},"product_brand":[],"product_cat":[137],"product_tag":[],"class_list":{"0":"post-16634","1":"product","2":"type-product","3":"status-publish","4":"has-post-thumbnail","6":"product_cat-ferramentas-manuais","8":"first","9":"instock","10":"shipping-taxable","11":"purchasable","12":"product-type-simple"},"_links":{"self":[{"href":"https:\/\/www.multicasa.com.br\/cuiaba\/wp-json\/wp\/v2\/product\/16634","targetHints":{"allow":["GET"]}}],"collection":[{"href":"https:\/\/www.multicasa.com.br\/cuiaba\/wp-json\/wp\/v2\/product"}],"about":[{"href":"https:\/\/www.multicasa.com.br\/cuiaba\/wp-json\/wp\/v2\/types\/product"}],"wp:featuredmedia":[{"embeddable":true,"href":"https:\/\/www.multicasa.com.br\/cuiaba\/wp-json\/wp\/v2\/media\/16704"}],"wp:attachment":[{"href":"https:\/\/www.multicasa.com.br\/cuiaba\/wp-json\/wp\/v2\/media?parent=16634"}],"wp:term":[{"taxonomy":"product_brand","embeddable":true,"href":"https:\/\/www.multicasa.com.br\/cuiaba\/wp-json\/wp\/v2\/product_brand?post=16634"},{"taxonomy":"product_cat","embeddable":true,"href":"https:\/\/www.multicasa.com.br\/cuiaba\/wp-json\/wp\/v2\/product_cat?post=16634"},{"taxonomy":"product_tag","embeddable":true,"href":"https:\/\/www.multicasa.com.br\/cuiaba\/wp-json\/wp\/v2\/product_tag?post=16634"}],"curies":[{"name":"wp","href":"https:\/\/api.w.org\/{rel}","templated":true}]}}