{"id":16797,"date":"2025-06-20T19:14:04","date_gmt":"2025-06-20T23:14:04","guid":{"rendered":"http:\/\/www.multicasa.com.br\/cuiaba\/?post_type=product&#038;p=16797"},"modified":"2026-04-20T10:30:20","modified_gmt":"2026-04-20T14:30:20","slug":"canaleta-20x12x2m-c-fita-bc-pial","status":"publish","type":"product","link":"https:\/\/www.multicasa.com.br\/cuiaba\/produto\/canaleta-20x12x2m-c-fita-bc-pial\/","title":{"rendered":"Canaleta 20X12X2M C\/Fita Bc Pial<br>SKU: 2022017"},"content":{"rendered":"<p>Facilidade na hora da instala\u00e7\u00e3o utilizando o adesivo com alto grau de ader\u00eancia que se ajusta perfeitamente nas paredes planas e n\u00e3o necessitam de ferramentas para fixa\u00e7\u00e3o. <\/p>\n","protected":false},"excerpt":{"rendered":"<h4 style=\"margin: 0px;padding: 0px 0px 16px;font-family: Lato, sans-serif;font-weight: bold;line-height: 3rem;color: var(--dark-grey3);font-size: 22px;font-style: normal;letter-spacing: normal;text-align: start;text-indent: 0px;text-transform: none\">Informa\u00e7\u00f5es t\u00e9cnicas<\/h4>\n<p><span style=\"margin: 0px;padding: 0px;font-weight: 450;font-size: 14px;line-height: 21px;color: var(--dark-grey2);font-family: Lato, sans-serif;font-style: normal;letter-spacing: normal;text-align: start;text-indent: 0px;text-transform: none\">Produto: CANALETA 20X12X2M C\/FITA<br \/>\nMarca: PIAL<br \/>\nMaterial: PL\u00c1STICO<br \/>\nCor: BRANCA<br \/>\nCaracter\u00edsticas:<br \/>\n-Flex\u00edvel: N\u00e3o<br \/>\n-Acompanha Divis\u00f3ria: N\u00e3o<br \/>\n-Modo de Aplica\u00e7\u00e3o: com Adesivo<br \/>\n-Linha:\tSistema X<br \/>\nDimens\u00f5es:<br \/>\nAltura:\t12 mm<br \/>\nLargura: 20 mm<br \/>\nComprimento: 2000 mm<\/span><\/p>\n","protected":false},"featured_media":24873,"template":"","meta":{"_joinchat":[]},"product_brand":[],"product_cat":[144],"product_tag":[],"class_list":{"0":"post-16797","1":"product","2":"type-product","3":"status-publish","4":"has-post-thumbnail","6":"product_cat-tomadas-e-cia","8":"first","9":"instock","10":"shipping-taxable","11":"purchasable","12":"product-type-simple"},"_links":{"self":[{"href":"https:\/\/www.multicasa.com.br\/cuiaba\/wp-json\/wp\/v2\/product\/16797","targetHints":{"allow":["GET"]}}],"collection":[{"href":"https:\/\/www.multicasa.com.br\/cuiaba\/wp-json\/wp\/v2\/product"}],"about":[{"href":"https:\/\/www.multicasa.com.br\/cuiaba\/wp-json\/wp\/v2\/types\/product"}],"wp:featuredmedia":[{"embeddable":true,"href":"https:\/\/www.multicasa.com.br\/cuiaba\/wp-json\/wp\/v2\/media\/24873"}],"wp:attachment":[{"href":"https:\/\/www.multicasa.com.br\/cuiaba\/wp-json\/wp\/v2\/media?parent=16797"}],"wp:term":[{"taxonomy":"product_brand","embeddable":true,"href":"https:\/\/www.multicasa.com.br\/cuiaba\/wp-json\/wp\/v2\/product_brand?post=16797"},{"taxonomy":"product_cat","embeddable":true,"href":"https:\/\/www.multicasa.com.br\/cuiaba\/wp-json\/wp\/v2\/product_cat?post=16797"},{"taxonomy":"product_tag","embeddable":true,"href":"https:\/\/www.multicasa.com.br\/cuiaba\/wp-json\/wp\/v2\/product_tag?post=16797"}],"curies":[{"name":"wp","href":"https:\/\/api.w.org\/{rel}","templated":true}]}}