{"id":16826,"date":"2025-06-20T19:14:29","date_gmt":"2025-06-20T23:14:29","guid":{"rendered":"http:\/\/www.multicasa.com.br\/cuiaba\/?post_type=product&#038;p=16826"},"modified":"2026-04-04T11:50:16","modified_gmt":"2026-04-04T15:50:16","slug":"lampada-led-alta-potencia-20w-6-4k-llum","status":"publish","type":"product","link":"https:\/\/www.multicasa.com.br\/cuiaba\/produto\/lampada-led-alta-potencia-20w-6-4k-llum\/","title":{"rendered":"L\u00e2mpada Led Alta Pot\u00eancia 20W 6.4K Llum<br>SKU: 2028772"},"content":{"rendered":"<p>A LLUMtech \u00e9 uma marca criada pela Bronzearte\u00ae com o objetivo de unir ilumina\u00e7\u00e3o e t\u00e9cnica, criando uma linha especial de produtos profissionais. A L\u00e2mpada HIGH BULBO LED n\u00e3o \u00e9 diferente foi desenvolvida e indicada para retrofit em substitui\u00e7\u00e3o de l\u00e2mpadas com tecnologia de baixa efici\u00eancia luminosa. Indicada para aplica\u00e7\u00e3o em ambientes com p\u00e9 direito alto.<\/p>\n","protected":false},"excerpt":{"rendered":"<h4 style=\"margin: 0px;padding: 0px 0px 16px;font-family: Lato, sans-serif;font-weight: bold;line-height: 3rem;color: var(--dark-grey3);font-size: 22px;font-style: normal;letter-spacing: normal;text-align: start;text-indent: 0px;text-transform: none\">Informa\u00e7\u00f5es t\u00e9cnicas<\/h4>\n<p><span style=\"margin: 0px;padding: 0px;font-weight: 450;font-size: 14px;line-height: 21px;color: var(--dark-grey2);font-family: Lato, sans-serif;font-style: normal;letter-spacing: normal;text-align: start;text-indent: 0px;text-transform: none\">Produto: L\u00c2MPADA LED ALTA POT\u00caNCIA 20W 6.4K<br \/>\nMarca: LLUM<br \/>\nCor: BRANCA<br \/>\nCor da l\u00e2mpada: BRANCO FRIO<br \/>\nTemperatura de cor: 6500k<br \/>\nCaracter\u00edsticas: Indicada para aplica\u00e7\u00e3o em ambientes com p\u00e9 direito alto.<br \/>\n Dimens\u00f5es(cm):<br \/>\n\u00d880 x 135<\/span><\/p>\n","protected":false},"featured_media":25410,"template":"","meta":{"_joinchat":[]},"product_brand":[],"product_cat":[80],"product_tag":[],"class_list":{"0":"post-16826","1":"product","2":"type-product","3":"status-publish","4":"has-post-thumbnail","6":"product_cat-lampadas","8":"first","9":"instock","10":"shipping-taxable","11":"purchasable","12":"product-type-simple"},"_links":{"self":[{"href":"https:\/\/www.multicasa.com.br\/cuiaba\/wp-json\/wp\/v2\/product\/16826","targetHints":{"allow":["GET"]}}],"collection":[{"href":"https:\/\/www.multicasa.com.br\/cuiaba\/wp-json\/wp\/v2\/product"}],"about":[{"href":"https:\/\/www.multicasa.com.br\/cuiaba\/wp-json\/wp\/v2\/types\/product"}],"wp:featuredmedia":[{"embeddable":true,"href":"https:\/\/www.multicasa.com.br\/cuiaba\/wp-json\/wp\/v2\/media\/25410"}],"wp:attachment":[{"href":"https:\/\/www.multicasa.com.br\/cuiaba\/wp-json\/wp\/v2\/media?parent=16826"}],"wp:term":[{"taxonomy":"product_brand","embeddable":true,"href":"https:\/\/www.multicasa.com.br\/cuiaba\/wp-json\/wp\/v2\/product_brand?post=16826"},{"taxonomy":"product_cat","embeddable":true,"href":"https:\/\/www.multicasa.com.br\/cuiaba\/wp-json\/wp\/v2\/product_cat?post=16826"},{"taxonomy":"product_tag","embeddable":true,"href":"https:\/\/www.multicasa.com.br\/cuiaba\/wp-json\/wp\/v2\/product_tag?post=16826"}],"curies":[{"name":"wp","href":"https:\/\/api.w.org\/{rel}","templated":true}]}}