{"id":16849,"date":"2025-06-20T19:14:52","date_gmt":"2025-06-20T23:14:52","guid":{"rendered":"http:\/\/www.multicasa.com.br\/cuiaba\/?post_type=product&#038;p=16849"},"modified":"2026-04-11T11:20:13","modified_gmt":"2026-04-11T15:20:13","slug":"reparo-completo-p-valvula-11-2-docol","status":"publish","type":"product","link":"https:\/\/www.multicasa.com.br\/cuiaba\/produto\/reparo-completo-p-valvula-11-2-docol\/","title":{"rendered":"Reparo Completo P\/Valvula 11\/2 Docol<br>SKU: 2033712"},"content":{"rendered":"<p>Um vazamento na v\u00e1lvula de descarga pode ser resolvido apenas com a troca do reparo, que \u00e9 a pe\u00e7a que regula a sa\u00edda de \u00e1gua para o vaso sanit\u00e1rio. A pe\u00e7a de reparo da v\u00e1lvula de descarga da docol resolve todos os seus problemas com qualidade, praticidade e seguran\u00e7a que s\u00f3 a docol pode oferecer. Sendo de f\u00e1cil troca, n\u00e3o necessitando de um t\u00e9cnico.<\/p>\n","protected":false},"excerpt":{"rendered":"<h4 style=\"margin: 0px;padding: 0px 0px 16px;font-family: Lato, sans-serif;font-weight: bold;line-height: 3rem;color: var(--dark-grey3);font-size: 22px;font-style: normal;letter-spacing: normal;text-align: start;text-indent: 0px;text-transform: none\">Informa\u00e7\u00f5es t\u00e9cnicas<\/h4>\n<p><span style=\"margin: 0px;padding: 0px;font-weight: 450;font-size: 14px;line-height: 21px;color: var(--dark-grey2);font-family: Lato, sans-serif;font-style: normal;letter-spacing: normal;text-align: start;text-indent: 0px;text-transform: none\">Produto: REPARO COMP.P\/VALV. 11\/2<br \/>\nMarca: DOCOL<br \/>\nMaterial: pl\u00e1stico<br \/>\nCor: BRANCA<br \/>\nCaracter\u00edsticas:<br \/>\n-Praticidade<br \/>\n-Facil troca<br \/>\n-Qualidade<br \/>\n-Seguran\u00e7a<br \/>\n Dimens\u00f5es:<br \/>\n11\/2<\/span><\/p>\n","protected":false},"featured_media":25924,"template":"","meta":{"_joinchat":[]},"product_brand":[],"product_cat":[74],"product_tag":[],"class_list":{"0":"post-16849","1":"product","2":"type-product","3":"status-publish","4":"has-post-thumbnail","6":"product_cat-reparos-hidraulicos","8":"first","9":"instock","10":"shipping-taxable","11":"purchasable","12":"product-type-simple"},"_links":{"self":[{"href":"https:\/\/www.multicasa.com.br\/cuiaba\/wp-json\/wp\/v2\/product\/16849","targetHints":{"allow":["GET"]}}],"collection":[{"href":"https:\/\/www.multicasa.com.br\/cuiaba\/wp-json\/wp\/v2\/product"}],"about":[{"href":"https:\/\/www.multicasa.com.br\/cuiaba\/wp-json\/wp\/v2\/types\/product"}],"wp:featuredmedia":[{"embeddable":true,"href":"https:\/\/www.multicasa.com.br\/cuiaba\/wp-json\/wp\/v2\/media\/25924"}],"wp:attachment":[{"href":"https:\/\/www.multicasa.com.br\/cuiaba\/wp-json\/wp\/v2\/media?parent=16849"}],"wp:term":[{"taxonomy":"product_brand","embeddable":true,"href":"https:\/\/www.multicasa.com.br\/cuiaba\/wp-json\/wp\/v2\/product_brand?post=16849"},{"taxonomy":"product_cat","embeddable":true,"href":"https:\/\/www.multicasa.com.br\/cuiaba\/wp-json\/wp\/v2\/product_cat?post=16849"},{"taxonomy":"product_tag","embeddable":true,"href":"https:\/\/www.multicasa.com.br\/cuiaba\/wp-json\/wp\/v2\/product_tag?post=16849"}],"curies":[{"name":"wp","href":"https:\/\/api.w.org\/{rel}","templated":true}]}}