{"id":16856,"date":"2025-06-20T19:14:53","date_gmt":"2025-06-20T23:14:53","guid":{"rendered":"http:\/\/www.multicasa.com.br\/cuiaba\/?post_type=product&#038;p=16856"},"modified":"2026-03-14T09:20:18","modified_gmt":"2026-03-14T13:20:18","slug":"miolo-liz-1to-2pt-10a-grafite-tramontina","status":"publish","type":"product","link":"https:\/\/www.multicasa.com.br\/cuiaba\/produto\/miolo-liz-1to-2pt-10a-grafite-tramontina\/","title":{"rendered":"MIOLO LIZ 1TO 2P+T 10A GRAFITE TRAMONTINA<br>SKU: 2037723"},"content":{"rendered":"<p>O M\u00f3dulo Tomada 2P+T Tramontina 10 A 250 V Grafite \u00e9 vers\u00e1til e muito pr\u00e1tico. Produzido em termopl\u00e1stico antichama, ele possui 2P+T e 10 A, al\u00e9m de apresentar 250 V. Na cor grafite, pode ser substitu\u00eddo pela cor branca, assim como ser utilizado com outras placas de diferentes linhas da Tramontina. Possui ainda acabamento brilho que n\u00e3o ret\u00e9m poeira. \u00c9 um modelo largo que garante um contato perfeito com a rede el\u00e9trica, j\u00e1 que os condutores el\u00e9tricos s\u00e3o fixados aos bornes e travados por parafusos. Uma pe\u00e7a pr\u00e1tica e essencial para deixar seu projeto ainda melhor e que pode ser utilizado nas linhas Liz, Lux\u00b2, Giz, Tablet, Lizflex, Plastibox e conduletes Tramontina com tampa sistema modular.<\/p>\n","protected":false},"excerpt":{"rendered":"<h4 style=\"margin: 0px;padding: 0px 0px 16px;font-family: Lato, sans-serif;font-weight: bold;line-height: 3rem;color: var(--dark-grey3);font-size: 22px;font-style: normal;letter-spacing: normal;text-align: start;text-indent: 0px;text-transform: none\">Informa\u00e7\u00f5es t\u00e9cnicas<\/h4>\n<p><span style=\"margin: 0px;padding: 0px;font-weight: 450;font-size: 14px;line-height: 21px;color: var(--dark-grey2);font-family: Lato, sans-serif;font-style: normal;letter-spacing: normal;text-align: start;text-indent: 0px;text-transform: none\">Utilizar nas linhas Liz, Lux\u00b2, Giz, Tablet, Lizflex, Plastibox e conduletes Tramontina com tampa sistema modular.<\/span><\/p>\n","protected":false},"featured_media":25575,"template":"","meta":{"_joinchat":[]},"product_brand":[],"product_cat":[144],"product_tag":[],"class_list":{"0":"post-16856","1":"product","2":"type-product","3":"status-publish","4":"has-post-thumbnail","6":"product_cat-tomadas-e-cia","8":"first","9":"instock","10":"shipping-taxable","11":"purchasable","12":"product-type-simple"},"_links":{"self":[{"href":"https:\/\/www.multicasa.com.br\/cuiaba\/wp-json\/wp\/v2\/product\/16856","targetHints":{"allow":["GET"]}}],"collection":[{"href":"https:\/\/www.multicasa.com.br\/cuiaba\/wp-json\/wp\/v2\/product"}],"about":[{"href":"https:\/\/www.multicasa.com.br\/cuiaba\/wp-json\/wp\/v2\/types\/product"}],"wp:featuredmedia":[{"embeddable":true,"href":"https:\/\/www.multicasa.com.br\/cuiaba\/wp-json\/wp\/v2\/media\/25575"}],"wp:attachment":[{"href":"https:\/\/www.multicasa.com.br\/cuiaba\/wp-json\/wp\/v2\/media?parent=16856"}],"wp:term":[{"taxonomy":"product_brand","embeddable":true,"href":"https:\/\/www.multicasa.com.br\/cuiaba\/wp-json\/wp\/v2\/product_brand?post=16856"},{"taxonomy":"product_cat","embeddable":true,"href":"https:\/\/www.multicasa.com.br\/cuiaba\/wp-json\/wp\/v2\/product_cat?post=16856"},{"taxonomy":"product_tag","embeddable":true,"href":"https:\/\/www.multicasa.com.br\/cuiaba\/wp-json\/wp\/v2\/product_tag?post=16856"}],"curies":[{"name":"wp","href":"https:\/\/api.w.org\/{rel}","templated":true}]}}