{"id":16862,"date":"2025-06-20T19:15:03","date_gmt":"2025-06-20T23:15:03","guid":{"rendered":"http:\/\/www.multicasa.com.br\/cuiaba\/?post_type=product&#038;p=16862"},"modified":"2025-11-21T16:04:31","modified_gmt":"2025-11-21T20:04:31","slug":"dispositivo-dr-63a-4polos-steck","status":"publish","type":"product","link":"https:\/\/www.multicasa.com.br\/cuiaba\/produto\/dispositivo-dr-63a-4polos-steck\/","title":{"rendered":"Dispositivo Dr 63A 4Polos Steck<br>SKU: 2057512"},"content":{"rendered":"<p>Os DRs s\u00e3o dispositivos que detectam as correntes de fuga \u00e0 terra (que ocorrem durante um choque el\u00e9trico). Desligando automaticamente o fornecimento de energia, garantindo uma prote\u00e7\u00e3o eficaz \u00e0s pessoas. A utiliza\u00e7\u00e3o de dispositivos DR de alta sensibilidade (menor ou igual a 30mA) \u00e9 obrigat\u00f3ria de acordo com a norma ABNT NBR-5410.<\/p>\n","protected":false},"excerpt":{"rendered":"<h4 style=\"margin: 0px;padding: 0px 0px 16px;font-family: Lato, sans-serif;font-weight: bold;line-height: 3rem;color: var(--dark-grey3);font-size: 22px;font-style: normal;letter-spacing: normal;text-align: start;text-indent: 0px;text-transform: none\">Informa\u00e7\u00f5es t\u00e9cnicas<\/h4>\n<p><span style=\"margin: 0px;padding: 0px;font-weight: 450;font-size: 14px;line-height: 21px;color: var(--dark-grey2);font-family: Lato, sans-serif;font-style: normal;letter-spacing: normal;text-align: start;text-indent: 0px;text-transform: none\">Produto: DISPOSITIVO DR 63A 4P<br \/>\nMarca: STECK<br \/>\nMaterial: A\u00e7o<br \/>\nCor: BRANCO<br \/>\nCaracter\u00edsticas: detectar pequenas fugas de corrente em ciruitos el\u00e9tricos, acionando o desligamento imediato da alimenta\u00e7\u00e3o.<br \/>\nDimens\u00f5es:<br \/>\nAltura:        2 mm<br \/>\nLargura: 2 mm<br \/>\nProfundidade: 2 mm<br \/>\nComprimento: 2 mm<br \/>\nDi\u00e2metro: 2 mm<br \/>\nDimens\u00e3o: 2 mm<\/span><\/p>\n","protected":false},"featured_media":25070,"template":"","meta":{"_joinchat":[]},"product_brand":[],"product_cat":[122],"product_tag":[],"class_list":{"0":"post-16862","1":"product","2":"type-product","3":"status-publish","4":"has-post-thumbnail","6":"product_cat-quadros-e-cia","8":"first","9":"instock","10":"shipping-taxable","11":"purchasable","12":"product-type-simple"},"_links":{"self":[{"href":"https:\/\/www.multicasa.com.br\/cuiaba\/wp-json\/wp\/v2\/product\/16862","targetHints":{"allow":["GET"]}}],"collection":[{"href":"https:\/\/www.multicasa.com.br\/cuiaba\/wp-json\/wp\/v2\/product"}],"about":[{"href":"https:\/\/www.multicasa.com.br\/cuiaba\/wp-json\/wp\/v2\/types\/product"}],"wp:featuredmedia":[{"embeddable":true,"href":"https:\/\/www.multicasa.com.br\/cuiaba\/wp-json\/wp\/v2\/media\/25070"}],"wp:attachment":[{"href":"https:\/\/www.multicasa.com.br\/cuiaba\/wp-json\/wp\/v2\/media?parent=16862"}],"wp:term":[{"taxonomy":"product_brand","embeddable":true,"href":"https:\/\/www.multicasa.com.br\/cuiaba\/wp-json\/wp\/v2\/product_brand?post=16862"},{"taxonomy":"product_cat","embeddable":true,"href":"https:\/\/www.multicasa.com.br\/cuiaba\/wp-json\/wp\/v2\/product_cat?post=16862"},{"taxonomy":"product_tag","embeddable":true,"href":"https:\/\/www.multicasa.com.br\/cuiaba\/wp-json\/wp\/v2\/product_tag?post=16862"}],"curies":[{"name":"wp","href":"https:\/\/api.w.org\/{rel}","templated":true}]}}