{"id":16880,"date":"2025-06-20T19:15:06","date_gmt":"2025-06-20T23:15:06","guid":{"rendered":"http:\/\/www.multicasa.com.br\/cuiaba\/?post_type=product&#038;p=16880"},"modified":"2025-10-31T08:44:09","modified_gmt":"2025-10-31T12:44:09","slug":"parafuso-panela-philips-42x32-para-bucha-6mm","status":"publish","type":"product","link":"https:\/\/www.multicasa.com.br\/cuiaba\/produto\/parafuso-panela-philips-42x32-para-bucha-6mm\/","title":{"rendered":"Parafuso Panela Philips 4,2X32 Para Bucha 6Mm<br>SKU: 2068809"},"content":{"rendered":"<p>Parafuso cabe\u00e7a panela fenda Philipis com bucha em nylon 6mm Pafemaq, \u00e9 usado para fixa\u00e7\u00e3o em concreto e materiais de alvenaria maci\u00e7os. Possui garnde resist\u00eancia e qualidade que s\u00f3 a marca Pafemaq oferece.<\/p>\n","protected":false},"excerpt":{"rendered":"<h4 style=\"margin: 0px;padding: 0px 0px 16px;font-family: Lato, sans-serif;font-weight: bold;line-height: 3rem;color: var(--dark-grey3);font-size: 22px;font-style: normal;letter-spacing: normal;text-align: start;text-indent: 0px;text-transform: none\">Informa\u00e7\u00f5es t\u00e9cnicas<\/h4>\n<p><span style=\"margin: 0px;padding: 0px;font-weight: 450;font-size: 14px;line-height: 21px;color: var(--dark-grey2);font-family: Lato, sans-serif;font-style: normal;letter-spacing: normal;text-align: start;text-indent: 0px;text-transform: none\">Produto: PARAFUSO PANELA PH.4,2X32 P\/BCH<br \/>\nMarca: Pafemaq<br \/>\nMaterial: Metal<br \/>\nCor: Cromada<br \/>\nCaracter\u00edsticas:<br \/>\n-Utilizado para fixa\u00e7\u00e3o em concreto s\u00f3lido, bloco de concreto, tijolo maci\u00e7o e bloco celular.<br \/>\nDimens\u00f5es:<br \/>\n6mm<\/span><\/p>\n","protected":false},"featured_media":25675,"template":"","meta":{"_joinchat":[]},"product_brand":[],"product_cat":[135],"product_tag":[],"class_list":{"0":"post-16880","1":"product","2":"type-product","3":"status-publish","4":"has-post-thumbnail","6":"product_cat-parafusos-e-buchas","8":"first","9":"instock","10":"shipping-taxable","11":"purchasable","12":"product-type-simple"},"_links":{"self":[{"href":"https:\/\/www.multicasa.com.br\/cuiaba\/wp-json\/wp\/v2\/product\/16880","targetHints":{"allow":["GET"]}}],"collection":[{"href":"https:\/\/www.multicasa.com.br\/cuiaba\/wp-json\/wp\/v2\/product"}],"about":[{"href":"https:\/\/www.multicasa.com.br\/cuiaba\/wp-json\/wp\/v2\/types\/product"}],"wp:featuredmedia":[{"embeddable":true,"href":"https:\/\/www.multicasa.com.br\/cuiaba\/wp-json\/wp\/v2\/media\/25675"}],"wp:attachment":[{"href":"https:\/\/www.multicasa.com.br\/cuiaba\/wp-json\/wp\/v2\/media?parent=16880"}],"wp:term":[{"taxonomy":"product_brand","embeddable":true,"href":"https:\/\/www.multicasa.com.br\/cuiaba\/wp-json\/wp\/v2\/product_brand?post=16880"},{"taxonomy":"product_cat","embeddable":true,"href":"https:\/\/www.multicasa.com.br\/cuiaba\/wp-json\/wp\/v2\/product_cat?post=16880"},{"taxonomy":"product_tag","embeddable":true,"href":"https:\/\/www.multicasa.com.br\/cuiaba\/wp-json\/wp\/v2\/product_tag?post=16880"}],"curies":[{"name":"wp","href":"https:\/\/api.w.org\/{rel}","templated":true}]}}