{"id":16885,"date":"2025-06-20T19:15:07","date_gmt":"2025-06-20T23:15:07","guid":{"rendered":"http:\/\/www.multicasa.com.br\/cuiaba\/?post_type=product&#038;p=16885"},"modified":"2026-03-05T11:20:27","modified_gmt":"2026-03-05T15:20:27","slug":"carrinho-de-construcao-extraforte-60l","status":"publish","type":"product","link":"https:\/\/www.multicasa.com.br\/cuiaba\/produto\/carrinho-de-construcao-extraforte-60l\/","title":{"rendered":"CARRINHO DE CONSTRU\u00c7\u00c3O EXTRAFORTE 60L<br>SKU: 2088506"},"content":{"rendered":"<p>Carinho de m\u00e3o extraforte, aliado com um \u00f3timo acabamento. Direcionado para uso geral, principalmente para constru\u00e7\u00e3o civil, no transporte de ferramentas, materiais diversos, como terra, argamassa ou entulhos. Fabricado segundo norma ABNT NBR 16269.<\/p>\n","protected":false},"excerpt":{"rendered":"<h4 style=\"margin: 0px;padding: 0px 0px 16px;font-family: Lato, sans-serif;font-weight: bold;line-height: 3rem;color: var(--dark-grey3);font-size: 22px;font-style: normal;letter-spacing: normal;text-align: start;text-indent: 0px;text-transform: none\">Informa\u00e7\u00f5es t\u00e9cnicas<\/h4>\n<p><span style=\"margin: 0px;padding: 0px;font-weight: 450;font-size: 14px;line-height: 21px;color: var(--dark-grey2);font-family: Lato, sans-serif;font-style: normal;letter-spacing: normal;text-align: start;text-indent: 0px;text-transform: none\">:: O carrinho de m\u00e3o \u00e9 fabricado atrav\u00e9s de processos altamente tecnol\u00f3gicos, que garantem alta resist\u00eancia, excelente qualidade e bom acabamento ao produto<br \/>\n:: O carrinho de m\u00e3o \u00e9 produzido a partir de mat\u00e9rias-primas de alta qualidade<br \/>\n:: Possui propriedades especiais de estampagem, tornando as ca\u00e7ambas mais resistentes e dur\u00e1veis<br \/>\n:: Acabamento com pintura eletrost\u00e1tica a p\u00f3, que tem uma melhor apresenta\u00e7\u00e3o visual e maior prote\u00e7\u00e3o contra oxida\u00e7\u00e3o<br \/>\n:: Empunhaduras ergon\u00f4micas<br \/>\n:: Borda refor\u00e7ada<br \/>\n:: Eixo em a\u00e7o de alta resist\u00eancia e bucha em nylon autolubrificante.<br \/>\n:: Ca\u00e7amba met\u00e1lica refor\u00e7ada de 0,9mm (chapa 20), com capacidade para 65 litros<br \/>\n:: Bra\u00e7o met\u00e1lico tubular de 1,5mm<br \/>\n:: Pneu com c\u00e2mara 3.5\/8&#8243;<\/span><\/p>\n","protected":false},"featured_media":24908,"template":"","meta":{"_joinchat":[]},"product_brand":[],"product_cat":[158],"product_tag":[],"class_list":{"0":"post-16885","1":"product","2":"type-product","3":"status-publish","4":"has-post-thumbnail","6":"product_cat-ferramentas-para-construcao","8":"first","9":"instock","10":"shipping-taxable","11":"purchasable","12":"product-type-simple"},"_links":{"self":[{"href":"https:\/\/www.multicasa.com.br\/cuiaba\/wp-json\/wp\/v2\/product\/16885","targetHints":{"allow":["GET"]}}],"collection":[{"href":"https:\/\/www.multicasa.com.br\/cuiaba\/wp-json\/wp\/v2\/product"}],"about":[{"href":"https:\/\/www.multicasa.com.br\/cuiaba\/wp-json\/wp\/v2\/types\/product"}],"wp:featuredmedia":[{"embeddable":true,"href":"https:\/\/www.multicasa.com.br\/cuiaba\/wp-json\/wp\/v2\/media\/24908"}],"wp:attachment":[{"href":"https:\/\/www.multicasa.com.br\/cuiaba\/wp-json\/wp\/v2\/media?parent=16885"}],"wp:term":[{"taxonomy":"product_brand","embeddable":true,"href":"https:\/\/www.multicasa.com.br\/cuiaba\/wp-json\/wp\/v2\/product_brand?post=16885"},{"taxonomy":"product_cat","embeddable":true,"href":"https:\/\/www.multicasa.com.br\/cuiaba\/wp-json\/wp\/v2\/product_cat?post=16885"},{"taxonomy":"product_tag","embeddable":true,"href":"https:\/\/www.multicasa.com.br\/cuiaba\/wp-json\/wp\/v2\/product_tag?post=16885"}],"curies":[{"name":"wp","href":"https:\/\/api.w.org\/{rel}","templated":true}]}}