{"id":16887,"date":"2025-06-20T19:15:07","date_gmt":"2025-06-20T23:15:07","guid":{"rendered":"http:\/\/www.multicasa.com.br\/cuiaba\/?post_type=product&#038;p=16887"},"modified":"2026-01-05T16:23:18","modified_gmt":"2026-01-05T20:23:18","slug":"acabamento-valv-descarga-docol-bc","status":"publish","type":"product","link":"https:\/\/www.multicasa.com.br\/cuiaba\/produto\/acabamento-valv-descarga-docol-bc\/","title":{"rendered":"ACABAMENTO VALV. DESCARGA DOCOL BC<br>SKU: 2088880"},"content":{"rendered":"<p>O principal benef\u00edcio da linha Cl\u00e1ssica \u00e9 a resist\u00eancia de cada pe\u00e7a, justamente porque durante o processo de fabrica\u00e7\u00e3o, todos os nossos produtos s\u00e3o testados e certificados para que durem por uma vida toda. Esse acabamento para v\u00e1lvula de descarga \u00e9 cl\u00e1ssico, com tra\u00e7os na medida certa. Ele possui encaixe para todas as nossas v\u00e1lvulas de descarga, proporcionando ainda mais flexibilidade na hora de escolher os produtos. Vale lembrar que os nossos acabamentos s\u00e3o intercambi\u00e1veis, ou seja, voc\u00ea pode troc\u00e1-los sempre que quiser, sem quebrar paredes ou realizar grandes manuten\u00e7\u00f5es.<\/p>\n","protected":false},"excerpt":{"rendered":"<h4 style=\"margin: 0px;padding: 0px 0px 16px;font-family: Lato, sans-serif;font-weight: bold;line-height: 3rem;color: var(--dark-grey3);font-size: 22px;font-style: normal;letter-spacing: normal;text-align: start;text-indent: 0px;text-transform: none\">Informa\u00e7\u00f5es t\u00e9cnicas<\/h4>\n<p><span style=\"margin: 0px;padding: 0px;font-weight: 450;font-size: 14px;line-height: 21px;color: var(--dark-grey2);font-family: Lato, sans-serif;font-style: normal;letter-spacing: normal;text-align: start;text-indent: 0px;text-transform: none\">&#8211; Acabamento: Polido;<br \/>\n&#8211; Cor: Branco;<br \/>\n&#8211; Tipo de base: V\u00e1lvula de descarga;<br \/>\n&#8211; Censi<\/span><\/p>\n","protected":false},"featured_media":27205,"template":"","meta":{"_joinchat":[]},"product_brand":[],"product_cat":[67],"product_tag":[],"class_list":{"0":"post-16887","1":"product","2":"type-product","3":"status-publish","4":"has-post-thumbnail","6":"product_cat-torneiras-e-cia","8":"first","9":"instock","10":"shipping-taxable","11":"purchasable","12":"product-type-simple"},"_links":{"self":[{"href":"https:\/\/www.multicasa.com.br\/cuiaba\/wp-json\/wp\/v2\/product\/16887","targetHints":{"allow":["GET"]}}],"collection":[{"href":"https:\/\/www.multicasa.com.br\/cuiaba\/wp-json\/wp\/v2\/product"}],"about":[{"href":"https:\/\/www.multicasa.com.br\/cuiaba\/wp-json\/wp\/v2\/types\/product"}],"wp:featuredmedia":[{"embeddable":true,"href":"https:\/\/www.multicasa.com.br\/cuiaba\/wp-json\/wp\/v2\/media\/27205"}],"wp:attachment":[{"href":"https:\/\/www.multicasa.com.br\/cuiaba\/wp-json\/wp\/v2\/media?parent=16887"}],"wp:term":[{"taxonomy":"product_brand","embeddable":true,"href":"https:\/\/www.multicasa.com.br\/cuiaba\/wp-json\/wp\/v2\/product_brand?post=16887"},{"taxonomy":"product_cat","embeddable":true,"href":"https:\/\/www.multicasa.com.br\/cuiaba\/wp-json\/wp\/v2\/product_cat?post=16887"},{"taxonomy":"product_tag","embeddable":true,"href":"https:\/\/www.multicasa.com.br\/cuiaba\/wp-json\/wp\/v2\/product_tag?post=16887"}],"curies":[{"name":"wp","href":"https:\/\/api.w.org\/{rel}","templated":true}]}}