{"id":16888,"date":"2025-06-20T19:15:07","date_gmt":"2025-06-20T23:15:07","guid":{"rendered":"http:\/\/www.multicasa.com.br\/cuiaba\/?post_type=product&#038;p=16888"},"modified":"2025-11-17T16:04:33","modified_gmt":"2025-11-17T20:04:33","slug":"miolo-plus-1t-paralelo-10a-preto-pial","status":"publish","type":"product","link":"https:\/\/www.multicasa.com.br\/cuiaba\/produto\/miolo-plus-1t-paralelo-10a-preto-pial\/","title":{"rendered":"Miolo Plus + 1T Paralelo 10A Preto Pial<br>SKU: 2089503"},"content":{"rendered":"<p>A linha PIAL Plus+ \u00e9 totalmente modular, permitindo com que suas liga\u00e7\u00f5es sejam feitas com a combina\u00e7\u00e3o de fun\u00e7\u00f5es que melhor atenda \u00e0s necessidades do seu ambiente. A linha da Pial Plus + \u00e9 bem definida traduzem toda a eleg\u00e2ncia dessa s\u00e9rie inspirada no que h\u00e1 de mais moderno pelo mundo. Produtos especialmente desenvolvidos para que a sua instala\u00e7\u00e3o seja r\u00e1pida sem comprometer a usabilidade.<\/p>\n","protected":false},"excerpt":{"rendered":"<h4 style=\"margin: 0px;padding: 0px 0px 16px;font-family: Lato, sans-serif;font-weight: bold;line-height: 3rem;color: var(--dark-grey3);font-size: 22px;font-style: normal;letter-spacing: normal;text-align: start;text-indent: 0px;text-transform: none\">Informa\u00e7\u00f5es t\u00e9cnicas<\/h4>\n<p><span style=\"margin: 0px;padding: 0px;font-weight: 450;font-size: 14px;line-height: 21px;color: var(--dark-grey2);font-family: Lato, sans-serif;font-style: normal;letter-spacing: normal;text-align: start;text-indent: 0px;text-transform: none\">Produto: MIOLO PLUS+ 1TP B.A.10 A PT PIAL<br \/>\nMarca: Pial<br \/>\nMaterial: Pl\u00e1stico e met\u00e1licos<br \/>\nCor: Preto<br \/>\nDimens\u00f5es<br \/>\n22,5 x 43,5 x 45,0 mm<\/span><\/p>\n","protected":false},"featured_media":27408,"template":"","meta":{"_joinchat":[]},"product_brand":[],"product_cat":[144],"product_tag":[],"class_list":{"0":"post-16888","1":"product","2":"type-product","3":"status-publish","4":"has-post-thumbnail","6":"product_cat-tomadas-e-cia","8":"first","9":"instock","10":"shipping-taxable","11":"purchasable","12":"product-type-simple"},"_links":{"self":[{"href":"https:\/\/www.multicasa.com.br\/cuiaba\/wp-json\/wp\/v2\/product\/16888","targetHints":{"allow":["GET"]}}],"collection":[{"href":"https:\/\/www.multicasa.com.br\/cuiaba\/wp-json\/wp\/v2\/product"}],"about":[{"href":"https:\/\/www.multicasa.com.br\/cuiaba\/wp-json\/wp\/v2\/types\/product"}],"wp:featuredmedia":[{"embeddable":true,"href":"https:\/\/www.multicasa.com.br\/cuiaba\/wp-json\/wp\/v2\/media\/27408"}],"wp:attachment":[{"href":"https:\/\/www.multicasa.com.br\/cuiaba\/wp-json\/wp\/v2\/media?parent=16888"}],"wp:term":[{"taxonomy":"product_brand","embeddable":true,"href":"https:\/\/www.multicasa.com.br\/cuiaba\/wp-json\/wp\/v2\/product_brand?post=16888"},{"taxonomy":"product_cat","embeddable":true,"href":"https:\/\/www.multicasa.com.br\/cuiaba\/wp-json\/wp\/v2\/product_cat?post=16888"},{"taxonomy":"product_tag","embeddable":true,"href":"https:\/\/www.multicasa.com.br\/cuiaba\/wp-json\/wp\/v2\/product_tag?post=16888"}],"curies":[{"name":"wp","href":"https:\/\/api.w.org\/{rel}","templated":true}]}}