{"id":16899,"date":"2025-06-20T19:15:17","date_gmt":"2025-06-20T23:15:17","guid":{"rendered":"http:\/\/www.multicasa.com.br\/cuiaba\/?post_type=product&#038;p=16899"},"modified":"2025-12-18T15:50:43","modified_gmt":"2025-12-18T19:50:43","slug":"miolo-aria-antena-tv-bc-tramontina","status":"publish","type":"product","link":"https:\/\/www.multicasa.com.br\/cuiaba\/produto\/miolo-aria-antena-tv-bc-tramontina\/","title":{"rendered":"MIOLO ARIA ANTENA TV BC TRAMONTINA<br>SKU: 2093687"},"content":{"rendered":"<p>Realize com maior facilidade a conex\u00e3o de antenas utilizando o M\u00f3dulo para Tomada TV\/SAT Coaxial Direta Tramontina Aria Branco. Ele \u00e9 fabricado em termopl\u00e1stico antichama, vem na cor branca e conta com acabamento brilho, caracter\u00edsticas que garantem ambientes muito mais agrad\u00e1veis. A escolha ideal para completar as placas da linha Aria!<\/p>\n","protected":false},"excerpt":{"rendered":"<h4 style=\"margin: 0px;padding: 0px 0px 16px;font-family: Lato, sans-serif;font-weight: bold;line-height: 3rem;color: var(--dark-grey3);font-size: 22px;font-style: normal;letter-spacing: normal;text-align: start;text-indent: 0px;text-transform: none\">Informa\u00e7\u00f5es t\u00e9cnicas<\/h4>\n<p><span style=\"margin: 0px;padding: 0px;font-weight: 450;font-size: 14px;line-height: 21px;color: var(--dark-grey2);font-family: Lato, sans-serif;font-style: normal;letter-spacing: normal;text-align: start;text-indent: 0px;text-transform: none\">Compat\u00edvel somente com placas da linha Aria;<br \/>\nA instala\u00e7\u00e3o e seguran\u00e7a: \u00c9 importante que o produto seja instalado por profissional habilitado. Antes de instalar, desligue a energia el\u00e9trica;<br \/>\nPeso: 0,01 kg<br \/>\nComprimento: 46 mm<br \/>\nLargura: 20 mm<br \/>\nAltura: 9 mm<br \/>\nGarantia: 90 dias de garantia legal <\/span><\/p>\n","protected":false},"featured_media":25572,"template":"","meta":{"_joinchat":[]},"product_brand":[],"product_cat":[144],"product_tag":[],"class_list":{"0":"post-16899","1":"product","2":"type-product","3":"status-publish","4":"has-post-thumbnail","6":"product_cat-tomadas-e-cia","8":"first","9":"instock","10":"shipping-taxable","11":"purchasable","12":"product-type-simple"},"_links":{"self":[{"href":"https:\/\/www.multicasa.com.br\/cuiaba\/wp-json\/wp\/v2\/product\/16899","targetHints":{"allow":["GET"]}}],"collection":[{"href":"https:\/\/www.multicasa.com.br\/cuiaba\/wp-json\/wp\/v2\/product"}],"about":[{"href":"https:\/\/www.multicasa.com.br\/cuiaba\/wp-json\/wp\/v2\/types\/product"}],"wp:featuredmedia":[{"embeddable":true,"href":"https:\/\/www.multicasa.com.br\/cuiaba\/wp-json\/wp\/v2\/media\/25572"}],"wp:attachment":[{"href":"https:\/\/www.multicasa.com.br\/cuiaba\/wp-json\/wp\/v2\/media?parent=16899"}],"wp:term":[{"taxonomy":"product_brand","embeddable":true,"href":"https:\/\/www.multicasa.com.br\/cuiaba\/wp-json\/wp\/v2\/product_brand?post=16899"},{"taxonomy":"product_cat","embeddable":true,"href":"https:\/\/www.multicasa.com.br\/cuiaba\/wp-json\/wp\/v2\/product_cat?post=16899"},{"taxonomy":"product_tag","embeddable":true,"href":"https:\/\/www.multicasa.com.br\/cuiaba\/wp-json\/wp\/v2\/product_tag?post=16899"}],"curies":[{"name":"wp","href":"https:\/\/api.w.org\/{rel}","templated":true}]}}