{"id":16905,"date":"2025-06-20T19:15:18","date_gmt":"2025-06-20T23:15:18","guid":{"rendered":"http:\/\/www.multicasa.com.br\/cuiaba\/?post_type=product&#038;p=16905"},"modified":"2026-01-23T16:50:17","modified_gmt":"2026-01-23T20:50:17","slug":"placa-aria-4x2-1th-bc-tramontina","status":"publish","type":"product","link":"https:\/\/www.multicasa.com.br\/cuiaba\/produto\/placa-aria-4x2-1th-bc-tramontina\/","title":{"rendered":"PLACA ARIA 4X2 1TH BC TRAMONTINA<br>SKU: 2093722"},"content":{"rendered":"<p>Utilize a Placa 1 Posto Horizontal 4&#215;2 Tramontina Aria Branca e leve qualidade e praticidade para sua casa. Com acabamento brilho e na cor branca, ela \u00e9 fabricada em termopl\u00e1stico e tem sua instala\u00e7\u00e3o de forma muito pr\u00e1tica e ainda proporciona um visual impec\u00e1vel aos ambientes, pois n\u00e3o fica torta, nem aparente. Sua casa fica muito mais bonita com a Tramontina!<\/p>\n","protected":false},"excerpt":{"rendered":"<h4 style=\"margin: 0px;padding: 0px 0px 16px;font-family: Lato, sans-serif;font-weight: bold;line-height: 3rem;color: var(--dark-grey3);font-size: 22px;font-style: normal;letter-spacing: normal;text-align: start;text-indent: 0px;text-transform: none\">Informa\u00e7\u00f5es t\u00e9cnicas<\/h4>\n<p><span style=\"margin: 0px;padding: 0px;font-weight: 450;font-size: 14px;line-height: 21px;color: var(--dark-grey2);font-family: Lato, sans-serif;font-style: normal;letter-spacing: normal;text-align: start;text-indent: 0px;text-transform: none\">-Compat\u00edvel somente com m\u00f3dulos da linha Aria.<br \/>\n-A instala\u00e7\u00e3o e seguran\u00e7a: \u00c9 importante que o produto seja instalado por profissional habilitado. -Antes de instalar, desligue a energia el\u00e9trica.<br \/>\n-Peso: 0,03 kg<br \/>\n-Garantia\t: 90 dias de garantia legal <\/span><\/p>\n","protected":false},"featured_media":27444,"template":"","meta":{"_joinchat":[]},"product_brand":[],"product_cat":[144],"product_tag":[],"class_list":{"0":"post-16905","1":"product","2":"type-product","3":"status-publish","4":"has-post-thumbnail","6":"product_cat-tomadas-e-cia","8":"first","9":"instock","10":"shipping-taxable","11":"purchasable","12":"product-type-simple"},"_links":{"self":[{"href":"https:\/\/www.multicasa.com.br\/cuiaba\/wp-json\/wp\/v2\/product\/16905","targetHints":{"allow":["GET"]}}],"collection":[{"href":"https:\/\/www.multicasa.com.br\/cuiaba\/wp-json\/wp\/v2\/product"}],"about":[{"href":"https:\/\/www.multicasa.com.br\/cuiaba\/wp-json\/wp\/v2\/types\/product"}],"wp:featuredmedia":[{"embeddable":true,"href":"https:\/\/www.multicasa.com.br\/cuiaba\/wp-json\/wp\/v2\/media\/27444"}],"wp:attachment":[{"href":"https:\/\/www.multicasa.com.br\/cuiaba\/wp-json\/wp\/v2\/media?parent=16905"}],"wp:term":[{"taxonomy":"product_brand","embeddable":true,"href":"https:\/\/www.multicasa.com.br\/cuiaba\/wp-json\/wp\/v2\/product_brand?post=16905"},{"taxonomy":"product_cat","embeddable":true,"href":"https:\/\/www.multicasa.com.br\/cuiaba\/wp-json\/wp\/v2\/product_cat?post=16905"},{"taxonomy":"product_tag","embeddable":true,"href":"https:\/\/www.multicasa.com.br\/cuiaba\/wp-json\/wp\/v2\/product_tag?post=16905"}],"curies":[{"name":"wp","href":"https:\/\/api.w.org\/{rel}","templated":true}]}}