{"id":16909,"date":"2025-06-20T19:15:18","date_gmt":"2025-06-20T23:15:18","guid":{"rendered":"http:\/\/www.multicasa.com.br\/cuiaba\/?post_type=product&#038;p=16909"},"modified":"2025-08-18T01:16:07","modified_gmt":"2025-08-18T05:16:07","slug":"placa-aria-4x4-2t-sep-bc-tramontina","status":"publish","type":"product","link":"https:\/\/www.multicasa.com.br\/cuiaba\/produto\/placa-aria-4x4-2t-sep-bc-tramontina\/","title":{"rendered":"PLACA ARIA 4X4 2T SEP. BC TRAMONTINA<br>SKU: 2093926"},"content":{"rendered":"<p>A Placa 2 Postos 4&#215;4 Tramontina Aria Branca \u00e9 a escolha certa para deixar sua casa muito mais bonita e funcional. Ela \u00e9 produzida em termopl\u00e1stico na cor branca com acabamento em brilho, ela n\u00e3o ret\u00e9m poeira e deixa sua casa muito mais bonita e segura. Al\u00e9m disso, ela pode ser instalada em paredes de madeira, n\u00e3o tem fixa\u00e7\u00e3o aparente e n\u00e3o fica torta, o que a torna perfeita para compor qualquer tipo de c\u00f4modo. Com a Tramontina, voc\u00ea tem os melhores itens para completar sua casa!<\/p>\n","protected":false},"excerpt":{"rendered":"<h4 style=\"margin: 0px;padding: 0px 0px 16px;font-family: Lato, sans-serif;font-weight: bold;line-height: 3rem;color: var(--dark-grey3);font-size: 22px;font-style: normal;letter-spacing: normal;text-align: start;text-indent: 0px;text-transform: none\">Informa\u00e7\u00f5es t\u00e9cnicas<\/h4>\n<p><span style=\"margin: 0px;padding: 0px;font-weight: 450;font-size: 14px;line-height: 21px;color: var(--dark-grey2);font-family: Lato, sans-serif;font-style: normal;letter-spacing: normal;text-align: start;text-indent: 0px;text-transform: none\">A instala\u00e7\u00e3o e seguran\u00e7a: \u00c9 importante que o produto seja instalado por profissional habilitado. Antes de instalar, desligue a energia el\u00e9trica.<br \/>\nPeso:0,05 kg<br \/>\nGarantia: 90 dias de garantia legal <\/span><\/p>\n","protected":false},"featured_media":25723,"template":"","meta":{"_joinchat":[]},"product_brand":[],"product_cat":[144],"product_tag":[],"class_list":{"0":"post-16909","1":"product","2":"type-product","3":"status-publish","4":"has-post-thumbnail","6":"product_cat-tomadas-e-cia","8":"first","9":"instock","10":"shipping-taxable","11":"purchasable","12":"product-type-simple"},"_links":{"self":[{"href":"https:\/\/www.multicasa.com.br\/cuiaba\/wp-json\/wp\/v2\/product\/16909","targetHints":{"allow":["GET"]}}],"collection":[{"href":"https:\/\/www.multicasa.com.br\/cuiaba\/wp-json\/wp\/v2\/product"}],"about":[{"href":"https:\/\/www.multicasa.com.br\/cuiaba\/wp-json\/wp\/v2\/types\/product"}],"wp:featuredmedia":[{"embeddable":true,"href":"https:\/\/www.multicasa.com.br\/cuiaba\/wp-json\/wp\/v2\/media\/25723"}],"wp:attachment":[{"href":"https:\/\/www.multicasa.com.br\/cuiaba\/wp-json\/wp\/v2\/media?parent=16909"}],"wp:term":[{"taxonomy":"product_brand","embeddable":true,"href":"https:\/\/www.multicasa.com.br\/cuiaba\/wp-json\/wp\/v2\/product_brand?post=16909"},{"taxonomy":"product_cat","embeddable":true,"href":"https:\/\/www.multicasa.com.br\/cuiaba\/wp-json\/wp\/v2\/product_cat?post=16909"},{"taxonomy":"product_tag","embeddable":true,"href":"https:\/\/www.multicasa.com.br\/cuiaba\/wp-json\/wp\/v2\/product_tag?post=16909"}],"curies":[{"name":"wp","href":"https:\/\/api.w.org\/{rel}","templated":true}]}}