{"id":16911,"date":"2025-06-20T19:15:18","date_gmt":"2025-06-20T23:15:18","guid":{"rendered":"http:\/\/www.multicasa.com.br\/cuiaba\/?post_type=product&#038;p=16911"},"modified":"2026-04-22T10:20:26","modified_gmt":"2026-04-22T14:20:26","slug":"placa-aria-4x4-6t-bc-tramontina","status":"publish","type":"product","link":"https:\/\/www.multicasa.com.br\/cuiaba\/produto\/placa-aria-4x4-6t-bc-tramontina\/","title":{"rendered":"PLACA ARIA 4X4 6T BC TRAMONTINA<br>SKU: 2093928"},"content":{"rendered":"<p>A Placa 6 Postos 4&#215;4 Tramontina Aria Branca \u00e9 a escolha perfeita para deixar sua casa ainda mais completa e funcional. Ela \u00e9 fabricada em termopl\u00e1stico com acabamento brilho, caracter\u00edstica que n\u00e3o ret\u00e9m poeira e deixa os ambientes ainda mais agrad\u00e1veis. Sua instala\u00e7\u00e3o \u00e9 muito pr\u00e1tica e ainda proporciona um visual diferenciado, pois n\u00e3o fica aparente, nem torta. Os melhores itens para sua casa, voc\u00ea s\u00f3 encontra com a Tramontina!<\/p>\n","protected":false},"excerpt":{"rendered":"<h4 style=\"margin: 0px;padding: 0px 0px 16px;font-family: Lato, sans-serif;font-weight: bold;line-height: 3rem;color: var(--dark-grey3);font-size: 22px;font-style: normal;letter-spacing: normal;text-align: start;text-indent: 0px;text-transform: none\">Informa\u00e7\u00f5es t\u00e9cnicas<\/h4>\n<p><span style=\"margin: 0px;padding: 0px;font-weight: 450;font-size: 14px;line-height: 21px;color: var(--dark-grey2);font-family: Lato, sans-serif;font-style: normal;letter-spacing: normal;text-align: start;text-indent: 0px;text-transform: none\">A instala\u00e7\u00e3o e seguran\u00e7a: \u00c9 importante que o produto seja instalado por profissional habilitado. Antes de instalar, desligue a energia el\u00e9trica.<br \/>\nPeso: 0,03 kg<br \/>\nGarantia: 90 dias de garantia legal<\/span><\/p>\n","protected":false},"featured_media":25725,"template":"","meta":{"_joinchat":[]},"product_brand":[],"product_cat":[144],"product_tag":[],"class_list":{"0":"post-16911","1":"product","2":"type-product","3":"status-publish","4":"has-post-thumbnail","6":"product_cat-tomadas-e-cia","8":"first","9":"instock","10":"shipping-taxable","11":"purchasable","12":"product-type-simple"},"_links":{"self":[{"href":"https:\/\/www.multicasa.com.br\/cuiaba\/wp-json\/wp\/v2\/product\/16911","targetHints":{"allow":["GET"]}}],"collection":[{"href":"https:\/\/www.multicasa.com.br\/cuiaba\/wp-json\/wp\/v2\/product"}],"about":[{"href":"https:\/\/www.multicasa.com.br\/cuiaba\/wp-json\/wp\/v2\/types\/product"}],"wp:featuredmedia":[{"embeddable":true,"href":"https:\/\/www.multicasa.com.br\/cuiaba\/wp-json\/wp\/v2\/media\/25725"}],"wp:attachment":[{"href":"https:\/\/www.multicasa.com.br\/cuiaba\/wp-json\/wp\/v2\/media?parent=16911"}],"wp:term":[{"taxonomy":"product_brand","embeddable":true,"href":"https:\/\/www.multicasa.com.br\/cuiaba\/wp-json\/wp\/v2\/product_brand?post=16911"},{"taxonomy":"product_cat","embeddable":true,"href":"https:\/\/www.multicasa.com.br\/cuiaba\/wp-json\/wp\/v2\/product_cat?post=16911"},{"taxonomy":"product_tag","embeddable":true,"href":"https:\/\/www.multicasa.com.br\/cuiaba\/wp-json\/wp\/v2\/product_tag?post=16911"}],"curies":[{"name":"wp","href":"https:\/\/api.w.org\/{rel}","templated":true}]}}