{"id":16916,"date":"2025-06-20T19:15:19","date_gmt":"2025-06-20T23:15:19","guid":{"rendered":"http:\/\/www.multicasa.com.br\/cuiaba\/?post_type=product&#038;p=16916"},"modified":"2026-03-31T10:51:12","modified_gmt":"2026-03-31T14:51:12","slug":"caixa-de-gordura-c-tampa-e-cesto-100-tigre","status":"publish","type":"product","link":"https:\/\/www.multicasa.com.br\/cuiaba\/produto\/caixa-de-gordura-c-tampa-e-cesto-100-tigre\/","title":{"rendered":"Caixa De Gordura C\/ Tampa E Cesto 100 Tigre<br>SKU: 2103448"},"content":{"rendered":"<p>Atendendo a especifica\u00e7\u00e3o da norma NBR-8160 de projetos de esgotos, a caixa de gordura da Tigre, que conta com um exclusivo cesto de limpeza que ret\u00e9m at\u00e9 18 litros de gordura, \u00e9 perfeita para sua cozinha residencial. Sua principal fun\u00e7\u00e3o e Receber o esgoto proveniente do ramal da cozinha, possui um sif\u00e3o que ret\u00e9m a gordura dentro da caixa, impedindo que seja conduzida pela tubula\u00e7\u00e3o.<\/p>\n","protected":false},"excerpt":{"rendered":"<h4 style=\"margin: 0px;padding: 0px 0px 16px;font-family: Lato, sans-serif;font-weight: bold;line-height: 3rem;color: var(--dark-grey3);font-size: 22px;font-style: normal;letter-spacing: normal;text-align: start;text-indent: 0px;text-transform: none\">Informa\u00e7\u00f5es t\u00e9cnicas<\/h4>\n<p><span style=\"margin: 0px;padding: 0px;font-weight: 450;font-size: 14px;line-height: 21px;color: var(--dark-grey2);font-family: Lato, sans-serif;font-style: normal;letter-spacing: normal;text-align: start;text-indent: 0px;text-transform: none\">Produto: CAIXA DE GORDURA C\/ TAMPA E CESTO 100<br \/>\nMarca: Tigre<br \/>\nMaterial: corpo PVC e tamba em ABS.<br \/>\nCor: corpo cinza e tampa preto<br \/>\nCaracter\u00edsticas:<br \/>\n* Instala\u00e7\u00e3o simples: basta unir as pe\u00e7as utilizando o Adesivo Pl\u00e1stico Tigre.<br \/>\n* Durabilidade total: a caixa de gordura n\u00e3o se degrada em contato com o esgoto e n\u00e3o sofre ataque qu\u00edmico.<br \/>\n* M\u00e1xima efici\u00eancia: exclusivo cesto de limpeza com al\u00e7a para uso em cozinha residencial que ret\u00e9m at\u00e9 18 litros de gordura.<br \/>\n* Estanqueidade: a caixa de gordura n\u00e3o vaza e impede a infiltra\u00e7\u00e3o de esgoto para o solo.<br \/>\n* Profundidade ajust\u00e1vel: utiliza\u00e7\u00e3o de prolongadores que podem ser cortados a cada 1 cm.<br \/>\n* Acabamento uniforme para o piso: o formato quadrado das Tampas (Refor\u00e7ada e Tampas F\u00f4rmas) facilita o acabamento para qualquer tipo de piso (cimentado, cer\u00e2mico ou pavimentado).<br \/>\n* F\u00e1cil de transportar e de limpar: a embalagem pr\u00e1tica \u00e9 leve e a superf\u00edcie interna lisa n\u00e3o gera incrusta\u00e7\u00f5es de gordura.<\/p>\n<p>Informa\u00e7\u00f5es t\u00e9cnicas:<br \/>\n2 entradas de 50mm e 1 entrada de 75mm;<br \/>\n1 sa\u00edda de 100mm (Juntas de dupla atua\u00e7\u00e3o);<br \/>\n* Temperatura m\u00e1xima: 45\u00b0C;<br \/>\n* Press\u00e3o M\u00e1xima: conduto livre \/ sem press\u00e3o;<br \/>\n* Cont\u00e9m cesto de limpeza com al\u00e7a para auxiliar na retirada dos res\u00edduos s\u00f3lidos (gordura);<br \/>\n* Dimens\u00f5es: 558mm x 300mm;<br \/>\n* Capacidade: 18 litros de gordura, atendendo a uma pia de cozinha residencial.<br \/>\n* Cesto de Limpeza pode ser adquirido separadamente.<\/span><\/p>\n","protected":false},"featured_media":24856,"template":"","meta":{"_joinchat":[]},"product_brand":[],"product_cat":[73],"product_tag":[],"class_list":{"0":"post-16916","1":"product","2":"type-product","3":"status-publish","4":"has-post-thumbnail","6":"product_cat-tubos-e-conexoes","8":"first","9":"instock","10":"shipping-taxable","11":"purchasable","12":"product-type-simple"},"_links":{"self":[{"href":"https:\/\/www.multicasa.com.br\/cuiaba\/wp-json\/wp\/v2\/product\/16916","targetHints":{"allow":["GET"]}}],"collection":[{"href":"https:\/\/www.multicasa.com.br\/cuiaba\/wp-json\/wp\/v2\/product"}],"about":[{"href":"https:\/\/www.multicasa.com.br\/cuiaba\/wp-json\/wp\/v2\/types\/product"}],"wp:featuredmedia":[{"embeddable":true,"href":"https:\/\/www.multicasa.com.br\/cuiaba\/wp-json\/wp\/v2\/media\/24856"}],"wp:attachment":[{"href":"https:\/\/www.multicasa.com.br\/cuiaba\/wp-json\/wp\/v2\/media?parent=16916"}],"wp:term":[{"taxonomy":"product_brand","embeddable":true,"href":"https:\/\/www.multicasa.com.br\/cuiaba\/wp-json\/wp\/v2\/product_brand?post=16916"},{"taxonomy":"product_cat","embeddable":true,"href":"https:\/\/www.multicasa.com.br\/cuiaba\/wp-json\/wp\/v2\/product_cat?post=16916"},{"taxonomy":"product_tag","embeddable":true,"href":"https:\/\/www.multicasa.com.br\/cuiaba\/wp-json\/wp\/v2\/product_tag?post=16916"}],"curies":[{"name":"wp","href":"https:\/\/api.w.org\/{rel}","templated":true}]}}