{"id":16925,"date":"2025-06-20T19:15:26","date_gmt":"2025-06-20T23:15:26","guid":{"rendered":"http:\/\/www.multicasa.com.br\/cuiaba\/?post_type=product&#038;p=16925"},"modified":"2026-03-09T05:44:05","modified_gmt":"2026-03-09T09:44:05","slug":"kit-caixa-acoplada-universal-c-acionador-superio-censi","status":"publish","type":"product","link":"https:\/\/www.multicasa.com.br\/cuiaba\/produto\/kit-caixa-acoplada-universal-c-acionador-superio-censi\/","title":{"rendered":"Kit Caixa Acoplada Universal C\/Acionador Superio Censi<br>SKU: 2105781"},"content":{"rendered":"<p>O Kit para Caixa Acoplada \u00e9 a op\u00e7\u00e3o mais econ\u00f4mica e pr\u00e1tica para quem deseja montar uma caixa acoplada. Compostos pelo Mecanismo de Entrada Master Flux que e um sistema de enchimento inteligente que evita o desperd\u00edcio de \u00e1gua e o Mecanismo de Sa\u00edda Convencional que ajusta a altura atrav\u00e9s do extravasor para Caixa Acoplada e o kt veda\u00e7\u00e3o e fixa\u00e7\u00e3o para caixa acoplada de r\u00e1pida instala\u00e7\u00e3o, n\u00e3o necessitando de ferramentas.<\/p>\n","protected":false},"excerpt":{"rendered":"<h4 style=\"margin: 0px;padding: 0px 0px 16px;font-family: Lato, sans-serif;font-weight: bold;line-height: 3rem;color: var(--dark-grey3);font-size: 22px;font-style: normal;letter-spacing: normal;text-align: start;text-indent: 0px;text-transform: none\">Informa\u00e7\u00f5es t\u00e9cnicas<\/h4>\n<p><span style=\"margin: 0px;padding: 0px;font-weight: 450;font-size: 14px;line-height: 21px;color: var(--dark-grey2);font-family: Lato, sans-serif;font-style: normal;letter-spacing: normal;text-align: start;text-indent: 0px;text-transform: none\">Produto: KIT CX.ACOPL.UNIV.C\/ACION.SUP.CENSI<br \/>\nMarca: Censi<br \/>\nMaterial: Pl\u00e1stico<br \/>\nCor: Branca<br \/>\nCaracter\u00edsticas:<br \/>\n-Sistema de enchimento inteligente.<br \/>\n-Saida convecional.<br \/>\n-Alta resist\u00eancia e durabilidade.<\/p>\n<p>Mecanismo de entrada<br \/>\n-Press\u00e3o m\u00ednima: 0,1 kgf\/cm\u00b2 (1 m.c.a).<br \/>\n-Press\u00e3o m\u00e1xima: 21 kgf\/cm\u00b2 (210 m.c.a).<br \/>\n-Rosca macho 1\/2?.<br \/>\n-N\u00edvel de \u00e1gua ajust\u00e1vel: de 87 mm a 260 mm.<br \/>\n-Altura do mecanismo: de 205 mm a 320 mm.<br \/>\n-F\u00e1cil manuten\u00e7\u00e3o.<\/p>\n<p>Mecanismo de sa\u00edda<br \/>\n-Vaz\u00e3o m\u00ednima: 0 L\/s.<br \/>\n-Vaz\u00e3o m\u00e1xima: 2,1 L\/s.<br \/>\n-Rosca de sa\u00edda: 2? (60 mm).<br \/>\n-Extravasor com altura ajust\u00e1vel (ladr\u00e3o): de 240 mm a 365 mm.<br \/>\n-Acionamento lateral.<\/p>\n<p>Acompanhamentos<br \/>\n-O Kit acompanha vedante e conjunto de fixa\u00e7\u00e3o.<br \/>\n-Aplica\u00e7\u00e3o: caixa acoplada.<\/span><\/p>\n","protected":false},"featured_media":27356,"template":"","meta":{"_joinchat":[]},"product_brand":[],"product_cat":[74],"product_tag":[],"class_list":{"0":"post-16925","1":"product","2":"type-product","3":"status-publish","4":"has-post-thumbnail","6":"product_cat-reparos-hidraulicos","8":"first","9":"instock","10":"shipping-taxable","11":"purchasable","12":"product-type-simple"},"_links":{"self":[{"href":"https:\/\/www.multicasa.com.br\/cuiaba\/wp-json\/wp\/v2\/product\/16925","targetHints":{"allow":["GET"]}}],"collection":[{"href":"https:\/\/www.multicasa.com.br\/cuiaba\/wp-json\/wp\/v2\/product"}],"about":[{"href":"https:\/\/www.multicasa.com.br\/cuiaba\/wp-json\/wp\/v2\/types\/product"}],"wp:featuredmedia":[{"embeddable":true,"href":"https:\/\/www.multicasa.com.br\/cuiaba\/wp-json\/wp\/v2\/media\/27356"}],"wp:attachment":[{"href":"https:\/\/www.multicasa.com.br\/cuiaba\/wp-json\/wp\/v2\/media?parent=16925"}],"wp:term":[{"taxonomy":"product_brand","embeddable":true,"href":"https:\/\/www.multicasa.com.br\/cuiaba\/wp-json\/wp\/v2\/product_brand?post=16925"},{"taxonomy":"product_cat","embeddable":true,"href":"https:\/\/www.multicasa.com.br\/cuiaba\/wp-json\/wp\/v2\/product_cat?post=16925"},{"taxonomy":"product_tag","embeddable":true,"href":"https:\/\/www.multicasa.com.br\/cuiaba\/wp-json\/wp\/v2\/product_tag?post=16925"}],"curies":[{"name":"wp","href":"https:\/\/api.w.org\/{rel}","templated":true}]}}