{"id":16926,"date":"2025-06-20T19:15:26","date_gmt":"2025-06-20T23:15:26","guid":{"rendered":"http:\/\/www.multicasa.com.br\/cuiaba\/?post_type=product&#038;p=16926"},"modified":"2026-02-10T09:50:49","modified_gmt":"2026-02-10T13:50:49","slug":"sifao-tubo-extensivo-flexivel-74cm-cromado-censi","status":"publish","type":"product","link":"https:\/\/www.multicasa.com.br\/cuiaba\/produto\/sifao-tubo-extensivo-flexivel-74cm-cromado-censi\/","title":{"rendered":"Sif\u00e3o Tubo Extensivo Flexivel 74Cm Cromado Censi<br>SKU: 2105827"},"content":{"rendered":"<p>Pe\u00e7a fundamental no sistema hidr\u00e1ulico das resid\u00eancias, o Tubo Extens\u00edvel, popularmente conhecido como sif\u00e3o, \u00e9 instalado em pias, lavat\u00f3rios e tanques e tem a finalidade de escoar a \u00e1gua utilizada nesses locais para a rede de esgoto. Ele \u00e9 o respons\u00e1vel por conectar o ralo com a tubula\u00e7\u00e3o e, al\u00e9m de ser fundamental para o sistema de drenagem, impede que os gases e os maus odores da tubula\u00e7\u00e3o de esgoto voltem para dentro do ambiente. Por isso o sif\u00e3o deve apresentar uma curvatura, onde sempre est\u00e1 armazenada uma pequena quantidade de \u00e1gua, chamada selo d\u00e1gua, ou selo h\u00eddrico, para evitar o retorno de gases, assim como de insetos, ao ralo da pia.<\/p>\n","protected":false},"excerpt":{"rendered":"<h4 style=\"margin: 0px;padding: 0px 0px 16px;font-family: Lato, sans-serif;font-weight: bold;line-height: 3rem;color: var(--dark-grey3);font-size: 22px;font-style: normal;letter-spacing: normal;text-align: start;text-indent: 0px;text-transform: none\">Informa\u00e7\u00f5es t\u00e9cnicas<\/h4>\n<p><span style=\"margin: 0px;padding: 0px;font-weight: 450;font-size: 14px;line-height: 21px;color: var(--dark-grey2);font-family: Lato, sans-serif;font-style: normal;letter-spacing: normal;text-align: start;text-indent: 0px;text-transform: none\">Produto: SIF\u00c3O TUBO EXTEN.FLEX.74CM CR CENASI<br \/>\nMarca: Censi<br \/>\nMaterial: Pl\u00e1stico<br \/>\nCor: Cromado<br \/>\nCaracter\u00edsticas:<br \/>\n-Di\u00e2metro de sa\u00edda: DN 38, 40, 48 e 50.<br \/>\n-Temperatura m\u00ednima: -20 \u00b0C.<br \/>\n-Temperatura m\u00e1xima: 90 \u00b0C.<br \/>\n-Aplica\u00e7\u00e3o: instala\u00e7\u00e3o de pias, lavat\u00f3rios e tanques.<br \/>\n-N\u00e3o aderente a gordura.<br \/>\n-Resistente a altas temperaturas.<br \/>\n-N\u00e3o necessita de ferramentas para intala\u00e7\u00e3o.<br \/>\n-Para pias, lavat\u00f3rios e tanques.<br \/>\nMedidas: 74cm<\/p>\n<p>Acompanha<br \/>\nAcompanha suporte e canopla.<\/span><\/p>\n","protected":false},"featured_media":27482,"template":"","meta":{"_joinchat":[]},"product_brand":[],"product_cat":[74],"product_tag":[],"class_list":{"0":"post-16926","1":"product","2":"type-product","3":"status-publish","4":"has-post-thumbnail","6":"product_cat-reparos-hidraulicos","8":"first","9":"instock","10":"shipping-taxable","11":"purchasable","12":"product-type-simple"},"_links":{"self":[{"href":"https:\/\/www.multicasa.com.br\/cuiaba\/wp-json\/wp\/v2\/product\/16926","targetHints":{"allow":["GET"]}}],"collection":[{"href":"https:\/\/www.multicasa.com.br\/cuiaba\/wp-json\/wp\/v2\/product"}],"about":[{"href":"https:\/\/www.multicasa.com.br\/cuiaba\/wp-json\/wp\/v2\/types\/product"}],"wp:featuredmedia":[{"embeddable":true,"href":"https:\/\/www.multicasa.com.br\/cuiaba\/wp-json\/wp\/v2\/media\/27482"}],"wp:attachment":[{"href":"https:\/\/www.multicasa.com.br\/cuiaba\/wp-json\/wp\/v2\/media?parent=16926"}],"wp:term":[{"taxonomy":"product_brand","embeddable":true,"href":"https:\/\/www.multicasa.com.br\/cuiaba\/wp-json\/wp\/v2\/product_brand?post=16926"},{"taxonomy":"product_cat","embeddable":true,"href":"https:\/\/www.multicasa.com.br\/cuiaba\/wp-json\/wp\/v2\/product_cat?post=16926"},{"taxonomy":"product_tag","embeddable":true,"href":"https:\/\/www.multicasa.com.br\/cuiaba\/wp-json\/wp\/v2\/product_tag?post=16926"}],"curies":[{"name":"wp","href":"https:\/\/api.w.org\/{rel}","templated":true}]}}