{"id":16932,"date":"2025-06-20T19:15:27","date_gmt":"2025-06-20T23:15:27","guid":{"rendered":"http:\/\/www.multicasa.com.br\/cuiaba\/?post_type=product&#038;p=16932"},"modified":"2025-10-27T12:43:49","modified_gmt":"2025-10-27T16:43:49","slug":"tomada-dupla-2pinosterra-20a-sem-placa-lumibras","status":"publish","type":"product","link":"https:\/\/www.multicasa.com.br\/cuiaba\/produto\/tomada-dupla-2pinosterra-20a-sem-placa-lumibras\/","title":{"rendered":"Tomada Dupla 2Pinos+Terra 20A Sem Placa Lumibras<br>SKU: 2107390"},"content":{"rendered":"<p>A tomada dupla 2p+t de 20A e uma tomada de uso espec\u00edfico, para aparelhos dom\u00e9sticos com corrente el\u00e9trica de no m\u00e1ximo at\u00e9 20A. <\/p>\n","protected":false},"excerpt":{"rendered":"<h4 style=\"margin: 0px;padding: 0px 0px 16px;font-family: Lato, sans-serif;font-weight: bold;line-height: 3rem;color: var(--dark-grey3);font-size: 22px;font-style: normal;letter-spacing: normal;text-align: start;text-indent: 0px;text-transform: none\">Informa\u00e7\u00f5es t\u00e9cnicas<\/h4>\n<p><span style=\"margin: 0px;padding: 0px;font-weight: 450;font-size: 14px;line-height: 21px;color: var(--dark-grey2);font-family: Lato, sans-serif;font-style: normal;letter-spacing: normal;text-align: start;text-indent: 0px;text-transform: none\">Produto: TOMADA DUPLA.2P+T 20A S\/PL LUMBRA<br \/>\nMarca: lumibras<br \/>\nMaterial: Pl\u00e1stico<br \/>\nCor: Verde<br \/>\nCaracter\u00edsticas<br \/>\n&#8211; Tens\u00e3o El\u00e9trica : 250V<br \/>\n&#8211; Acompanha Placa: N\u00e3o<br \/>\n&#8211; Corrente El\u00e9trica: 20A<br \/>\n&#8211; Produto: Conjunto<br \/>\n&#8211; Quantidade de P\u00f3los: 2 p\u00f3los+terra<br \/>\n&#8211; Quantidade de M\u00f3dulos: 2 m\u00f3dulos<br \/>\n&#8211; Quantidade de Tomadas: 2 tomadas<br \/>\n&#8211; Uso Indicado: Energia<br \/>\n&#8211; Posi\u00e7\u00e3o do M\u00f3dulo: horizontal<br \/>\n&#8211; Tipo: Tomada<br \/>\nDimens\u00f5es<br \/>\nAltura: 10cm<br \/>\nComprimento: 4cm<br \/>\nLargura: 4cm<\/span><\/p>\n","protected":false},"featured_media":26100,"template":"","meta":{"_joinchat":[]},"product_brand":[],"product_cat":[144],"product_tag":[],"class_list":{"0":"post-16932","1":"product","2":"type-product","3":"status-publish","4":"has-post-thumbnail","6":"product_cat-tomadas-e-cia","8":"first","9":"instock","10":"shipping-taxable","11":"purchasable","12":"product-type-simple"},"_links":{"self":[{"href":"https:\/\/www.multicasa.com.br\/cuiaba\/wp-json\/wp\/v2\/product\/16932","targetHints":{"allow":["GET"]}}],"collection":[{"href":"https:\/\/www.multicasa.com.br\/cuiaba\/wp-json\/wp\/v2\/product"}],"about":[{"href":"https:\/\/www.multicasa.com.br\/cuiaba\/wp-json\/wp\/v2\/types\/product"}],"wp:featuredmedia":[{"embeddable":true,"href":"https:\/\/www.multicasa.com.br\/cuiaba\/wp-json\/wp\/v2\/media\/26100"}],"wp:attachment":[{"href":"https:\/\/www.multicasa.com.br\/cuiaba\/wp-json\/wp\/v2\/media?parent=16932"}],"wp:term":[{"taxonomy":"product_brand","embeddable":true,"href":"https:\/\/www.multicasa.com.br\/cuiaba\/wp-json\/wp\/v2\/product_brand?post=16932"},{"taxonomy":"product_cat","embeddable":true,"href":"https:\/\/www.multicasa.com.br\/cuiaba\/wp-json\/wp\/v2\/product_cat?post=16932"},{"taxonomy":"product_tag","embeddable":true,"href":"https:\/\/www.multicasa.com.br\/cuiaba\/wp-json\/wp\/v2\/product_tag?post=16932"}],"curies":[{"name":"wp","href":"https:\/\/api.w.org\/{rel}","templated":true}]}}