{"id":16939,"date":"2025-06-20T19:15:28","date_gmt":"2025-06-20T23:15:28","guid":{"rendered":"http:\/\/www.multicasa.com.br\/cuiaba\/?post_type=product&#038;p=16939"},"modified":"2026-02-14T10:50:08","modified_gmt":"2026-02-14T14:50:08","slug":"cabo-de-rede-lan-cat6-cmx-m-vermelho-azul-n-j-p","status":"publish","type":"product","link":"https:\/\/www.multicasa.com.br\/cuiaba\/produto\/cabo-de-rede-lan-cat6-cmx-m-vermelho-azul-n-j-p\/","title":{"rendered":"Cabo De Rede Lan Cat6 Cmx (M) Vermelho\/Azul N.J.P<br>SKU: 2117541"},"content":{"rendered":"<p>Cabo de rede Furukawa Tenha um projeto de rede com alta velocidade de transmiss\u00e3o e com garantia na tranfer\u00eancia de dados. Conta com cabos produzidos com 4 pares tran\u00e7ados compostos de condutores s\u00f3lidos de cobre nu, 24 AWG e isolados em polietileno especial. O cabo de internet conta tamb\u00e9m com capa em PVC retardante a chamas. Os cabos Sohoplus s\u00e3o fabricados pela Furukawa, oferecendo garantia e qualidade aos seus projetos.<\/p>\n","protected":false},"excerpt":{"rendered":"<h4 style=\"margin: 0px;padding: 0px 0px 16px;font-family: Lato, sans-serif;font-weight: bold;line-height: 3rem;color: var(--dark-grey3);font-size: 22px;font-style: normal;letter-spacing: normal;text-align: start;text-indent: 0px;text-transform: none\">Informa\u00e7\u00f5es t\u00e9cnicas<\/h4>\n<p><span style=\"margin: 0px;padding: 0px;font-weight: 450;font-size: 14px;line-height: 21px;color: var(--dark-grey2);font-family: Lato, sans-serif;font-style: normal;letter-spacing: normal;text-align: start;text-indent: 0px;text-transform: none\">Produto: CABO DE REDE LAN CAT6 CMX (M)<br \/>\nMarca: N.J.P. COMERCIO LTDA<br \/>\nMaterial: PVC retardante a chama.<br \/>\nCor: Vermelho\/azul<br \/>\nCaracter\u00edsticas<br \/>\n\u0095 Categoria: CAT.6;<br \/>\n\u0095 Constru\u00e7\u00e3o: U\/UTP \u0096 4 pares tran\u00e7ados compostos de condutores s\u00f3lidos de cobre nu, 24 AWG, isolados em polietileno especial;<br \/>\n\u0095 Cor padr\u00e3o: Azul claro;<br \/>\n\u0095 Capa externa: PVC nas op\u00e7\u00f5es CM e CMX;<br \/>\n\u0095 Di\u00e2metro nominal: 6,0 mm;<br \/>\n\u0095 Massa l\u00edquida: 42 kg\/km<br \/>\n\u0095 NVP (Velocidade Nominal de Propaga\u00e7\u00e3o): 68%;<br \/>\n\u0095 Produto que atende as pol\u00edticas de respeito ao meio ambiente.<br \/>\nDi\u00e2metro nominal<br \/>\n6,0mm.<\/span><\/p>\n","protected":false},"featured_media":24750,"template":"","meta":{"_joinchat":[]},"product_brand":[],"product_cat":[121],"product_tag":[],"class_list":{"0":"post-16939","1":"product","2":"type-product","3":"status-publish","4":"has-post-thumbnail","6":"product_cat-fios-e-cabo","8":"first","9":"instock","10":"shipping-taxable","11":"purchasable","12":"product-type-simple"},"_links":{"self":[{"href":"https:\/\/www.multicasa.com.br\/cuiaba\/wp-json\/wp\/v2\/product\/16939","targetHints":{"allow":["GET"]}}],"collection":[{"href":"https:\/\/www.multicasa.com.br\/cuiaba\/wp-json\/wp\/v2\/product"}],"about":[{"href":"https:\/\/www.multicasa.com.br\/cuiaba\/wp-json\/wp\/v2\/types\/product"}],"wp:featuredmedia":[{"embeddable":true,"href":"https:\/\/www.multicasa.com.br\/cuiaba\/wp-json\/wp\/v2\/media\/24750"}],"wp:attachment":[{"href":"https:\/\/www.multicasa.com.br\/cuiaba\/wp-json\/wp\/v2\/media?parent=16939"}],"wp:term":[{"taxonomy":"product_brand","embeddable":true,"href":"https:\/\/www.multicasa.com.br\/cuiaba\/wp-json\/wp\/v2\/product_brand?post=16939"},{"taxonomy":"product_cat","embeddable":true,"href":"https:\/\/www.multicasa.com.br\/cuiaba\/wp-json\/wp\/v2\/product_cat?post=16939"},{"taxonomy":"product_tag","embeddable":true,"href":"https:\/\/www.multicasa.com.br\/cuiaba\/wp-json\/wp\/v2\/product_tag?post=16939"}],"curies":[{"name":"wp","href":"https:\/\/api.w.org\/{rel}","templated":true}]}}