{"id":16958,"date":"2025-06-20T19:15:36","date_gmt":"2025-06-20T23:15:36","guid":{"rendered":"http:\/\/www.multicasa.com.br\/cuiaba\/?post_type=product&#038;p=16958"},"modified":"2025-12-18T12:30:06","modified_gmt":"2025-12-18T16:30:06","slug":"ralo-linear-invisivel-5x90cm-tigre","status":"publish","type":"product","link":"https:\/\/www.multicasa.com.br\/cuiaba\/produto\/ralo-linear-invisivel-5x90cm-tigre\/","title":{"rendered":"Ralo Linear Invisivel 5X90Cm Tigre<br>SKU: 2122802"},"content":{"rendered":"<p>Dispon\u00edvel nos tamanhos 50 cm, 70 cm e 90 cm, o ralo de banheiro linear garante o melhor escoamento dos despejos l\u00edquidos. Bonito e pr\u00e1tico, ele \u00e9 indicado para banheiros e lavanderias, sendo perfeito para ambientes que pedem efici\u00eancia e discri\u00e7\u00e3o.<\/p>\n","protected":false},"excerpt":{"rendered":"<h4 style=\"margin: 0px;padding: 0px 0px 16px;font-family: Lato, sans-serif;font-weight: bold;line-height: 3rem;color: var(--dark-grey3);font-size: 22px;font-style: normal;letter-spacing: normal;text-align: start;text-indent: 0px;text-transform: none\">Informa\u00e7\u00f5es t\u00e9cnicas<\/h4>\n<p><span style=\"margin: 0px;padding: 0px;font-weight: 450;font-size: 14px;line-height: 21px;color: var(--dark-grey2);font-family: Lato, sans-serif;font-style: normal;letter-spacing: normal;text-align: start;text-indent: 0px;text-transform: none\">Produto: RALO LINEAR INVISIVEL 5X90CM BC TI<br \/>\nMarca: Tigre<br \/>\nMaterial: PVC<br \/>\nCor: Branco<br \/>\nCaracter\u00edsticas<br \/>\n&#8211; Resist\u00eancia superior &#8211; estanqueidade total, sem vazamentos;<br \/>\nInstala\u00e7\u00e3o simples &#8211; f\u00e1cil de instalar, vers\u00e1til e pode ser usado para o despejo de \u00e1gua do lavabo ou tanques de lavanderias.<br \/>\nDimens\u00e3o<br \/>\n90 cm<br \/>\nA:52\tD: 40\tL: 942<\/span><\/p>\n","protected":false},"featured_media":25883,"template":"","meta":{"_joinchat":[]},"product_brand":[],"product_cat":[73],"product_tag":[],"class_list":{"0":"post-16958","1":"product","2":"type-product","3":"status-publish","4":"has-post-thumbnail","6":"product_cat-tubos-e-conexoes","8":"first","9":"instock","10":"shipping-taxable","11":"purchasable","12":"product-type-simple"},"_links":{"self":[{"href":"https:\/\/www.multicasa.com.br\/cuiaba\/wp-json\/wp\/v2\/product\/16958","targetHints":{"allow":["GET"]}}],"collection":[{"href":"https:\/\/www.multicasa.com.br\/cuiaba\/wp-json\/wp\/v2\/product"}],"about":[{"href":"https:\/\/www.multicasa.com.br\/cuiaba\/wp-json\/wp\/v2\/types\/product"}],"wp:featuredmedia":[{"embeddable":true,"href":"https:\/\/www.multicasa.com.br\/cuiaba\/wp-json\/wp\/v2\/media\/25883"}],"wp:attachment":[{"href":"https:\/\/www.multicasa.com.br\/cuiaba\/wp-json\/wp\/v2\/media?parent=16958"}],"wp:term":[{"taxonomy":"product_brand","embeddable":true,"href":"https:\/\/www.multicasa.com.br\/cuiaba\/wp-json\/wp\/v2\/product_brand?post=16958"},{"taxonomy":"product_cat","embeddable":true,"href":"https:\/\/www.multicasa.com.br\/cuiaba\/wp-json\/wp\/v2\/product_cat?post=16958"},{"taxonomy":"product_tag","embeddable":true,"href":"https:\/\/www.multicasa.com.br\/cuiaba\/wp-json\/wp\/v2\/product_tag?post=16958"}],"curies":[{"name":"wp","href":"https:\/\/api.w.org\/{rel}","templated":true}]}}