{"id":16969,"date":"2025-06-20T19:15:37","date_gmt":"2025-06-20T23:15:37","guid":{"rendered":"http:\/\/www.multicasa.com.br\/cuiaba\/?post_type=product&#038;p=16969"},"modified":"2025-11-26T14:15:08","modified_gmt":"2025-11-26T18:15:08","slug":"placa-4x4-6-postos-grafite-liz","status":"publish","type":"product","link":"https:\/\/www.multicasa.com.br\/cuiaba\/produto\/placa-4x4-6-postos-grafite-liz\/","title":{"rendered":"PLACA 4X4 6 POSTOS GRAFITE LIZ<br>SKU: 2134920"},"content":{"rendered":"<p>Leve toda a beleza da Placa 6 Postos 4&#215;4 Tramontina Liz Grafite para dentro da sua casa. Na elegante cor grafite \u00e9 produzida em termopl\u00e1stico e possui acabamento brilho, que n\u00e3o ret\u00e9m poeira, garantindo mais praticidade ao produto. Possui modelo 4&#215;4 e configura\u00e7\u00e3o 6 postos horizontais para utiliza\u00e7\u00e3o dos m\u00f3dulos da Linha Liz. Apresenta ainda sistema modular em duas pe\u00e7as: placa e suporte, tendo um ajuste entre ambos que torna o acabamento entre a placa e a parede muito mais perfeito. Possui furo oblongo que facilita a fixa\u00e7\u00e3o e a regulagem da placa \u00e0 parede. Para um visual ainda mais especial, a fixa\u00e7\u00e3o n\u00e3o \u00e9 aparente e ela pode ser substitu\u00edda por outras cores da linha. Al\u00e9m disso, pode ser fixada em paredes de madeira. Uma pe\u00e7a diferenciada para embelezar os ambientes. Acompanha suporte e parafusos para a instala\u00e7\u00e3o.<\/p>\n","protected":false},"excerpt":{"rendered":"<h4 style=\"margin: 0px;padding: 0px 0px 16px;font-family: Lato, sans-serif;font-weight: bold;line-height: 3rem;color: var(--dark-grey3);font-size: 22px;font-style: normal;letter-spacing: normal;text-align: start;text-indent: 0px;text-transform: none\">Informa\u00e7\u00f5es t\u00e9cnicas<\/h4>\n<p><span style=\"margin: 0px;padding: 0px;font-weight: 450;font-size: 14px;line-height: 21px;color: var(--dark-grey2);font-family: Lato, sans-serif;font-style: normal;letter-spacing: normal;text-align: start;text-indent: 0px;text-transform: none\">Acabamento brilho na cor grafite.<\/span><\/p>\n","protected":false},"featured_media":27443,"template":"","meta":{"_joinchat":[]},"product_brand":[],"product_cat":[144],"product_tag":[],"class_list":{"0":"post-16969","1":"product","2":"type-product","3":"status-publish","4":"has-post-thumbnail","6":"product_cat-tomadas-e-cia","8":"first","9":"instock","10":"shipping-taxable","11":"purchasable","12":"product-type-simple"},"_links":{"self":[{"href":"https:\/\/www.multicasa.com.br\/cuiaba\/wp-json\/wp\/v2\/product\/16969","targetHints":{"allow":["GET"]}}],"collection":[{"href":"https:\/\/www.multicasa.com.br\/cuiaba\/wp-json\/wp\/v2\/product"}],"about":[{"href":"https:\/\/www.multicasa.com.br\/cuiaba\/wp-json\/wp\/v2\/types\/product"}],"wp:featuredmedia":[{"embeddable":true,"href":"https:\/\/www.multicasa.com.br\/cuiaba\/wp-json\/wp\/v2\/media\/27443"}],"wp:attachment":[{"href":"https:\/\/www.multicasa.com.br\/cuiaba\/wp-json\/wp\/v2\/media?parent=16969"}],"wp:term":[{"taxonomy":"product_brand","embeddable":true,"href":"https:\/\/www.multicasa.com.br\/cuiaba\/wp-json\/wp\/v2\/product_brand?post=16969"},{"taxonomy":"product_cat","embeddable":true,"href":"https:\/\/www.multicasa.com.br\/cuiaba\/wp-json\/wp\/v2\/product_cat?post=16969"},{"taxonomy":"product_tag","embeddable":true,"href":"https:\/\/www.multicasa.com.br\/cuiaba\/wp-json\/wp\/v2\/product_tag?post=16969"}],"curies":[{"name":"wp","href":"https:\/\/api.w.org\/{rel}","templated":true}]}}