{"id":17008,"date":"2025-06-20T19:15:59","date_gmt":"2025-06-20T23:15:59","guid":{"rendered":"http:\/\/www.multicasa.com.br\/cuiaba\/?post_type=product&#038;p=17008"},"modified":"2025-10-14T17:13:40","modified_gmt":"2025-10-14T21:13:40","slug":"fita-led-12v-18w-6-0k-5m-gaya","status":"publish","type":"product","link":"https:\/\/www.multicasa.com.br\/cuiaba\/produto\/fita-led-12v-18w-6-0k-5m-gaya\/","title":{"rendered":"Fita Led 12V 18W 6.0K 5M Gaya<br>SKU: 2146703"},"content":{"rendered":"<p>O principal objetivo do uso da fita de LED \u00e9 real\u00e7ar elementos da arquitetura e da decora\u00e7\u00e3o com uma luz suave, discreta e indireta. Sendo assim, os locais preferidos para a coloca\u00e7\u00e3o do material s\u00e3o as sancas de gesso, corredores, escadas, m\u00f3veis, espelhos e nichos.<\/p>\n","protected":false},"excerpt":{"rendered":"<h4 style=\"margin: 0px;padding: 0px 0px 16px;font-family: Lato, sans-serif;font-weight: bold;line-height: 3rem;color: var(--dark-grey3);font-size: 22px;font-style: normal;letter-spacing: normal;text-align: start;text-indent: 0px;text-transform: none\">Informa\u00e7\u00f5es t\u00e9cnicas<\/h4>\n<p><span style=\"margin: 0px;padding: 0px;font-weight: 450;font-size: 14px;line-height: 21px;color: var(--dark-grey2);font-family: Lato, sans-serif;font-style: normal;letter-spacing: normal;text-align: start;text-indent: 0px;text-transform: none\">Produto: FITA LED 12V 18W 6.0K 5M GAYA<br \/>\nMarca: Gaya<br \/>\nMaterial: Pl\u00e1stico<br \/>\nCor: Preta<br \/>\nCaracter\u00edsticas<br \/>\n&#8211; Pot\u00eancia: 18W;<br \/>\n&#8211; Fluxo luminoso do LED: 1800 L\u00famens por metro<br \/>\n&#8211; IRC: &gt;70<br \/>\n&#8211; Grau de prote\u00e7\u00e3o: IP20<br \/>\n&#8211; Frequ\u00eancia: 50Hz\/60Hz<br \/>\n&#8211; Temperatura ambiente: -20  +40\u00b0C<br \/>\n&#8211; Vida \u00fatil do LED: 10.000 Horas<\/p>\n<p>Dimens\u00e3o: 5m x 10mm <\/span><\/p>\n","protected":false},"featured_media":25213,"template":"","meta":{"_joinchat":[]},"product_brand":[],"product_cat":[157],"product_tag":[],"class_list":{"0":"post-17008","1":"product","2":"type-product","3":"status-publish","4":"has-post-thumbnail","6":"product_cat-leds-decorativos","8":"first","9":"instock","10":"shipping-taxable","11":"purchasable","12":"product-type-simple"},"_links":{"self":[{"href":"https:\/\/www.multicasa.com.br\/cuiaba\/wp-json\/wp\/v2\/product\/17008","targetHints":{"allow":["GET"]}}],"collection":[{"href":"https:\/\/www.multicasa.com.br\/cuiaba\/wp-json\/wp\/v2\/product"}],"about":[{"href":"https:\/\/www.multicasa.com.br\/cuiaba\/wp-json\/wp\/v2\/types\/product"}],"wp:featuredmedia":[{"embeddable":true,"href":"https:\/\/www.multicasa.com.br\/cuiaba\/wp-json\/wp\/v2\/media\/25213"}],"wp:attachment":[{"href":"https:\/\/www.multicasa.com.br\/cuiaba\/wp-json\/wp\/v2\/media?parent=17008"}],"wp:term":[{"taxonomy":"product_brand","embeddable":true,"href":"https:\/\/www.multicasa.com.br\/cuiaba\/wp-json\/wp\/v2\/product_brand?post=17008"},{"taxonomy":"product_cat","embeddable":true,"href":"https:\/\/www.multicasa.com.br\/cuiaba\/wp-json\/wp\/v2\/product_cat?post=17008"},{"taxonomy":"product_tag","embeddable":true,"href":"https:\/\/www.multicasa.com.br\/cuiaba\/wp-json\/wp\/v2\/product_tag?post=17008"}],"curies":[{"name":"wp","href":"https:\/\/api.w.org\/{rel}","templated":true}]}}