{"id":17009,"date":"2025-06-20T19:15:59","date_gmt":"2025-06-20T23:15:59","guid":{"rendered":"http:\/\/www.multicasa.com.br\/cuiaba\/?post_type=product&#038;p=17009"},"modified":"2025-12-30T11:00:21","modified_gmt":"2025-12-30T15:00:21","slug":"fita-led-smart-12v-10w-ip20-5m-rgb-gaya","status":"publish","type":"product","link":"https:\/\/www.multicasa.com.br\/cuiaba\/produto\/fita-led-smart-12v-10w-ip20-5m-rgb-gaya\/","title":{"rendered":"Fita Led Smart 12V 10W IP20 5M RGB Gaya<br>SKU: 2146896"},"content":{"rendered":"<p>A Fita Led Smart permite o ajuste da intensidade luminosa e a programa\u00e7\u00e3o de hor\u00e1rios; \u00e9 compat\u00edvel com Alexa e Google Assistente; possui bluetooth. Controle de qualquer lugar atrav\u00e9s do App &#8220;Gaya Smart&#8221;;<\/p>\n","protected":false},"excerpt":{"rendered":"<h4 style=\"margin: 0px;padding: 0px 0px 16px;font-family: Lato, sans-serif;font-weight: bold;line-height: 3rem;color: var(--dark-grey3);font-size: 22px;font-style: normal;letter-spacing: normal;text-align: start;text-indent: 0px;text-transform: none\">Informa\u00e7\u00f5es t\u00e9cnicas<\/h4>\n<p><span style=\"margin: 0px;padding: 0px;font-weight: 450;font-size: 14px;line-height: 21px;color: var(--dark-grey2);font-family: Lato, sans-serif;font-style: normal;letter-spacing: normal;text-align: start;text-indent: 0px;text-transform: none\">&#8211; Pot\u00eancia: 5W por metro<br \/>\n&#8211; Fluxo luminoso do LED: 350 L\u00famens por metro<br \/>\n&#8211; Temperatura de cor: RGB + CCT<br \/>\n&#8211; Fonte de luz: SMD 2835 + SMD 5050<br \/>\n&#8211; Grau de prote\u00e7\u00e3o: IP20<br \/>\n&#8211; Acompanha controle Wifi<br \/>\n&#8211; Peso: 140g<br \/>\n&#8211; Dimens\u00f5es: 5m x 12mm<br \/>\n&#8211; Compat\u00edvel com Alexa e Google Assistente;<\/span><\/p>\n","protected":false},"featured_media":25214,"template":"","meta":{"_joinchat":[]},"product_brand":[],"product_cat":[157],"product_tag":[],"class_list":{"0":"post-17009","1":"product","2":"type-product","3":"status-publish","4":"has-post-thumbnail","6":"product_cat-leds-decorativos","8":"first","9":"instock","10":"shipping-taxable","11":"purchasable","12":"product-type-simple"},"_links":{"self":[{"href":"https:\/\/www.multicasa.com.br\/cuiaba\/wp-json\/wp\/v2\/product\/17009","targetHints":{"allow":["GET"]}}],"collection":[{"href":"https:\/\/www.multicasa.com.br\/cuiaba\/wp-json\/wp\/v2\/product"}],"about":[{"href":"https:\/\/www.multicasa.com.br\/cuiaba\/wp-json\/wp\/v2\/types\/product"}],"wp:featuredmedia":[{"embeddable":true,"href":"https:\/\/www.multicasa.com.br\/cuiaba\/wp-json\/wp\/v2\/media\/25214"}],"wp:attachment":[{"href":"https:\/\/www.multicasa.com.br\/cuiaba\/wp-json\/wp\/v2\/media?parent=17009"}],"wp:term":[{"taxonomy":"product_brand","embeddable":true,"href":"https:\/\/www.multicasa.com.br\/cuiaba\/wp-json\/wp\/v2\/product_brand?post=17009"},{"taxonomy":"product_cat","embeddable":true,"href":"https:\/\/www.multicasa.com.br\/cuiaba\/wp-json\/wp\/v2\/product_cat?post=17009"},{"taxonomy":"product_tag","embeddable":true,"href":"https:\/\/www.multicasa.com.br\/cuiaba\/wp-json\/wp\/v2\/product_tag?post=17009"}],"curies":[{"name":"wp","href":"https:\/\/api.w.org\/{rel}","templated":true}]}}